{"id":26654,"date":"2021-02-21T15:02:21","date_gmt":"2021-02-21T15:02:21","guid":{"rendered":"https:\/\/www.autonvaraosahaku.fi\/?product=bilstein-22-151056-iskunvaimennin"},"modified":"2021-02-21T15:02:23","modified_gmt":"2021-02-21T15:02:23","slug":"bilstein-22-151056-iskunvaimennin","status":"publish","type":"product","link":"https:\/\/www.autonvaraosahaku.fi\/?product=bilstein-22-151056-iskunvaimennin","title":{"rendered":"BILSTEIN 22-151056 Iskunvaimennin"},"content":{"rendered":"<p>Asennuspuoli: Etuakseli; Iskunvaimennin tyyppi: Kaasupaine; Iskunvaimennin malli: Joustintuki; Jousijalan ulkohalkaisija [mm]: 55; Iskunvaimennusj\u00e4rjestelm\u00e4: Kaksiputki; Tuotelinja: &#8211; B4 OE Replacement; Alustarakenne: f\u00fcr Fahrzeuge mit Standard Fahrwerk; VW: PASSAT Variant 3C5,PASSAT 3C2,PASSAT Variant 365,PASSAT CC 357,PASSAT 362,CC 358,PASSAT ALLTRACK 365,PASSAT A32; SKODA: SUPERB Kombi 3T5,SUPERB 3T4; 3C0413031A, 3C0413031AA, 3C0413031AB, 3C0413031AC, 3C0413031AE, 3C0413031AH, 3C0413031AJ, 3C0413031AL, 3C0413031AQ, 3C0413031AS, 3C0413031AT, 3C0413031E, 3C0413031J, 3C0413031L, 3CD413031B, 561413031H, 561413031K; Iskarit,Iskunvaimennin<\/p>\n","protected":false},"excerpt":{"rendered":"<p>BILSTEIN Iskunvaimentimet 22-151056 Iskarit,Iskunvaimennin VW,SKODA,PASSAT Variant 3C5,PASSAT 3C2,PASSAT Variant 365,PASSAT CC 357,PASSAT 362,CC 358<\/p>\n","protected":false},"featured_media":0,"template":"","meta":{"site-sidebar-layout":"default","site-content-layout":"default","ast-global-header-display":"","ast-main-header-display":"","ast-hfb-above-header-display":"","ast-hfb-below-header-display":"","ast-hfb-mobile-header-display":"","site-post-title":"","ast-breadcrumbs-content":"","ast-featured-img":"","footer-sml-layout":"","theme-transparent-header-meta":"","adv-header-id-meta":"","stick-header-meta":"","header-above-stick-meta":"","header-main-stick-meta":"","header-below-stick-meta":""},"pwb-brand":[114],"product_cat":[80],"product_tag":[],"class_list":{"0":"post-26654","1":"product","2":"type-product","3":"status-publish","5":"pwb-brand-bilstein","6":"product_cat-iskunvaimennin","7":"desktop-align-left","8":"tablet-align-left","9":"mobile-align-left","11":"first","12":"instock","13":"product-type-external"},"brands":[{"id":114,"name":"BILSTEIN","slug":"bilstein"}],"_links":{"self":[{"href":"https:\/\/www.autonvaraosahaku.fi\/index.php?rest_route=\/wp\/v2\/product\/26654","targetHints":{"allow":["GET"]}}],"collection":[{"href":"https:\/\/www.autonvaraosahaku.fi\/index.php?rest_route=\/wp\/v2\/product"}],"about":[{"href":"https:\/\/www.autonvaraosahaku.fi\/index.php?rest_route=\/wp\/v2\/types\/product"}],"wp:attachment":[{"href":"https:\/\/www.autonvaraosahaku.fi\/index.php?rest_route=%2Fwp%2Fv2%2Fmedia&parent=26654"}],"wp:term":[{"taxonomy":"pwb-brand","embeddable":true,"href":"https:\/\/www.autonvaraosahaku.fi\/index.php?rest_route=%2Fwp%2Fv2%2Fpwb-brand&post=26654"},{"taxonomy":"product_cat","embeddable":true,"href":"https:\/\/www.autonvaraosahaku.fi\/index.php?rest_route=%2Fwp%2Fv2%2Fproduct_cat&post=26654"},{"taxonomy":"product_tag","embeddable":true,"href":"https:\/\/www.autonvaraosahaku.fi\/index.php?rest_route=%2Fwp%2Fv2%2Fproduct_tag&post=26654"}],"curies":[{"name":"wp","href":"https:\/\/api.w.org\/{rel}","templated":true}]}}