{"id":26658,"date":"2021-02-21T15:02:21","date_gmt":"2021-02-21T15:02:21","guid":{"rendered":"https:\/\/www.autonvaraosahaku.fi\/?product=elring-354-030-venttiilikopan-tiiviste"},"modified":"2021-02-21T15:02:24","modified_gmt":"2021-02-21T15:02:24","slug":"elring-354-030-venttiilikopan-tiiviste","status":"publish","type":"product","link":"https:\/\/www.autonvaraosahaku.fi\/?product=elring-354-030-venttiilikopan-tiiviste","title":{"rendered":"ELRING 354.030 Venttiilikopan tiiviste"},"content":{"rendered":"<p>TECDOC-moottorinumero: 29471; DAEWOO: NEXIA Stufenheck KLETN; CHEVROLET: ORLANDO J309,CRUZE J300,AVEO Schr\u00e4gheck T250, T255,CRUZE Station Wagon J308,AVEO Schr\u00e4gheck T300,CRUZE Schr\u00e4gheck J305,TRAX,AVEO Stufenheck T250, T255,AVEO Stufenheck T300; OPEL: CORSA D,ZAFIRA B A05,ASTRA H Caravan L35,MERIVA,ASTRA H L48,ASTRA J Sports Tourer,INSIGNIA Caravan,VECTRA C Caravan,ASTRA J,ASTRA H GTC L08,SIGNUM,VECTRA C,ZAFIRA TOURER C P12,MOKKA,VECTRA C GTS,ASTRA H TwinTop L67,INSIGNIA,INSIGNIA Stufenheck,ZAFIRA B Van,ASTRA GTC J,ASTRA J Stufenheck,CORSA D Van,ASTRA H Stufenheck L69,ASTRA H Kasten L70,CORSA E,ASTRA CLASSIC Caravan,ASTRA CLASSIC L48,ASTRA CLASSIC Stufenheck; SAAB: 9-5 YS3G; ALFA ROMEO: 159 Sportwagon 939,159 939; FIAT: CROMA 194; BUICK (SGM): REGAL II; VAUXHALL: CORSA Mk III D L_8,INSIGNIA Mk I A,ZAFIRA Mk II B M75,ASTRA Mk V H CC,VECTRA Mk II C CC,INSIGNIA Mk I A Estate,ASTRA Mk V H Estate,ZAFIRA Mk III P12,VECTRA Mk II C Estate,ASTRA Mk V H Convertible,VECTRA Mk II C,ASTRA Mk VI J CC,ASTRA Mk VI J,INSIGNIA Mk I A Sedan,SIGNUM,MERIVA Mk I A,ASTRA Mk VI J Sedan,ASTRA Mk VI J Estate,MOKKA,CORSA Mk IV E; 55354237, 55354237, 55354237, 5607980, 55354237; Tiiviste, Venttiilikoppa<\/p>\n","protected":false},"excerpt":{"rendered":"<p>ELRING Venttiilikopan Tiiviste 354.030 Tiiviste, Venttiilikoppa DAEWOO,CHEVROLET,OPEL,NEXIA Stufenheck KLETN,ORLANDO J309,CRUZE J300<\/p>\n","protected":false},"featured_media":0,"template":"","meta":{"site-sidebar-layout":"default","site-content-layout":"default","ast-global-header-display":"","ast-main-header-display":"","ast-hfb-above-header-display":"","ast-hfb-below-header-display":"","ast-hfb-mobile-header-display":"","site-post-title":"","ast-breadcrumbs-content":"","ast-featured-img":"","footer-sml-layout":"","theme-transparent-header-meta":"","adv-header-id-meta":"","stick-header-meta":"","header-above-stick-meta":"","header-main-stick-meta":"","header-below-stick-meta":""},"pwb-brand":[26],"product_cat":[44],"product_tag":[],"class_list":{"0":"post-26658","1":"product","2":"type-product","3":"status-publish","5":"pwb-brand-elring","6":"product_cat-venttiilikopan-tiiviste","7":"desktop-align-left","8":"tablet-align-left","9":"mobile-align-left","11":"first","12":"instock","13":"product-type-external"},"brands":[{"id":26,"name":"ELRING","slug":"elring"}],"_links":{"self":[{"href":"https:\/\/www.autonvaraosahaku.fi\/index.php?rest_route=\/wp\/v2\/product\/26658","targetHints":{"allow":["GET"]}}],"collection":[{"href":"https:\/\/www.autonvaraosahaku.fi\/index.php?rest_route=\/wp\/v2\/product"}],"about":[{"href":"https:\/\/www.autonvaraosahaku.fi\/index.php?rest_route=\/wp\/v2\/types\/product"}],"wp:attachment":[{"href":"https:\/\/www.autonvaraosahaku.fi\/index.php?rest_route=%2Fwp%2Fv2%2Fmedia&parent=26658"}],"wp:term":[{"taxonomy":"pwb-brand","embeddable":true,"href":"https:\/\/www.autonvaraosahaku.fi\/index.php?rest_route=%2Fwp%2Fv2%2Fpwb-brand&post=26658"},{"taxonomy":"product_cat","embeddable":true,"href":"https:\/\/www.autonvaraosahaku.fi\/index.php?rest_route=%2Fwp%2Fv2%2Fproduct_cat&post=26658"},{"taxonomy":"product_tag","embeddable":true,"href":"https:\/\/www.autonvaraosahaku.fi\/index.php?rest_route=%2Fwp%2Fv2%2Fproduct_tag&post=26658"}],"curies":[{"name":"wp","href":"https:\/\/api.w.org\/{rel}","templated":true}]}}