{"id":26673,"date":"2021-02-21T15:02:25","date_gmt":"2021-02-21T15:02:25","guid":{"rendered":"https:\/\/www.autonvaraosahaku.fi\/?product=sasic-1270050-oljypohjan-tiiviste"},"modified":"2021-02-21T15:02:27","modified_gmt":"2021-02-21T15:02:27","slug":"sasic-1270050-oljypohjan-tiiviste","status":"publish","type":"product","link":"https:\/\/www.autonvaraosahaku.fi\/?product=sasic-1270050-oljypohjan-tiiviste","title":{"rendered":"SASIC 1270050 \u00d6ljypohjan tiiviste"},"content":{"rendered":"<p>Asennuspuoli: Etuakseli; Pituus (mm): 70; OE-numerolle: 012705; CITRO\u00cbN: BERLINGO MF,BERLINGO Kasten M_,JUMPER Kasten 244,XM Y4,XANTIA X2,XANTIA X1,EVASION 22, U6,XANTIA Break X2,ZX N2,BX XB-_,C25 Bus 280_, 290_,JUMPY U6U,JUMPY Kasten BS_, BT_, BY_, BZ_,JUMPER Kasten 230L,XM Y3,XANTIA Break X1,C25 Pritsche\/Fahrgestell 280_, 290_,ZX Break N2,XM Break Y4,BX Break XB-_,C25 Kasten 280_, 290_,C15 VD-_,XM Break Y3,C15 Kombi; PEUGEOT: 206 Schr\u00e4gheck 2A\/C,306 Schr\u00e4gheck 7A, 7C, N3, N5,PARTNER Combispace 5F,205 II 20A\/C,PARTNER Kasten 5,J5 Pritsche\/Fahrgestell 280L,306 Break 7E, N3, N5,406 8B,J5 Pritsche\/Fahrgestell 290L,806 221,EXPERT Tepee VF3V_,BOXER Kasten 230L,EXPERT Kasten VF3A_, VF3U_, VF3X_,306 7B, N3, N5,J5 Kasten 280L,EXPERT Kasten 222,J5 Bus 290P,205 I 741A\/C,J5 Kasten 290L,J5 Bus 280P,405 I 15B,BOXER Bus 230P,BOXER Pritsche\/Fahrgestell ZCT_,206 Van,EXPERT 224,405 II 4B,405 I Break 15E,J7 Kasten,EXPERT Pritsche\/Fahrgestell 223,J9 Kasten,EXPERT Pritsche\/Fahrgestell,J9 Pritsche\/Fahrgestell,PARTNER Pritsche\/Fahrgestell; 012705, 012738, 012705, 012738; Tiiviste, \u00d6ljypohja<\/p>\n","protected":false},"excerpt":{"rendered":"<p>SASIC \u00d6ljypohjan Tiiviste 1270050 Tiiviste, \u00d6ljypohja CITRO\u00cbN,PEUGEOT,BERLINGO MF,BERLINGO Kasten M_,JUMPER Kasten 244,XM Y4,XANTIA X2,XANTIA X1<\/p>\n","protected":false},"featured_media":0,"template":"","meta":{"site-sidebar-layout":"default","site-content-layout":"default","ast-global-header-display":"","ast-main-header-display":"","ast-hfb-above-header-display":"","ast-hfb-below-header-display":"","ast-hfb-mobile-header-display":"","site-post-title":"","ast-breadcrumbs-content":"","ast-featured-img":"","footer-sml-layout":"","theme-transparent-header-meta":"","adv-header-id-meta":"","stick-header-meta":"","header-above-stick-meta":"","header-main-stick-meta":"","header-below-stick-meta":""},"pwb-brand":[110],"product_cat":[180],"product_tag":[],"class_list":{"0":"post-26673","1":"product","2":"type-product","3":"status-publish","5":"pwb-brand-sasic","6":"product_cat-oljypohjan-tiiviste","7":"desktop-align-left","8":"tablet-align-left","9":"mobile-align-left","11":"first","12":"instock","13":"product-type-external"},"brands":[{"id":110,"name":"SASIC","slug":"sasic"}],"_links":{"self":[{"href":"https:\/\/www.autonvaraosahaku.fi\/index.php?rest_route=\/wp\/v2\/product\/26673","targetHints":{"allow":["GET"]}}],"collection":[{"href":"https:\/\/www.autonvaraosahaku.fi\/index.php?rest_route=\/wp\/v2\/product"}],"about":[{"href":"https:\/\/www.autonvaraosahaku.fi\/index.php?rest_route=\/wp\/v2\/types\/product"}],"wp:attachment":[{"href":"https:\/\/www.autonvaraosahaku.fi\/index.php?rest_route=%2Fwp%2Fv2%2Fmedia&parent=26673"}],"wp:term":[{"taxonomy":"pwb-brand","embeddable":true,"href":"https:\/\/www.autonvaraosahaku.fi\/index.php?rest_route=%2Fwp%2Fv2%2Fpwb-brand&post=26673"},{"taxonomy":"product_cat","embeddable":true,"href":"https:\/\/www.autonvaraosahaku.fi\/index.php?rest_route=%2Fwp%2Fv2%2Fproduct_cat&post=26673"},{"taxonomy":"product_tag","embeddable":true,"href":"https:\/\/www.autonvaraosahaku.fi\/index.php?rest_route=%2Fwp%2Fv2%2Fproduct_tag&post=26673"}],"curies":[{"name":"wp","href":"https:\/\/api.w.org\/{rel}","templated":true}]}}