{"id":26679,"date":"2021-02-21T15:02:29","date_gmt":"2021-02-21T15:02:29","guid":{"rendered":"https:\/\/www.autonvaraosahaku.fi\/?product=van-wezel-5790806-sivupeilit"},"modified":"2021-02-21T15:02:29","modified_gmt":"2021-02-21T15:02:29","slug":"van-wezel-5790806-sivupeilit","status":"publish","type":"product","link":"https:\/\/www.autonvaraosahaku.fi\/?product=van-wezel-5790806-sivupeilit","title":{"rendered":"VAN WEZEL 5790806 Sivupeilit"},"content":{"rendered":"<p>Asennuspuoli: Oikea; Ulko-\/sis\u00e4peili: Peili, kokonainen, Kupera, s\u00e4hk\u00f6-peilins\u00e4\u00e4d\u00f6lle, L\u00e4mmitett\u00e4v\u00e4, ilman antennia; Varusteet: ajoneuvoille ilman pys\u00e4k\u00f6intiaputoimintoa; V\u00e4ri: Musta; Mekaanisesti ty\u00f6stetty: Ilman aukkoa antennille; Uusittuun malliin (facelift): ; parilliset tuotenumerot: 5790805; Laatu: Hagus; Valmistusvuosi alkaen: 10\/2009; VW: TRANSPORTER V Bus 7HB, 7HJ, 7EB, 7EJ, 7EF,MULTIVAN V 7HM, 7HN, 7HF, 7EF, 7EM, 7EN,TRANSPORTER V Kasten 7HA, 7HH, 7EA, 7EH,TRANSPORTER V Pritsche\/Fahrgestell 7JD, 7JE, 7JL, 7JY, 7JZ,,MULTIVAN VI SGF, SGM, SGN,TRANSPORTER VI Bus SGB, SGG, SGJ,TRANSPORTER VI Kasten SGA, SGH,TRANSPORTER VI Pritsche\/Fahrgestell SFD, SFE, SFL, SFZ; 7E1857508AD9B9, 7E1857508BP9B9, 7E1857508DA9B9, 7E1857508DT, 7E1857508DT9B9, 7E1857522AP, 7E1857522H, 7E1857522J, 7E1857528F, 7E1857528F9B9, 7E1857528K9B9; Ulkopeilit,Ulkopeili<\/p>\n","protected":false},"excerpt":{"rendered":"<p>VAN WEZEL Sivupeilit * HAGUS * 5790806 Ulkopeilit,Ulkopeili VW,TRANSPORTER V Bus 7HB, 7HJ, 7EB, 7EJ, 7EF,MULTIVAN V 7HM, 7HN, 7HF, 7EF, 7EM, 7EN<\/p>\n","protected":false},"featured_media":0,"template":"","meta":{"site-sidebar-layout":"default","site-content-layout":"default","ast-global-header-display":"","ast-main-header-display":"","ast-hfb-above-header-display":"","ast-hfb-below-header-display":"","ast-hfb-mobile-header-display":"","site-post-title":"","ast-breadcrumbs-content":"","ast-featured-img":"","footer-sml-layout":"","theme-transparent-header-meta":"","adv-header-id-meta":"","stick-header-meta":"","header-above-stick-meta":"","header-main-stick-meta":"","header-below-stick-meta":""},"pwb-brand":[54],"product_cat":[220],"product_tag":[],"class_list":{"0":"post-26679","1":"product","2":"type-product","3":"status-publish","5":"pwb-brand-van-wezel","6":"product_cat-sivupeilit","7":"desktop-align-left","8":"tablet-align-left","9":"mobile-align-left","11":"first","12":"instock","13":"product-type-external"},"brands":[{"id":54,"name":"VAN WEZEL","slug":"van-wezel"}],"_links":{"self":[{"href":"https:\/\/www.autonvaraosahaku.fi\/index.php?rest_route=\/wp\/v2\/product\/26679","targetHints":{"allow":["GET"]}}],"collection":[{"href":"https:\/\/www.autonvaraosahaku.fi\/index.php?rest_route=\/wp\/v2\/product"}],"about":[{"href":"https:\/\/www.autonvaraosahaku.fi\/index.php?rest_route=\/wp\/v2\/types\/product"}],"wp:attachment":[{"href":"https:\/\/www.autonvaraosahaku.fi\/index.php?rest_route=%2Fwp%2Fv2%2Fmedia&parent=26679"}],"wp:term":[{"taxonomy":"pwb-brand","embeddable":true,"href":"https:\/\/www.autonvaraosahaku.fi\/index.php?rest_route=%2Fwp%2Fv2%2Fpwb-brand&post=26679"},{"taxonomy":"product_cat","embeddable":true,"href":"https:\/\/www.autonvaraosahaku.fi\/index.php?rest_route=%2Fwp%2Fv2%2Fproduct_cat&post=26679"},{"taxonomy":"product_tag","embeddable":true,"href":"https:\/\/www.autonvaraosahaku.fi\/index.php?rest_route=%2Fwp%2Fv2%2Fproduct_tag&post=26679"}],"curies":[{"name":"wp","href":"https:\/\/api.w.org\/{rel}","templated":true}]}}