{"id":26696,"date":"2021-02-21T15:02:29","date_gmt":"2021-02-21T15:02:29","guid":{"rendered":"https:\/\/www.autonvaraosahaku.fi\/?product=dt-4-20706-tiivisteet"},"modified":"2021-02-21T15:02:31","modified_gmt":"2021-02-21T15:02:31","slug":"dt-4-20706-tiivisteet","status":"publish","type":"product","link":"https:\/\/www.autonvaraosahaku.fi\/?product=dt-4-20706-tiivisteet","title":{"rendered":"DT 4.20706 Tiivisteet"},"content":{"rendered":"<p>Paino [g]: 3; Sis\u00e4l\u00e4pimitta [mm]: 7,6; Ulkol\u00e4pimitta [mm]: 20,1; Paksuus [mm]: 2,6; DAEWOO: MUSSO FJ,KORANDO KJ,REXTON GAB_,KORANDO Cabrio KJ; MERCEDES-BENZ: C-CLASS W202,190 W201,E-CLASS W210,Stufenheck W124,E-CLASS Kombi S210,C-CLASS Kombi S202,KOMBI Kombi S124,E-CLASS W124,G-CLASS W463,VITO Bus 638,G-CLASS W460,S-CLASS W140,E-CLASS Kombi S124,SPRINTER 3-t Kasten 903,SPRINTER 2-t Bus 901, 902,V-CLASS 638\/2,G-CLASS W461,SPRINTER 2-t Kasten 901, 902,SPRINTER 3-t Bus 903,SPRINTER 3-t Pritsche\/Fahrgestell 903,T1 Bus 601,100 Bus 631,VITO Kasten 638,T1 Pritsche\/Fahrgestell 602,T1 Kasten 602,100 Kasten 631,SPRINTER 4-t Pritsche\/Fahrgestell 904,T1 Pritsche\/Fahrgestell 601,T2\/LN1 Kasten\/Kombi,SPRINTER 2-t Pritsche\/Fahrgestell 901, 902,T1 Kasten 601,100 Pritsche\/Fahrgestell 631,SPRINTER 4-t Kasten 904,T1 Bus 602,T1\/TN Pritsche\/Fahrgestell,G-CLASS Cabrio W463,T1\/TN Kasten\/Kombi,T2\/LN1 Kipper,O 100,O 405,UNIMOG; SSANGYONG: REXTON GAB_,MUSSO FJ,KORANDO KJ,KORANDO Cabrio KJ; PUCH: G-MODELL W 460,G-MODELL W 461,G-MODELL W 463; MULTICAR: Tremo; 6010170060; Tiiviste Suuttimen Pidin<\/p>\n","protected":false},"excerpt":{"rendered":"<p>DT Tiiviste Suutinistukka 4.20706 Tiiviste Suuttimen Pidin DAEWOO,MERCEDES-BENZ,SSANGYONG,MUSSO FJ,KORANDO KJ,REXTON GAB_,KORANDO Cabrio KJ<\/p>\n","protected":false},"featured_media":0,"template":"","meta":{"site-sidebar-layout":"default","site-content-layout":"default","ast-global-header-display":"","ast-main-header-display":"","ast-hfb-above-header-display":"","ast-hfb-below-header-display":"","ast-hfb-mobile-header-display":"","site-post-title":"","ast-breadcrumbs-content":"","ast-featured-img":"","footer-sml-layout":"","theme-transparent-header-meta":"","adv-header-id-meta":"","stick-header-meta":"","header-above-stick-meta":"","header-main-stick-meta":"","header-below-stick-meta":""},"pwb-brand":[75],"product_cat":[27],"product_tag":[],"class_list":{"0":"post-26696","1":"product","2":"type-product","3":"status-publish","5":"pwb-brand-dt","6":"product_cat-tiivisteet","7":"desktop-align-left","8":"tablet-align-left","9":"mobile-align-left","11":"first","12":"instock","13":"product-type-external"},"brands":[{"id":75,"name":"DT","slug":"dt"}],"_links":{"self":[{"href":"https:\/\/www.autonvaraosahaku.fi\/index.php?rest_route=\/wp\/v2\/product\/26696","targetHints":{"allow":["GET"]}}],"collection":[{"href":"https:\/\/www.autonvaraosahaku.fi\/index.php?rest_route=\/wp\/v2\/product"}],"about":[{"href":"https:\/\/www.autonvaraosahaku.fi\/index.php?rest_route=\/wp\/v2\/types\/product"}],"wp:attachment":[{"href":"https:\/\/www.autonvaraosahaku.fi\/index.php?rest_route=%2Fwp%2Fv2%2Fmedia&parent=26696"}],"wp:term":[{"taxonomy":"pwb-brand","embeddable":true,"href":"https:\/\/www.autonvaraosahaku.fi\/index.php?rest_route=%2Fwp%2Fv2%2Fpwb-brand&post=26696"},{"taxonomy":"product_cat","embeddable":true,"href":"https:\/\/www.autonvaraosahaku.fi\/index.php?rest_route=%2Fwp%2Fv2%2Fproduct_cat&post=26696"},{"taxonomy":"product_tag","embeddable":true,"href":"https:\/\/www.autonvaraosahaku.fi\/index.php?rest_route=%2Fwp%2Fv2%2Fproduct_tag&post=26696"}],"curies":[{"name":"wp","href":"https:\/\/api.w.org\/{rel}","templated":true}]}}