{"id":26721,"date":"2021-02-21T15:02:37","date_gmt":"2021-02-21T15:02:37","guid":{"rendered":"https:\/\/www.autonvaraosahaku.fi\/?product=magneti-marelli-713120117010-muut-luokat"},"modified":"2021-02-21T15:02:37","modified_gmt":"2021-02-21T15:02:37","slug":"magneti-marelli-713120117010-muut-luokat","status":"publish","type":"product","link":"https:\/\/www.autonvaraosahaku.fi\/?product=magneti-marelli-713120117010-muut-luokat","title":{"rendered":"MAGNETI MARELLI 713120117010 Muut luokat"},"content":{"rendered":"<p>Lyhdyn muoto: LED; M\u00e4\u00e4r\u00e4: 2; LED-m\u00e4\u00e4ra: 4; J\u00e4nnite (V): 12, 24; L\u00e4pimitta [mm]: 90; Yleisk\u00e4ytt\u00f6inen: Kyll\u00e4; Valmistusvuosi alkaen: 01\/2012; MAZDA: MPV II LW; NISSAN: NOTE E11,NAVARA D40,PATHFINDER R51,PIXO UA0; SUZUKI: SWIFT III MZ, EZ,JIMNY FJ,SWIFT IV FZ, NZ,GRAND VITARA II JT,SPLASH,ALTO HA25, HA35,SX4 S-Cross,SX4 Stufenheck GY,VITARA LY,CELERIO,SWIFT V AZ,BALENO FW, EW; OPEL: ASTRA G CC F48_, F08_,ASTRA G Caravan F35_,VECTRA C Caravan,SIGNUM,VECTRA C,VECTRA C GTS,TIGRA TwinTop,ASTRA G Cabriolet F67,ASTRA G Coupe F07_,ASTRA G Stufenheck F69_,AGILA B H08,ASTRA G Kasten F70; JAGUAR: S-TYPE CCX,X-TYPE CF1; FORD: FIESTA V JH_, JD_,FOCUS II Kombi DA_,FIESTA VI,FOCUS II DA_,FOCUS III Turnier,FUSION JU_,FOCUS III,TRANSIT MK-7 Kasten,C-MAX II,GRAND C-MAX,TRANSIT MK-7 Bus,TRANSIT CONNECT P65_, P70_, P80_,FOCUS II Stufenheck DA_,TOURNEO CONNECT,TRANSIT MK-7 Pritsche\/Fahrgestell,FOCUS III Stufenheck,TRANSIT CUSTOM Kasten,TOURNEO CUSTOM Bus,TRANSIT TOURNEO FB,TRANSIT CUSTOM Bus,TOURNEO CONNECT \/ GRAND TOURNEO CONNECT Kombi,FIESTA V Van,TRANSIT  MK-5 Bus E_ _,FIESTA VI Van,TRANSIT CONNECT Kasten,TRANSIT MK-4 Kasten E_ _,TRANSIT Custom  Bus,GRAND C-MAX Van,TRANSIT Custom Pritsche\/Fahrgestell,C-MAX II Van,TOURNEO COURIER Kombi,TRANSIT CONNECT Kombi,TRANSIT COURIER Kasten,TRANSIT COURIER Kombi; DACIA: DUSTER,SANDERO,LOGAN MCV KS_,LOGAN LS_,LOGAN EXPRESS FS_,LOGAN Pick-up US_,SOLENZA; FIAT: SEDICI; CITRO\u00cbN: C1 PM_, PN_,XSARA PICASSO N68,C4 Picasso I UD_,C4 Grand Picasso I UA_,C4 I LC_,C5 II Break RE_,C4 Coupe LA_,C5 II RC_,C-CROSSER EP_,C6 TD_,C4 Stufenheck L; PEUGEOT: 207 WA_, WC_,307 SW 3H,207 CC WD_,307 CC 3B,307 3A\/C,207 SW WK_,107,307 Break 3E,607 9D, 9U,4007 GP_,407 Coupe 6C_; 2N1115201AB, NE0151680, NE0151680A, 26150EB500, 26150VD300, 26150VD30A, 261544A00C, 261544A00D, 261544A00G, 26155EB500, 3550062J00, 3550062J00000, 3550062J01, 3550062J01000, 3550062J02, 3550063J00, 3550063J00000, 3550063J01, 3550063J02, 3550063J02000, 3550063J03, 3550063J03000, 3550063J03LCP, 3550063J04, 3550063J04000, 35500M63J04000<\/p>\n","protected":false},"excerpt":{"rendered":"<p>MAGNETI MARELLI P\u00e4iv\u00e4ajovalosarja 713120117010  MAZDA,NISSAN,SUZUKI,MPV II LW,NOTE E11,NAVARA D40,PATHFINDER R51,PIXO UA0,SWIFT III MZ, EZ,JIMNY FJ<\/p>\n","protected":false},"featured_media":0,"template":"","meta":{"site-sidebar-layout":"default","site-content-layout":"default","ast-global-header-display":"","ast-main-header-display":"","ast-hfb-above-header-display":"","ast-hfb-below-header-display":"","ast-hfb-mobile-header-display":"","site-post-title":"","ast-breadcrumbs-content":"","ast-featured-img":"","footer-sml-layout":"","theme-transparent-header-meta":"","adv-header-id-meta":"","stick-header-meta":"","header-above-stick-meta":"","header-main-stick-meta":"","header-below-stick-meta":""},"pwb-brand":[34],"product_cat":[37],"product_tag":[],"class_list":{"0":"post-26721","1":"product","2":"type-product","3":"status-publish","5":"pwb-brand-magneti-marelli","6":"product_cat-muut-luokat","7":"desktop-align-left","8":"tablet-align-left","9":"mobile-align-left","11":"first","12":"instock","13":"product-type-external"},"brands":[{"id":34,"name":"MAGNETI MARELLI","slug":"magneti-marelli"}],"_links":{"self":[{"href":"https:\/\/www.autonvaraosahaku.fi\/index.php?rest_route=\/wp\/v2\/product\/26721","targetHints":{"allow":["GET"]}}],"collection":[{"href":"https:\/\/www.autonvaraosahaku.fi\/index.php?rest_route=\/wp\/v2\/product"}],"about":[{"href":"https:\/\/www.autonvaraosahaku.fi\/index.php?rest_route=\/wp\/v2\/types\/product"}],"wp:attachment":[{"href":"https:\/\/www.autonvaraosahaku.fi\/index.php?rest_route=%2Fwp%2Fv2%2Fmedia&parent=26721"}],"wp:term":[{"taxonomy":"pwb-brand","embeddable":true,"href":"https:\/\/www.autonvaraosahaku.fi\/index.php?rest_route=%2Fwp%2Fv2%2Fpwb-brand&post=26721"},{"taxonomy":"product_cat","embeddable":true,"href":"https:\/\/www.autonvaraosahaku.fi\/index.php?rest_route=%2Fwp%2Fv2%2Fproduct_cat&post=26721"},{"taxonomy":"product_tag","embeddable":true,"href":"https:\/\/www.autonvaraosahaku.fi\/index.php?rest_route=%2Fwp%2Fv2%2Fproduct_tag&post=26721"}],"curies":[{"name":"wp","href":"https:\/\/api.w.org\/{rel}","templated":true}]}}