{"id":26747,"date":"2021-02-21T15:02:41","date_gmt":"2021-02-21T15:02:41","guid":{"rendered":"https:\/\/www.autonvaraosahaku.fi\/?product=ridex-854s0050-iskunvaimennin"},"modified":"2021-02-21T15:02:42","modified_gmt":"2021-02-21T15:02:42","slug":"ridex-854s0050-iskunvaimennin","status":"publish","type":"product","link":"https:\/\/www.autonvaraosahaku.fi\/?product=ridex-854s0050-iskunvaimennin","title":{"rendered":"RIDEX 854S0050 Iskunvaimennin"},"content":{"rendered":"<p>Asennuspuoli: Taka-akseli; Iskunvaimennin tyyppi: Kaasupaine; Iskunvaimennin asennustapa: Silmukka alhaalla, Tappi ylh\u00e4\u00e4ll\u00e4; suurin pituus [mm]: 507; v\u00e4h. pituus [mm]: 387; Alustarakenne: f\u00fcr Fahrzeuge ohne Sportfahrwerk; MERCEDES-BENZ: C-CLASS W202,CLK C208,C-CLASS Kombi S202,CLK Cabriolet A208; 2023200131, 2023200231, 2023200631, 2023200831, 2023200931, 2023201131, 2023201631, 2023260900, 2023261600, 2023261700, 2023262700, 2023262800, 2083200031, 2083200131, 2083200231, 2083200331, 2083200431, 2083260300, 2083260400, 2083260500, A2023200131, A2023200231, A2023200631, A2023200831, A2023200931, A2023201131, A2023201631, A2023260900, A2023261600, A2023261700, A2023262700, A2023262800, A2083200031, A2083200131, A2083200231, A2083200331, A2083200431, A2083260300, A2083260400, A2083260500; Iskarit,Iskunvaimennin<\/p>\n","protected":false},"excerpt":{"rendered":"<p>RIDEX Iskunvaimentimet 854S0050 Iskarit,Iskunvaimennin MERCEDES-BENZ,C-CLASS W202,CLK C208,C-CLASS Kombi S202,CLK Cabriolet A208<\/p>\n","protected":false},"featured_media":0,"template":"","meta":{"site-sidebar-layout":"default","site-content-layout":"default","ast-global-header-display":"","ast-main-header-display":"","ast-hfb-above-header-display":"","ast-hfb-below-header-display":"","ast-hfb-mobile-header-display":"","site-post-title":"","ast-breadcrumbs-content":"","ast-featured-img":"","footer-sml-layout":"","theme-transparent-header-meta":"","adv-header-id-meta":"","stick-header-meta":"","header-above-stick-meta":"","header-main-stick-meta":"","header-below-stick-meta":""},"pwb-brand":[157],"product_cat":[80],"product_tag":[],"class_list":{"0":"post-26747","1":"product","2":"type-product","3":"status-publish","5":"pwb-brand-ridex","6":"product_cat-iskunvaimennin","7":"desktop-align-left","8":"tablet-align-left","9":"mobile-align-left","11":"first","12":"instock","13":"product-type-external"},"brands":[{"id":157,"name":"RIDEX","slug":"ridex"}],"_links":{"self":[{"href":"https:\/\/www.autonvaraosahaku.fi\/index.php?rest_route=\/wp\/v2\/product\/26747","targetHints":{"allow":["GET"]}}],"collection":[{"href":"https:\/\/www.autonvaraosahaku.fi\/index.php?rest_route=\/wp\/v2\/product"}],"about":[{"href":"https:\/\/www.autonvaraosahaku.fi\/index.php?rest_route=\/wp\/v2\/types\/product"}],"wp:attachment":[{"href":"https:\/\/www.autonvaraosahaku.fi\/index.php?rest_route=%2Fwp%2Fv2%2Fmedia&parent=26747"}],"wp:term":[{"taxonomy":"pwb-brand","embeddable":true,"href":"https:\/\/www.autonvaraosahaku.fi\/index.php?rest_route=%2Fwp%2Fv2%2Fpwb-brand&post=26747"},{"taxonomy":"product_cat","embeddable":true,"href":"https:\/\/www.autonvaraosahaku.fi\/index.php?rest_route=%2Fwp%2Fv2%2Fproduct_cat&post=26747"},{"taxonomy":"product_tag","embeddable":true,"href":"https:\/\/www.autonvaraosahaku.fi\/index.php?rest_route=%2Fwp%2Fv2%2Fproduct_tag&post=26747"}],"curies":[{"name":"wp","href":"https:\/\/api.w.org\/{rel}","templated":true}]}}