{"id":26754,"date":"2021-02-21T15:02:41","date_gmt":"2021-02-21T15:02:41","guid":{"rendered":"https:\/\/www.autonvaraosahaku.fi\/?product=hella-5da-193-175-411-sytytyspuola"},"modified":"2021-02-21T15:02:43","modified_gmt":"2021-02-21T15:02:43","slug":"hella-5da-193-175-411-sytytyspuola","status":"publish","type":"product","link":"https:\/\/www.autonvaraosahaku.fi\/?product=hella-5da-193-175-411-sytytyspuola","title":{"rendered":"HELLA 5DA 193 175-411 Sytytyspuola"},"content":{"rendered":"<p>Asennusmalli: Poltti\/ruuvi; Kiinnitysreikien lukum\u00e4\u00e4r\u00e4: 4; Nimellisj\u00e4nnite (V): 12; Napojen m\u00e4\u00e4r\u00e4: 3; Sytytyspuola: Suorasytytyspuolamoduuli; TECDOC-moottorinumero: 17158; MAZDA: 2 DY,121 III JASM, JBSM; VOLVO: V50 MW,S40 II MS; FORD: FIESTA V JH_, JD_,MONDEO III Kombi BWY,FOCUS II Kombi DA_,FOCUS Kombi DNW,FOCUS II DA_,FOCUS DAW, DBW,GALAXY WGR,FOCUS C-MAX,FIESTA IV JA_, JB_,FUSION JU_,KA RB_,MONDEO III B5Y,MAVERICK,MONDEO III Stufenheck B4Y,FOCUS Stufenheck DFW,STREET KA RL2,MONDEO II Kombi BNP,TRANSIT CONNECT P65_, P70_, P80_,FOCUS II Stufenheck DA_,COUGAR EC_,MONDEO II BAP,TOURNEO CONNECT,PUMA EC_,ESCORT VII GAL, AAL, ABL,MONDEO II Stufenheck BFP,ESCORT VII Kombi GAL, ANL,FIESTA V Van,FIESTA Kasten J5_, J3_,ESCORT VII Stufenheck GAL, AFL,KA Van RB; 1372758, 1S7G12029AB, 1S7G12029AC, 988F12029AC, 988F12029AD, 988F12257AB, W711580S437, YM2F12024AC, YM2F12024AD, 1052492, 1067601, 1075786, 1111213, 1119835, 1130402, 1317972, 1319929, 1S7G12029AB, 1S7G12029AC, 988F12029AB, 988F12029AC, 988F12029AD, 988F12257AB, 98BF12024AB, YM2F12024AC, 1E031810X, 1E041810X, 1E0518100B, 1F2018100, C20118100A, LF0118100, YF091810X, 30735759<\/p>\n","protected":false},"excerpt":{"rendered":"<p>HELLA Sytytyspuola 5DA 193 175-411  MAZDA,VOLVO,FORD,2 DY,121 III JASM, JBSM,V50 MW,S40 II MS,FIESTA V JH_, JD_,MONDEO III Kombi BWY<\/p>\n","protected":false},"featured_media":0,"template":"","meta":{"site-sidebar-layout":"default","site-content-layout":"default","ast-global-header-display":"","ast-main-header-display":"","ast-hfb-above-header-display":"","ast-hfb-below-header-display":"","ast-hfb-mobile-header-display":"","site-post-title":"","ast-breadcrumbs-content":"","ast-featured-img":"","footer-sml-layout":"","theme-transparent-header-meta":"","adv-header-id-meta":"","stick-header-meta":"","header-above-stick-meta":"","header-main-stick-meta":"","header-below-stick-meta":""},"pwb-brand":[24],"product_cat":[25],"product_tag":[],"class_list":{"0":"post-26754","1":"product","2":"type-product","3":"status-publish","5":"pwb-brand-hella","6":"product_cat-sytytyspuola","7":"desktop-align-left","8":"tablet-align-left","9":"mobile-align-left","11":"first","12":"instock","13":"product-type-external"},"brands":[{"id":24,"name":"HELLA","slug":"hella"}],"_links":{"self":[{"href":"https:\/\/www.autonvaraosahaku.fi\/index.php?rest_route=\/wp\/v2\/product\/26754","targetHints":{"allow":["GET"]}}],"collection":[{"href":"https:\/\/www.autonvaraosahaku.fi\/index.php?rest_route=\/wp\/v2\/product"}],"about":[{"href":"https:\/\/www.autonvaraosahaku.fi\/index.php?rest_route=\/wp\/v2\/types\/product"}],"wp:attachment":[{"href":"https:\/\/www.autonvaraosahaku.fi\/index.php?rest_route=%2Fwp%2Fv2%2Fmedia&parent=26754"}],"wp:term":[{"taxonomy":"pwb-brand","embeddable":true,"href":"https:\/\/www.autonvaraosahaku.fi\/index.php?rest_route=%2Fwp%2Fv2%2Fpwb-brand&post=26754"},{"taxonomy":"product_cat","embeddable":true,"href":"https:\/\/www.autonvaraosahaku.fi\/index.php?rest_route=%2Fwp%2Fv2%2Fproduct_cat&post=26754"},{"taxonomy":"product_tag","embeddable":true,"href":"https:\/\/www.autonvaraosahaku.fi\/index.php?rest_route=%2Fwp%2Fv2%2Fproduct_tag&post=26754"}],"curies":[{"name":"wp","href":"https:\/\/api.w.org\/{rel}","templated":true}]}}