{"id":26756,"date":"2021-02-21T15:02:41","date_gmt":"2021-02-21T15:02:41","guid":{"rendered":"https:\/\/www.autonvaraosahaku.fi\/?product=ate-13-0460-5843-2-jarrupalat"},"modified":"2021-02-21T15:02:43","modified_gmt":"2021-02-21T15:02:43","slug":"ate-13-0460-5843-2-jarrupalat","status":"publish","type":"product","link":"https:\/\/www.autonvaraosahaku.fi\/?product=ate-13-0460-5843-2-jarrupalat","title":{"rendered":"ATE 13.0460-5843.2 Jarrupalat"},"content":{"rendered":"<p>Leveys (mm): 105,5; Korkeus (mm): 39,5; Paksuus [mm]: 14,2; Kulumisenilmaisimen liitos: akustisella kulumavaroittimella; Korvaava tuote\/korvaava tiedote 2: Huudonvaimennuspellill\u00e4; Tarkistuskilpi: E9 90R-01231\/551; Jarruj\u00e4rjestelm\u00e4: Akebono; MAPP-koodi saatavilla: ; Suositellun tarvikkeen tuotenumero: 13.0460-0213.2, 13.0460-0341.2; Huomioi mitat: ; M\u00e4\u00e4r\u00e4yksikk\u00f6: Akselisarja; Asennuspuoli: Hinterachse; NISSAN: QASHQAI \/ QASHQAI +2 J10, JJ10,X-TRAIL T30,JUKE F15,X-TRAIL T31,NV200 EVALIA,MURANO Z50,TIIDA Schr\u00e4gheck,NV200 Kasten,MURANO Z51,LEAF,CUBE Z12,TIIDA Stufenheck SC11X,QASHQAI J11, J11_,PULSAR Schr\u00e4gheck C13,TEANA II J32,TEANA I J31,LEAF ZE1,PATHFINDER R52,SENTRA B17,TIIDA Schr\u00e4gheck C12; INFINITI: Q50,EX,M Y51,G Stufenheck,M37,G Coupe,M35,Q70 Y51,Q60 Coupe,QX50; SUZUKI: GRAND VITARA II JT; RENAULT: KOLEOS HY_; D40601BN0A, D4M601BN0A, 440608H385, 44060AL585, 44060AL586, D40601GZ0C, D40604ND0A, D40608H385, D40609N00A, D40609N00B, D4060EM11A, D4060JA00A, D4060JA00J, D4M604ND0A, D4M609N00A, D4M609N00B, 410601408R, D4060JA00A, 5580077K00, 5580077K05; Jarrupalasarja,Jarrupala, Levyjarru<\/p>\n","protected":false},"excerpt":{"rendered":"<p>ATE Jarrupalat 13.0460-5843.2 Jarrupalasarja,Jarrupala, Levyjarru NISSAN,INFINITI,SUZUKI,QASHQAI \/ QASHQAI +2 J10, JJ10,X-TRAIL T30,JUKE F15<\/p>\n","protected":false},"featured_media":0,"template":"","meta":{"site-sidebar-layout":"default","site-content-layout":"default","ast-global-header-display":"","ast-main-header-display":"","ast-hfb-above-header-display":"","ast-hfb-below-header-display":"","ast-hfb-mobile-header-display":"","site-post-title":"","ast-breadcrumbs-content":"","ast-featured-img":"","footer-sml-layout":"","theme-transparent-header-meta":"","adv-header-id-meta":"","stick-header-meta":"","header-above-stick-meta":"","header-main-stick-meta":"","header-below-stick-meta":""},"pwb-brand":[108],"product_cat":[100],"product_tag":[],"class_list":{"0":"post-26756","1":"product","2":"type-product","3":"status-publish","5":"pwb-brand-ate","6":"product_cat-jarrupalat","7":"desktop-align-left","8":"tablet-align-left","9":"mobile-align-left","11":"first","12":"instock","13":"product-type-external"},"brands":[{"id":108,"name":"ATE","slug":"ate"}],"_links":{"self":[{"href":"https:\/\/www.autonvaraosahaku.fi\/index.php?rest_route=\/wp\/v2\/product\/26756","targetHints":{"allow":["GET"]}}],"collection":[{"href":"https:\/\/www.autonvaraosahaku.fi\/index.php?rest_route=\/wp\/v2\/product"}],"about":[{"href":"https:\/\/www.autonvaraosahaku.fi\/index.php?rest_route=\/wp\/v2\/types\/product"}],"wp:attachment":[{"href":"https:\/\/www.autonvaraosahaku.fi\/index.php?rest_route=%2Fwp%2Fv2%2Fmedia&parent=26756"}],"wp:term":[{"taxonomy":"pwb-brand","embeddable":true,"href":"https:\/\/www.autonvaraosahaku.fi\/index.php?rest_route=%2Fwp%2Fv2%2Fpwb-brand&post=26756"},{"taxonomy":"product_cat","embeddable":true,"href":"https:\/\/www.autonvaraosahaku.fi\/index.php?rest_route=%2Fwp%2Fv2%2Fproduct_cat&post=26756"},{"taxonomy":"product_tag","embeddable":true,"href":"https:\/\/www.autonvaraosahaku.fi\/index.php?rest_route=%2Fwp%2Fv2%2Fproduct_tag&post=26756"}],"curies":[{"name":"wp","href":"https:\/\/api.w.org\/{rel}","templated":true}]}}