{"id":26778,"date":"2021-02-21T15:02:45","date_gmt":"2021-02-21T15:02:45","guid":{"rendered":"https:\/\/www.autonvaraosahaku.fi\/?product=valeo-786034-kytkinpaketti"},"modified":"2021-02-21T15:02:47","modified_gmt":"2021-02-21T15:02:47","slug":"valeo-786034-kytkinpaketti","status":"publish","type":"product","link":"https:\/\/www.autonvaraosahaku.fi\/?product=valeo-786034-kytkinpaketti","title":{"rendered":"VALEO 786034 Kytkinpaketti"},"content":{"rendered":"<p>Uusi osa: ; Lis\u00e4tarvike\/lis\u00e4tieto: Painelevyll\u00e4; Ulkol\u00e4pimitta [mm]: 190; Versio: CPB; Ty\u00f6nt\u00f6voima [N]: 3750; Korvaava tuote\/korvaava tiedote 2: Kytkinlevyll\u00e4, irroitinlaakerilla; Ulkol\u00e4pimitta 1 [mm]: 182; Hammasluku: 20; K\u00e4ytt\u00f6tapa: Painekytkin; Paino [kg]: 3,68; Tuotelinja: CLASSIC KIT3P; Valmistusvuosi alkaen: 09\/1992; LANCIA: YPSILON 843,Y 840A,Y10 156; FIAT: PUNTO 188,PANDA 169,SEICENTO 187,PUNTO 176,PANDA Van 169,CINQUECENTO 170,PUNTO Van 188AX,PUNTO Cabriolet 176C,UNO 146A\/E,PALIO Weekend 178DX,SEICENTO Van 187,PUNTO Van 176L,PALIO 178BX,SIENA 178_; AUTOBIANCHI: Y10; 5892775, 71718691, 71719614, 71741238, 71752449, 5892775, 5893143, 5893654, 5894335, 5894380, 71711133, 71711134, 71711441, 71711442, 71711624, 71714671, 71714672, 71716228, 71717171, 71718481, 71718482, 71718483, 71718485, 71718683, 71718689, 71718691, 71719094, 71719137, 71719614, 71719812, 71719818, 71719821, 71728674, 71734222, 71734449, 71736583, 71736756, 71738457, 71739547, 71741238, 71741290, 71744040, 71752229, 71752235, 71752239, 71752449, 71752451, 71784134, 71784148, 71785734, 71788709, 71793534, 71793537, 5892775, 5893654, 5894380, 71711133, 71711134, 71711442, 71716228, 71718481, 71718483, 71718689, 71718691, 71719614, 71728477, 71734433, 71735338, 71736504, 71741238, 71752239, 71752446, 71752449, 71784133, 71793537, 71752239; Kytkinsarja<\/p>\n","protected":false},"excerpt":{"rendered":"<p>VALEO Kytkinpaketti 786034 Kytkinsarja LANCIA,FIAT,AUTOBIANCHI,YPSILON 843,Y 840A,Y10 156,PUNTO 188,PANDA 169,SEICENTO 187,PUNTO 176,PANDA Van 169<\/p>\n","protected":false},"featured_media":0,"template":"","meta":{"site-sidebar-layout":"default","site-content-layout":"default","ast-global-header-display":"","ast-main-header-display":"","ast-hfb-above-header-display":"","ast-hfb-below-header-display":"","ast-hfb-mobile-header-display":"","site-post-title":"","ast-breadcrumbs-content":"","ast-featured-img":"","footer-sml-layout":"","theme-transparent-header-meta":"","adv-header-id-meta":"","stick-header-meta":"","header-above-stick-meta":"","header-main-stick-meta":"","header-below-stick-meta":""},"pwb-brand":[28],"product_cat":[21],"product_tag":[],"class_list":{"0":"post-26778","1":"product","2":"type-product","3":"status-publish","5":"pwb-brand-valeo","6":"product_cat-kytkinpaketti","7":"desktop-align-left","8":"tablet-align-left","9":"mobile-align-left","11":"first","12":"instock","13":"product-type-external"},"brands":[{"id":28,"name":"VALEO","slug":"valeo"}],"_links":{"self":[{"href":"https:\/\/www.autonvaraosahaku.fi\/index.php?rest_route=\/wp\/v2\/product\/26778","targetHints":{"allow":["GET"]}}],"collection":[{"href":"https:\/\/www.autonvaraosahaku.fi\/index.php?rest_route=\/wp\/v2\/product"}],"about":[{"href":"https:\/\/www.autonvaraosahaku.fi\/index.php?rest_route=\/wp\/v2\/types\/product"}],"wp:attachment":[{"href":"https:\/\/www.autonvaraosahaku.fi\/index.php?rest_route=%2Fwp%2Fv2%2Fmedia&parent=26778"}],"wp:term":[{"taxonomy":"pwb-brand","embeddable":true,"href":"https:\/\/www.autonvaraosahaku.fi\/index.php?rest_route=%2Fwp%2Fv2%2Fpwb-brand&post=26778"},{"taxonomy":"product_cat","embeddable":true,"href":"https:\/\/www.autonvaraosahaku.fi\/index.php?rest_route=%2Fwp%2Fv2%2Fproduct_cat&post=26778"},{"taxonomy":"product_tag","embeddable":true,"href":"https:\/\/www.autonvaraosahaku.fi\/index.php?rest_route=%2Fwp%2Fv2%2Fproduct_tag&post=26778"}],"curies":[{"name":"wp","href":"https:\/\/api.w.org\/{rel}","templated":true}]}}