{"id":26779,"date":"2021-02-21T15:02:49","date_gmt":"2021-02-21T15:02:49","guid":{"rendered":"https:\/\/www.autonvaraosahaku.fi\/?product=monroe-16451-iskunvaimennin"},"modified":"2021-02-21T15:02:49","modified_gmt":"2021-02-21T15:02:49","slug":"monroe-16451-iskunvaimennin","status":"publish","type":"product","link":"https:\/\/www.autonvaraosahaku.fi\/?product=monroe-16451-iskunvaimennin","title":{"rendered":"MONROE 16451 Iskunvaimennin"},"content":{"rendered":"<p>Iskunvaimennin tyyppi: Kaasupaine; Iskunvaimennin malli: Joustintuki; Iskunvaimennusj\u00e4rjestelm\u00e4: Kaksiputki; Paino [kg]: 3,900; Reik\u00e4-\u00d8 [mm]: 32; suurin pituus [mm]: 510; v\u00e4h. pituus [mm]: 360; Pakkauspituus [cm]: 51,5; Pakkausleveys [cm]: 16,2; Pakkauskorkeus [mm]: 16,2; Tullitariffinumero: 87088035; Tappil\u00e4pimitta [mm]: 22; Asennuspuoli: Vorderachse; VW: POLO 9N_,FOX 5Z1, 5Z3,POLO CLASSIC 6KV2,POLO Stufenheck 9A4,POLO VIVO Schr\u00e4gheck,POLO Stufenheck 9N4,POLO VIVO Stufenheck,POLO PLAYA; SKODA: FABIA Combi 6Y5,FABIA,FABIA 6Y2,FABIA Combi,FABIA Stufenheck 6Y3,FABIA Praktik; SEAT: IBIZA IV 6L1,CORDOBA 6L2; 6Q0413031BM, 6Q0413031BN, 6Q0413031BH, 6Q0413031BR, 6Q0413031AN, 6Q0413031BH, 6Q0413031BJ, 6Q0513031BN, 5Z0413031AB, 5Z0413031C, 5Z0413031L, 6Q0413031BM, 6Q0413031BN, 6Q0413031CD, 6Q0413031CE; Iskarit,Iskunvaimennin<\/p>\n","protected":false},"excerpt":{"rendered":"<p>MONROE Iskunvaimentimet MONROE ORIGINAL (Gas Technology) 16451 Iskarit,Iskunvaimennin VW,SKODA,SEAT,POLO 9N_,FOX 5Z1, 5Z3,POLO CLASSIC 6KV2<\/p>\n","protected":false},"featured_media":0,"template":"","meta":{"site-sidebar-layout":"default","site-content-layout":"default","ast-global-header-display":"","ast-main-header-display":"","ast-hfb-above-header-display":"","ast-hfb-below-header-display":"","ast-hfb-mobile-header-display":"","site-post-title":"","ast-breadcrumbs-content":"","ast-featured-img":"","footer-sml-layout":"","theme-transparent-header-meta":"","adv-header-id-meta":"","stick-header-meta":"","header-above-stick-meta":"","header-main-stick-meta":"","header-below-stick-meta":""},"pwb-brand":[79],"product_cat":[80],"product_tag":[],"class_list":{"0":"post-26779","1":"product","2":"type-product","3":"status-publish","5":"pwb-brand-monroe","6":"product_cat-iskunvaimennin","7":"desktop-align-left","8":"tablet-align-left","9":"mobile-align-left","11":"first","12":"instock","13":"product-type-external"},"brands":[{"id":79,"name":"MONROE","slug":"monroe"}],"_links":{"self":[{"href":"https:\/\/www.autonvaraosahaku.fi\/index.php?rest_route=\/wp\/v2\/product\/26779","targetHints":{"allow":["GET"]}}],"collection":[{"href":"https:\/\/www.autonvaraosahaku.fi\/index.php?rest_route=\/wp\/v2\/product"}],"about":[{"href":"https:\/\/www.autonvaraosahaku.fi\/index.php?rest_route=\/wp\/v2\/types\/product"}],"wp:attachment":[{"href":"https:\/\/www.autonvaraosahaku.fi\/index.php?rest_route=%2Fwp%2Fv2%2Fmedia&parent=26779"}],"wp:term":[{"taxonomy":"pwb-brand","embeddable":true,"href":"https:\/\/www.autonvaraosahaku.fi\/index.php?rest_route=%2Fwp%2Fv2%2Fpwb-brand&post=26779"},{"taxonomy":"product_cat","embeddable":true,"href":"https:\/\/www.autonvaraosahaku.fi\/index.php?rest_route=%2Fwp%2Fv2%2Fproduct_cat&post=26779"},{"taxonomy":"product_tag","embeddable":true,"href":"https:\/\/www.autonvaraosahaku.fi\/index.php?rest_route=%2Fwp%2Fv2%2Fproduct_tag&post=26779"}],"curies":[{"name":"wp","href":"https:\/\/api.w.org\/{rel}","templated":true}]}}