{"id":26786,"date":"2021-02-21T15:02:49","date_gmt":"2021-02-21T15:02:49","guid":{"rendered":"https:\/\/www.autonvaraosahaku.fi\/?product=brembo-14-a854-10-jarrurumpu"},"modified":"2021-02-21T15:02:50","modified_gmt":"2021-02-21T15:02:50","slug":"brembo-14-a854-10-jarrurumpu","status":"publish","type":"product","link":"https:\/\/www.autonvaraosahaku.fi\/?product=brembo-14-a854-10-jarrurumpu","title":{"rendered":"BREMBO 14.A854.10 Jarrurumpu"},"content":{"rendered":"<p>Rumpul\u00e4pimitta: 203; Suurin mahdollinen rummun sis\u00e4mitta (mm): 204,7; J-rumpu sis\u00e4leveys [mm]: 47; J-rumpu ulkoleveys [mm]: 61; Reikien m\u00e4\u00e4r\u00e4: 4; Asennusl\u00e4pimitta [mm]: 60; Asennuspuoli: Hinterachse; OPEL: CORSA D,ADAM,CORSA D Van; FIAT: GRANDE PUNTO 199,PUNTO EVO 199,PUNTO 199; VAUXHALL: CORSA Mk III D L_8,ADAM,CORSAVAN Mk III D; 55701379, 55703042, 55704049, 55701379, 568269<\/p>\n","protected":false},"excerpt":{"rendered":"<p>BREMBO Jarrurumpu 14.A854.10  OPEL,FIAT,VAUXHALL,CORSA D,ADAM,CORSA D Van,GRANDE PUNTO 199,PUNTO EVO 199,PUNTO 199,CORSA Mk III D L_8,ADAM<\/p>\n","protected":false},"featured_media":0,"template":"","meta":{"site-sidebar-layout":"default","site-content-layout":"default","ast-global-header-display":"","ast-main-header-display":"","ast-hfb-above-header-display":"","ast-hfb-below-header-display":"","ast-hfb-mobile-header-display":"","site-post-title":"","ast-breadcrumbs-content":"","ast-featured-img":"","footer-sml-layout":"","theme-transparent-header-meta":"","adv-header-id-meta":"","stick-header-meta":"","header-above-stick-meta":"","header-main-stick-meta":"","header-below-stick-meta":""},"pwb-brand":[146],"product_cat":[304],"product_tag":[],"class_list":{"0":"post-26786","1":"product","2":"type-product","3":"status-publish","5":"pwb-brand-brembo","6":"product_cat-jarrurumpu","7":"desktop-align-left","8":"tablet-align-left","9":"mobile-align-left","11":"first","12":"instock","13":"product-type-external"},"brands":[{"id":146,"name":"BREMBO","slug":"brembo"}],"_links":{"self":[{"href":"https:\/\/www.autonvaraosahaku.fi\/index.php?rest_route=\/wp\/v2\/product\/26786","targetHints":{"allow":["GET"]}}],"collection":[{"href":"https:\/\/www.autonvaraosahaku.fi\/index.php?rest_route=\/wp\/v2\/product"}],"about":[{"href":"https:\/\/www.autonvaraosahaku.fi\/index.php?rest_route=\/wp\/v2\/types\/product"}],"wp:attachment":[{"href":"https:\/\/www.autonvaraosahaku.fi\/index.php?rest_route=%2Fwp%2Fv2%2Fmedia&parent=26786"}],"wp:term":[{"taxonomy":"pwb-brand","embeddable":true,"href":"https:\/\/www.autonvaraosahaku.fi\/index.php?rest_route=%2Fwp%2Fv2%2Fpwb-brand&post=26786"},{"taxonomy":"product_cat","embeddable":true,"href":"https:\/\/www.autonvaraosahaku.fi\/index.php?rest_route=%2Fwp%2Fv2%2Fproduct_cat&post=26786"},{"taxonomy":"product_tag","embeddable":true,"href":"https:\/\/www.autonvaraosahaku.fi\/index.php?rest_route=%2Fwp%2Fv2%2Fproduct_tag&post=26786"}],"curies":[{"name":"wp","href":"https:\/\/api.w.org\/{rel}","templated":true}]}}