{"id":26789,"date":"2021-02-21T15:02:49","date_gmt":"2021-02-21T15:02:49","guid":{"rendered":"https:\/\/www.autonvaraosahaku.fi\/?product=fa1-411-508-tiivisteet"},"modified":"2021-02-21T15:02:50","modified_gmt":"2021-02-21T15:02:50","slug":"fa1-411-508-tiivisteet","status":"publish","type":"product","link":"https:\/\/www.autonvaraosahaku.fi\/?product=fa1-411-508-tiivisteet","title":{"rendered":"FA1 411-508 Tiivisteet"},"content":{"rendered":"<p>TECDOC-moottorinumero: 4828; NISSAN: X-TRAIL T30,NAVARA Pritsche\/Fahrgestell D22,CABSTAR E Pick-up US; KIA: SORENTO I JC; LAND ROVER: FREELANDER LN,RANGE ROVER III LM; OPEL: CORSA C F08, F68,MERIVA,AGILA A H00,OMEGA B Caravan 21_, 22_, 23_,OMEGA B 25_, 26_, 27_,TIGRA TwinTop,COMBO Kasten\/Kombi,COMBO Tour,AGILA B H08,CORSA C Kasten F08, W5L,COMBO Tour X12; BMW: 3 E46,3 Touring E91,3 E90,5 E39,5 E60,1 E87,5 Touring E61,3 Touring E46,X3 E83,5 Touring E39,5 Touring F11,5 F10, F18,3 Compact E46,3 Coupe E46,X1 E84,1 E81,3 Compact E36,3 E36,X3 F25,X5 E53,3 Coupe E92,3 Touring F31,3 Cabriolet E46,7 E38,3 Cabriolet E93,7 E65, E66, E67,3 Touring E36,1 Cabriolet E88,1 Coupe E82,4 Gran Coupe F36,X4 F26; ALFA ROMEO: 159 Sportwagon 939,GIULIETTA 940,159 939,BRERA,SPIDER 939; FIAT: GRANDE PUNTO 199,BRAVO II 198,CROMA 194,DOBLO Kasten\/Kombi 263,PANDA Van 169,DOBLO Gro\u00dfraumlimousine 152, 263,LINEA 323,DOBLO Pritsche\/Fahrgestell 263; 55193060, 11422246091, 68096420AA, 68148162AA, K68148162AA, 68096420AA, 68148162AA, K68148162AA, 55193060, 55566151, 860839, 93175301, 93177487, 282422A000, 282424A000, 2824727000, 68096420AA, 68148162AA, K68148162AA, 282422A000, 282424A000, 2824727000, 55193060, 8510016, STC2177, 55566151, 5860558, 5860899, 860839, 860844, 93175301, 93177487, PNT000100<\/p>\n","protected":false},"excerpt":{"rendered":"<p>FA1 Tiiviste, \u00d6ljyn Sis\u00e4\u00e4ntulo, (Ahdin) 411-508  NISSAN,KIA,LAND ROVER,X-TRAIL T30,NAVARA Pritsche\/Fahrgestell D22,CABSTAR E Pick-up US,SORENTO I JC<\/p>\n","protected":false},"featured_media":0,"template":"","meta":{"site-sidebar-layout":"default","site-content-layout":"default","ast-global-header-display":"","ast-main-header-display":"","ast-hfb-above-header-display":"","ast-hfb-below-header-display":"","ast-hfb-mobile-header-display":"","site-post-title":"","ast-breadcrumbs-content":"","ast-featured-img":"","footer-sml-layout":"","theme-transparent-header-meta":"","adv-header-id-meta":"","stick-header-meta":"","header-above-stick-meta":"","header-main-stick-meta":"","header-below-stick-meta":""},"pwb-brand":[39],"product_cat":[27],"product_tag":[],"class_list":{"0":"post-26789","1":"product","2":"type-product","3":"status-publish","5":"pwb-brand-fa1","6":"product_cat-tiivisteet","7":"desktop-align-left","8":"tablet-align-left","9":"mobile-align-left","11":"first","12":"instock","13":"product-type-external"},"brands":[{"id":39,"name":"FA1","slug":"fa1"}],"_links":{"self":[{"href":"https:\/\/www.autonvaraosahaku.fi\/index.php?rest_route=\/wp\/v2\/product\/26789","targetHints":{"allow":["GET"]}}],"collection":[{"href":"https:\/\/www.autonvaraosahaku.fi\/index.php?rest_route=\/wp\/v2\/product"}],"about":[{"href":"https:\/\/www.autonvaraosahaku.fi\/index.php?rest_route=\/wp\/v2\/types\/product"}],"wp:attachment":[{"href":"https:\/\/www.autonvaraosahaku.fi\/index.php?rest_route=%2Fwp%2Fv2%2Fmedia&parent=26789"}],"wp:term":[{"taxonomy":"pwb-brand","embeddable":true,"href":"https:\/\/www.autonvaraosahaku.fi\/index.php?rest_route=%2Fwp%2Fv2%2Fpwb-brand&post=26789"},{"taxonomy":"product_cat","embeddable":true,"href":"https:\/\/www.autonvaraosahaku.fi\/index.php?rest_route=%2Fwp%2Fv2%2Fproduct_cat&post=26789"},{"taxonomy":"product_tag","embeddable":true,"href":"https:\/\/www.autonvaraosahaku.fi\/index.php?rest_route=%2Fwp%2Fv2%2Fproduct_tag&post=26789"}],"curies":[{"name":"wp","href":"https:\/\/api.w.org\/{rel}","templated":true}]}}