{"id":26797,"date":"2021-02-21T15:02:49","date_gmt":"2021-02-21T15:02:49","guid":{"rendered":"https:\/\/www.autonvaraosahaku.fi\/?product=vaico-v24-0021-oljynsuodatin"},"modified":"2021-02-21T15:02:51","modified_gmt":"2021-02-21T15:02:51","slug":"vaico-v24-0021-oljynsuodatin","status":"publish","type":"product","link":"https:\/\/www.autonvaraosahaku.fi\/?product=vaico-v24-0021-oljynsuodatin","title":{"rendered":"VAICO V24-0021 \u00d6ljynsuodatin"},"content":{"rendered":"<p>Suodatintyyppi: Suodatinpanos; Sis\u00e4l\u00e4pimitta [mm]: 29; Ulkol\u00e4pimitta [mm]: 64; L\u00e4pimitta [mm]: 65; Korkeus (mm): 69; Sis\u00e4l\u00e4pimitta 1 [mm]: 29; Paino [kg]: 0,0625; Pakkausleveys [cm]: 6,5; Pakkauskorkeus [mm]: 6,5; Pakkaussyvyys [cm]: 6,9; lis\u00e4tieto: CST99; Moottorinumerosta: 4413115; LAND ROVER: FREELANDER 2 FA_,DEFENDER Station Wagon LD,RANGE ROVER EVOQUE LV,DEFENDER Pick-up LD_,DEFENDER Cabrio LD,DEFENDER Pritsche\/Fahrgestell LD,DISCOVERY SPORT LC; VOLVO: V50 MW,V70 III BW,C30,S40 II MS,C70 II Cabriolet,S80 II AS; OPEL: GRANDLAND X A18; MINI: MINI R56,MINI CLUBMAN R55,MINI Cabriolet R57,MINI COUNTRYMAN R60,MINI Coupe R58,MINI Roadster R59,MINI PACEMAN R61,MINI CLUBVAN R55; JAGUAR: XF _J05_, CC9,XF SPORTBRAKE CC9; LANCIA: PHEDRA 179; FORD: FOCUS II Kombi DA_,MONDEO IV Turnier BA7,FOCUS II DA_,S-MAX WA6,FOCUS III Turnier,FOCUS C-MAX,GALAXY WA6,KUGA I,C-MAX DM2,FOCUS III,TRANSIT MK-7 Kasten,C-MAX II,MONDEO IV BA7,KUGA II DM2,GRAND C-MAX,TRANSIT MK-7 Bus,FOCUS II Stufenheck DA_,FOCUS II Cabriolet,TRANSIT MK-7 Pritsche\/Fahrgestell,FOCUS III Stufenheck,TRANSIT CUSTOM Kasten,TOURNEO CUSTOM Bus,MONDEO IV Stufenheck BA7,TRANSIT TOURNEO FB,TRANSIT CUSTOM Bus,GRAND C-MAX Van,TRANSIT Custom Pritsche\/Fahrgestell,C-MAX II Van,KUGA II Van,FOCUS III Kasten\/Schr\u00e4gheck; TOYOTA: PROACE Kasten\/Kombi; FIAT: DUCATO Kasten 250,DUCATO Pritsche\/Fahrgestell 250,DUCATO Bus 250,SCUDO 270_,ULYSSE 179AX,QUBO 225,SCUDO Kasten 270_,FIORINO Kasten\/Kombi 225,SCUDO Pritsche\/Fahrgestell 270_; CITRO\u00cbN: BERLINGO MF,XSARA PICASSO N68,C2 JM_,C3 I FC_,BERLINGO B9,C5 III Break TD_,C4 Picasso I UD_,C4 Grand Picasso I UA_,C8 EA_, EB_,C4 I LC_,JUMPER Kasten,DS3,BERLINGO Kasten M_,C5 II Break RE_,C3 Picasso,C5 III RD_,C3 II,XSARA N1,C4 Coupe LA_,C3 Pluriel HB_,C4 II B7,C5 II RC_,C-CROSSER EP_,XSARA Break N2,JUMPY,BERLINGO Kasten B9,C6 TD_,JUMPY Kasten,C4 Grand Picasso II,C4 Picasso II,DS4,XSARA Coupe N0,NEMO Kasten AA_,JUMPER Bus,DS5,C4 Stufenheck L,JUMPER Pritsche\/Fahrgestell,NEMO Kombi,C-CROSSER ENTERPRISE,DS3 Cabriolet,C2 ENTERPRISE,C-ELYSEE,XSARA Kasten,C3 III SX,C4 Stufenheck N,JUMPY Pritsche\/Fahrgestell,XSARA Kasten\/Schr\u00e4gheck; 11427557012, 11427622446, 7557012, 7622446, 1109AH, 1109CK, 1109X4, 1109Z0, 1109Z2, 9818914980, E149109, E149234, 9467521180, 9467558380, 9662282580, 1303476, 1373069, 1427824, 1717510, 1727561, 3M5Q6744AA, 6C1Q6744AA, 6C1Q6744BA, 6G9Q6744AA, 6G9Q6744AB, 1427846, 9467558380, 9662282580, LR001247, LR001261, LR004459, LR028438, LR030778, MN982419, 1109AH, 1109AJ, 1109CK, 1109X3, 1109Y9, 1109Z1, 9818914980, E149109, E149234, 30650798, 31372700, 31375029<\/p>\n","protected":false},"excerpt":{"rendered":"<p>VAICO \u00d6ljynsuodatin V24-0021  LAND ROVER,VOLVO,OPEL,FREELANDER 2 FA_,DEFENDER Station Wagon LD,RANGE ROVER EVOQUE LV,DEFENDER Pick-up LD_<\/p>\n","protected":false},"featured_media":0,"template":"","meta":{"site-sidebar-layout":"default","site-content-layout":"default","ast-global-header-display":"","ast-main-header-display":"","ast-hfb-above-header-display":"","ast-hfb-below-header-display":"","ast-hfb-mobile-header-display":"","site-post-title":"","ast-breadcrumbs-content":"","ast-featured-img":"","footer-sml-layout":"","theme-transparent-header-meta":"","adv-header-id-meta":"","stick-header-meta":"","header-above-stick-meta":"","header-main-stick-meta":"","header-below-stick-meta":""},"pwb-brand":[330],"product_cat":[30],"product_tag":[],"class_list":{"0":"post-26797","1":"product","2":"type-product","3":"status-publish","5":"pwb-brand-vaico","6":"product_cat-oljynsuodatin","7":"desktop-align-left","8":"tablet-align-left","9":"mobile-align-left","11":"first","12":"instock","13":"product-type-external"},"brands":[{"id":330,"name":"VAICO","slug":"vaico"}],"_links":{"self":[{"href":"https:\/\/www.autonvaraosahaku.fi\/index.php?rest_route=\/wp\/v2\/product\/26797","targetHints":{"allow":["GET"]}}],"collection":[{"href":"https:\/\/www.autonvaraosahaku.fi\/index.php?rest_route=\/wp\/v2\/product"}],"about":[{"href":"https:\/\/www.autonvaraosahaku.fi\/index.php?rest_route=\/wp\/v2\/types\/product"}],"wp:attachment":[{"href":"https:\/\/www.autonvaraosahaku.fi\/index.php?rest_route=%2Fwp%2Fv2%2Fmedia&parent=26797"}],"wp:term":[{"taxonomy":"pwb-brand","embeddable":true,"href":"https:\/\/www.autonvaraosahaku.fi\/index.php?rest_route=%2Fwp%2Fv2%2Fpwb-brand&post=26797"},{"taxonomy":"product_cat","embeddable":true,"href":"https:\/\/www.autonvaraosahaku.fi\/index.php?rest_route=%2Fwp%2Fv2%2Fproduct_cat&post=26797"},{"taxonomy":"product_tag","embeddable":true,"href":"https:\/\/www.autonvaraosahaku.fi\/index.php?rest_route=%2Fwp%2Fv2%2Fproduct_tag&post=26797"}],"curies":[{"name":"wp","href":"https:\/\/api.w.org\/{rel}","templated":true}]}}