{"id":26802,"date":"2021-02-21T15:02:53","date_gmt":"2021-02-21T15:02:53","guid":{"rendered":"https:\/\/www.autonvaraosahaku.fi\/?product=japanparts-pa-013af-jarrupalat"},"modified":"2021-02-21T15:02:53","modified_gmt":"2021-02-21T15:02:53","slug":"japanparts-pa-013af-jarrupalat","status":"publish","type":"product","link":"https:\/\/www.autonvaraosahaku.fi\/?product=japanparts-pa-013af-jarrupalat","title":{"rendered":"JAPANPARTS PA-013AF Jarrupalat"},"content":{"rendered":"<p>Asennuspuoli: Etuakseli; Jarrutyyppi: Levyjarru; Pituus (mm): 116,4; Korkeus (mm): 52,6; Paksuus [mm]: 16,2; Jarruj\u00e4rjestelm\u00e4: LUCAS, Lucas; WVA-numero: 23973; Tarkistuskilpi: ECE R90 APPROVED; M\u00e4\u00e4r\u00e4yksikk\u00f6: Akselisarja; Jarrulevytyyppi: bel\u00fcftet; NISSAN: MICRA III K12,NOTE E11,MICRA IV K13,MICRA C+C K12; MERCEDES-BENZ: CITAN Kasten 415,CITAN Kombi 415,CITAN Mixto 415; DACIA: DUSTER,LOGAN MCV KS_,LODGY,LOGAN MCV II,DOKKER,LOGAN LS_,DOKKER Express,LOGAN EXPRESS FS_,LOGAN Pick-up US_,LOGAN II; RENAULT: CLIO III BR0\/1, CR0\/1,MODUS \/ GRAND MODUS F\/JP0_,CLIO IV,KANGOO \/ GRAND KANGOO KW0\/1_,CLIO Grandtour KR0\/1_,CAPTUR,KANGOO Express FW0\/1_,CLIO Grandtour IV,KANGOO BE BOP KW0\/1_,ZOE,LOGAN I Kombi KS_; 41060012R, 410604775R, 410608481R, 7701208422, 7701209164, 8671016692, 410608481R, 4154210510, A4154210510, 4106000Q0K, 410608481R, 41060AX625, 55810T62J00, D1060AX60A, D1060AX61A, D1060AX61F, D1060BH40A, 410604775R, 410608481R, 7701208422, 7701209164, 8671016692; Jarrupalasarja,Jarrupala, Levyjarru<\/p>\n","protected":false},"excerpt":{"rendered":"<p>JAPANPARTS Jarrupalat PA-013AF Jarrupalasarja,Jarrupala, Levyjarru NISSAN,MERCEDES-BENZ,DACIA,MICRA III K12,NOTE E11,MICRA IV K13,MICRA C+C K12<\/p>\n","protected":false},"featured_media":0,"template":"","meta":{"site-sidebar-layout":"default","site-content-layout":"default","ast-global-header-display":"","ast-main-header-display":"","ast-hfb-above-header-display":"","ast-hfb-below-header-display":"","ast-hfb-mobile-header-display":"","site-post-title":"","ast-breadcrumbs-content":"","ast-featured-img":"","footer-sml-layout":"","theme-transparent-header-meta":"","adv-header-id-meta":"","stick-header-meta":"","header-above-stick-meta":"","header-main-stick-meta":"","header-below-stick-meta":""},"pwb-brand":[334],"product_cat":[100],"product_tag":[],"class_list":{"0":"post-26802","1":"product","2":"type-product","3":"status-publish","5":"pwb-brand-japanparts","6":"product_cat-jarrupalat","7":"desktop-align-left","8":"tablet-align-left","9":"mobile-align-left","11":"first","12":"instock","13":"product-type-external"},"brands":[{"id":334,"name":"JAPANPARTS","slug":"japanparts"}],"_links":{"self":[{"href":"https:\/\/www.autonvaraosahaku.fi\/index.php?rest_route=\/wp\/v2\/product\/26802","targetHints":{"allow":["GET"]}}],"collection":[{"href":"https:\/\/www.autonvaraosahaku.fi\/index.php?rest_route=\/wp\/v2\/product"}],"about":[{"href":"https:\/\/www.autonvaraosahaku.fi\/index.php?rest_route=\/wp\/v2\/types\/product"}],"wp:attachment":[{"href":"https:\/\/www.autonvaraosahaku.fi\/index.php?rest_route=%2Fwp%2Fv2%2Fmedia&parent=26802"}],"wp:term":[{"taxonomy":"pwb-brand","embeddable":true,"href":"https:\/\/www.autonvaraosahaku.fi\/index.php?rest_route=%2Fwp%2Fv2%2Fpwb-brand&post=26802"},{"taxonomy":"product_cat","embeddable":true,"href":"https:\/\/www.autonvaraosahaku.fi\/index.php?rest_route=%2Fwp%2Fv2%2Fproduct_cat&post=26802"},{"taxonomy":"product_tag","embeddable":true,"href":"https:\/\/www.autonvaraosahaku.fi\/index.php?rest_route=%2Fwp%2Fv2%2Fproduct_tag&post=26802"}],"curies":[{"name":"wp","href":"https:\/\/api.w.org\/{rel}","templated":true}]}}