{"id":26837,"date":"2021-02-21T15:02:57","date_gmt":"2021-02-21T15:02:57","guid":{"rendered":"https:\/\/www.autonvaraosahaku.fi\/?product=beru-zse126-sytytyspuola"},"modified":"2021-02-21T15:02:59","modified_gmt":"2021-02-21T15:02:59","slug":"beru-zse126-sytytyspuola","status":"publish","type":"product","link":"https:\/\/www.autonvaraosahaku.fi\/?product=beru-zse126-sytytyspuola","title":{"rendered":"BERU ZSE126 Sytytyspuola"},"content":{"rendered":"<p>Liittimet: Kontaktfeder, Spring; Sytytyspuola: Sytytystulppakoskettimella, p\u00e4\u00e4teasteella; Liittimi\u00e4: 1; J\u00e4nnite (V): 12; Korvaava tuote\/korvaava tiedote 2: Elektroniikalla; Valmistaja rajaus: ELDOR; Valmistusvuoteen: 01\/2012; VW: POLO 6R, 6C,GOLF VII 5G1, BE1,UP,GOLF VII Kombi BA5,JETTA IV 162, 163,GOLF SPORTSVAN AM1,CADDY IV Kombi SAB, SAJ,POLO AW1, BZ1,CADDY IV Kasten SAA, SAH,T-ROC A11,CADDY ALLTRACK Kasten SAA,CADDY ALLTRACK Kombi SAB; AUDI: A3 Sportback 8VA,A3 Limousine 8VS,A3 8V1,Q2 GA; SKODA: OCTAVIA Combi 5E5,CITIGO,OCTAVIA 5E3,KAROQ NU7; SEAT: LEON 5F1,LEON ST 5F8,Mii KF1_,LEON SC 5F5,ATECA KH7,IBIZA V KJ1,ARONA KJ7; 04E905110B, 04E905110E, 04E905110K, 04E905110A, 04E905110B, 04E905110E, 04E905110K, 04E905110, 04E905110A, 04E905110B, 04E905110E, 04E905110K, 04E905110, 04E905110A, 04E905110B, 04E905110E, 04E905110K<\/p>\n","protected":false},"excerpt":{"rendered":"<p>BERU Sytytyspuola ZSE126  VW,AUDI,SKODA,POLO 6R, 6C,GOLF VII 5G1, BE1,UP,GOLF VII Kombi BA5,JETTA IV 162, 163,GOLF SPORTSVAN AM1<\/p>\n","protected":false},"featured_media":0,"template":"","meta":{"site-sidebar-layout":"default","site-content-layout":"default","ast-global-header-display":"","ast-main-header-display":"","ast-hfb-above-header-display":"","ast-hfb-below-header-display":"","ast-hfb-mobile-header-display":"","site-post-title":"","ast-breadcrumbs-content":"","ast-featured-img":"","footer-sml-layout":"","theme-transparent-header-meta":"","adv-header-id-meta":"","stick-header-meta":"","header-above-stick-meta":"","header-main-stick-meta":"","header-below-stick-meta":""},"pwb-brand":[327],"product_cat":[25],"product_tag":[],"class_list":{"0":"post-26837","1":"product","2":"type-product","3":"status-publish","5":"pwb-brand-beru","6":"product_cat-sytytyspuola","7":"desktop-align-left","8":"tablet-align-left","9":"mobile-align-left","11":"first","12":"instock","13":"product-type-external"},"brands":[{"id":327,"name":"BERU","slug":"beru"}],"_links":{"self":[{"href":"https:\/\/www.autonvaraosahaku.fi\/index.php?rest_route=\/wp\/v2\/product\/26837","targetHints":{"allow":["GET"]}}],"collection":[{"href":"https:\/\/www.autonvaraosahaku.fi\/index.php?rest_route=\/wp\/v2\/product"}],"about":[{"href":"https:\/\/www.autonvaraosahaku.fi\/index.php?rest_route=\/wp\/v2\/types\/product"}],"wp:attachment":[{"href":"https:\/\/www.autonvaraosahaku.fi\/index.php?rest_route=%2Fwp%2Fv2%2Fmedia&parent=26837"}],"wp:term":[{"taxonomy":"pwb-brand","embeddable":true,"href":"https:\/\/www.autonvaraosahaku.fi\/index.php?rest_route=%2Fwp%2Fv2%2Fpwb-brand&post=26837"},{"taxonomy":"product_cat","embeddable":true,"href":"https:\/\/www.autonvaraosahaku.fi\/index.php?rest_route=%2Fwp%2Fv2%2Fproduct_cat&post=26837"},{"taxonomy":"product_tag","embeddable":true,"href":"https:\/\/www.autonvaraosahaku.fi\/index.php?rest_route=%2Fwp%2Fv2%2Fproduct_tag&post=26837"}],"curies":[{"name":"wp","href":"https:\/\/api.w.org\/{rel}","templated":true}]}}