{"id":26861,"date":"2021-02-21T15:03:05","date_gmt":"2021-02-21T15:03:05","guid":{"rendered":"https:\/\/www.autonvaraosahaku.fi\/?product=elring-569-370-tiivisteet"},"modified":"2021-02-21T15:03:05","modified_gmt":"2021-02-21T15:03:05","slug":"elring-569-370-tiivisteet","status":"publish","type":"product","link":"https:\/\/www.autonvaraosahaku.fi\/?product=elring-569-370-tiivisteet","title":{"rendered":"ELRING 569.370 Tiivisteet"},"content":{"rendered":"<p>Sis\u00e4l\u00e4pimitta [mm]: 7,3; Ulkol\u00e4pimitta [mm]: 16; Paksuus [mm]: 2; Materiaali: Kupari; Muoto: A-muoto; Tarvittava kappalem\u00e4\u00e4r\u00e4: 4; JEEP: RENEGADE Gel\u00e4ndewagen geschlossen BU,CHEROKEE KL,COMPASS; SAAB: 9-3 YS3F,9-5 Kombi YS3E,9-3 Kombi YS3F,9-5 YS3E,9-3 Cabriolet YS3F,9-3X; SUZUKI: SX4 EY, GY,SX4 S-Cross,VITARA LY; OPEL: ZAFIRA B A05,ASTRA H Caravan L35,ASTRA H L48,VECTRA C Caravan,ASTRA H GTC L08,SIGNUM,VECTRA C,VECTRA C GTS,ASTRA H TwinTop L67,ZAFIRA B Van,COMBO Kasten\/Kombi X12,ASTRA H Kasten L70,COMBO Tour X12,COMBO Pritsche\/Fahrgestell; LANCIA: DELTA III 844,MUSA 350,LYBRA SW 839BX,LYBRA 839AX; FIAT: GRANDE PUNTO 199,PUNTO 188,DUCATO Kasten 250,STILO 192,BRAVO II 198,DUCATO Pritsche\/Fahrgestell 250,FREEMONT JF_,PUNTO EVO 199,DUCATO Bus 250,DOBLO Cargo 223,STILO Multi Wagon 192,DOBLO 119,CROMA 194,DOBLO Kasten\/Kombi 263,IDEA,SEDICI,STRADA Pick-up 178E,MULTIPLA 186,500L,DOBLO Gro\u00dfraumlimousine 152, 263,PUNTO Van 188AX,BRAVO I 182,BRAVA 182,MAREA Weekend 185,LINEA 323,DOBLO Pritsche\/Fahrgestell 263,MAREA 185,500X,TIPO Schr\u00e4gheck 356_,TIPO Kombi 356_,TIPO Stufenheck 356_; ALFA ROMEO: 147 937,159 Sportwagon 939,156 Sportwagon 932,GIULIETTA 940,MITO 955,156 932,159 939,GT 937,BRERA,SPIDER 939,145 930,146 930; DODGE: JOURNEY; DR: DR 5; CADILLAC: BLS,BLS Wagon; 1610564580, 198185, 1851188, 46518716, 55221016, 71769143, 1432205, 3M5Q9E568AA, 8099055, SH0113H51, Y60113H51, 13537804979, 1610564580, 198185, 028103085; Tiiviste Suuttimen Pidin<\/p>\n","protected":false},"excerpt":{"rendered":"<p>ELRING Tiiviste Suutinistukka 569.370 Tiiviste Suuttimen Pidin JEEP,SAAB,SUZUKI,RENEGADE Gel\u00e4ndewagen geschlossen BU,CHEROKEE KL,COMPASS,9-3 YS3F<\/p>\n","protected":false},"featured_media":0,"template":"","meta":{"site-sidebar-layout":"default","site-content-layout":"default","ast-global-header-display":"","ast-main-header-display":"","ast-hfb-above-header-display":"","ast-hfb-below-header-display":"","ast-hfb-mobile-header-display":"","site-post-title":"","ast-breadcrumbs-content":"","ast-featured-img":"","footer-sml-layout":"","theme-transparent-header-meta":"","adv-header-id-meta":"","stick-header-meta":"","header-above-stick-meta":"","header-main-stick-meta":"","header-below-stick-meta":""},"pwb-brand":[26],"product_cat":[27],"product_tag":[],"class_list":{"0":"post-26861","1":"product","2":"type-product","3":"status-publish","5":"pwb-brand-elring","6":"product_cat-tiivisteet","7":"desktop-align-left","8":"tablet-align-left","9":"mobile-align-left","11":"first","12":"instock","13":"product-type-external"},"brands":[{"id":26,"name":"ELRING","slug":"elring"}],"_links":{"self":[{"href":"https:\/\/www.autonvaraosahaku.fi\/index.php?rest_route=\/wp\/v2\/product\/26861","targetHints":{"allow":["GET"]}}],"collection":[{"href":"https:\/\/www.autonvaraosahaku.fi\/index.php?rest_route=\/wp\/v2\/product"}],"about":[{"href":"https:\/\/www.autonvaraosahaku.fi\/index.php?rest_route=\/wp\/v2\/types\/product"}],"wp:attachment":[{"href":"https:\/\/www.autonvaraosahaku.fi\/index.php?rest_route=%2Fwp%2Fv2%2Fmedia&parent=26861"}],"wp:term":[{"taxonomy":"pwb-brand","embeddable":true,"href":"https:\/\/www.autonvaraosahaku.fi\/index.php?rest_route=%2Fwp%2Fv2%2Fpwb-brand&post=26861"},{"taxonomy":"product_cat","embeddable":true,"href":"https:\/\/www.autonvaraosahaku.fi\/index.php?rest_route=%2Fwp%2Fv2%2Fproduct_cat&post=26861"},{"taxonomy":"product_tag","embeddable":true,"href":"https:\/\/www.autonvaraosahaku.fi\/index.php?rest_route=%2Fwp%2Fv2%2Fproduct_tag&post=26861"}],"curies":[{"name":"wp","href":"https:\/\/api.w.org\/{rel}","templated":true}]}}