{"id":26863,"date":"2021-02-21T15:03:05","date_gmt":"2021-02-21T15:03:05","guid":{"rendered":"https:\/\/www.autonvaraosahaku.fi\/?product=vemo-v99-75-0010-sytytystulpat"},"modified":"2021-02-21T15:03:05","modified_gmt":"2021-02-21T15:03:05","slug":"vemo-v99-75-0010-sytytystulpat","status":"publish","type":"product","link":"https:\/\/www.autonvaraosahaku.fi\/?product=vemo-v99-75-0010-sytytystulpat","title":{"rendered":"VEMO V99-75-0010 Sytytystulpat"},"content":{"rendered":"<p>K\u00e4rkiv\u00e4li (mm): 0,7; Pituus (mm): 126; Paino [kg]: 0,06; Sytytystulppa: 1-maaelektroodi; Pakkausleveys [cm]: 8,5; Pakkauskorkeus [mm]: 2,4; Pakkaussyvyys [cm]: 2,4; Tuotelinja: Q+, original equipment manufacturer quality; S\u00e4\u00e4dett\u00e4va k\u00e4rkiv\u00e4li [mm]: 0,8; AUDI: A4 Avant 8ED, B7,A4 Avant 8E5, B6,A4 8E2, B6,A4 8EC, B7; MAZDA: 626 V Hatchback GF,626 V GF,626 V Station Wagon GW,323 C IV BG,FAMILIA IV BF,626 III GD,FAMILIA IV BG,626 III Hatchback GD,626 III Coupe GD,626 III Station Wagon GV; SKODA: FABIA Combi 6Y5,FABIA 6Y2,OCTAVIA 1U2,FABIA Stufenheck 6Y3,FELICIA I 6U1,FELICIA II 6U1,FELICIA I Kombi 6U5,FAVORIT 781,FAVORIT Forman 785,FAVORIT Pick-up 787; JEEP: CHEROKEE XJ; DAEWOO: LANOS KLAT,NUBIRA Wagon KLAJ,LANOS Stufenheck KLAT,LEGANZA KLAV,NUBIRA Stufenheck KLAJ,NUBIRA KLAJ; LADA: 111 2111; NISSAN: PRIMERA P11,PRIMERA Traveller WP11,PRIMERA Hatchback P11,ALMERA I Hatchback N15,ALMERA I N15,100 NX B13,SERENA C23M,PRIMERA P10,SUNNY III N14,PULSAR V Schr\u00e4gheck N14,SUNNY III Liftback N14,PRIMERA Hatchback P10,PRIMERA Traveller W10,SUNNY II Hatchback N13,BLUEBIRD T72 , T12,SUNNY III Traveller Y10,VANETTE CARGO Kasten HC 23,BLUEBIRD Hatchback T72, T12,VANETTE CARGO Bus HC 23,SUNNY II N13,BLUEBIRD Station Wagon WU11,BLUEBIRD U11,SUNNY II Traveller B12; KIA: CARENS II FJ,SPORTAGE K00,CARENS I FC,SHUMA FB,CLARUS K9A,CLARUS Kombi GC,SEPHIA Stufenheck FA,SEPHIA FA; LAND ROVER: DISCOVERY I LJ, LG; HYUNDAI: TUCSON JM,ATOS MX,SONATA V NF,SONATA IV EF,ACCENT II LC,COUPE RD,ELANTRA XD,ELANTRA Stufenheck XD,ACCENT I X-3,ACCENT II Stufenheck LC,GRANDEUR TG,LANTRA II Wagon J-2,LANTRA II J-2; 5962C6, 5962F8, 287037, 8819294; Tulpat,Sytytystulppa<\/p>\n","protected":false},"excerpt":{"rendered":"<p>VEMO Sytytystulpat V99-75-0010 Tulpat,Sytytystulppa AUDI,MAZDA,SKODA,A4 Avant 8ED, B7,A4 Avant 8E5, B6,A4 8E2, B6,A4 8EC, B7,626 V Hatchback GF<\/p>\n","protected":false},"featured_media":0,"template":"","meta":{"site-sidebar-layout":"default","site-content-layout":"default","ast-global-header-display":"","ast-main-header-display":"","ast-hfb-above-header-display":"","ast-hfb-below-header-display":"","ast-hfb-mobile-header-display":"","site-post-title":"","ast-breadcrumbs-content":"","ast-featured-img":"","footer-sml-layout":"","theme-transparent-header-meta":"","adv-header-id-meta":"","stick-header-meta":"","header-above-stick-meta":"","header-main-stick-meta":"","header-below-stick-meta":""},"pwb-brand":[168],"product_cat":[165],"product_tag":[],"class_list":{"0":"post-26863","1":"product","2":"type-product","3":"status-publish","5":"pwb-brand-vemo","6":"product_cat-sytytystulpat","7":"desktop-align-left","8":"tablet-align-left","9":"mobile-align-left","11":"first","12":"instock","13":"product-type-external"},"brands":[{"id":168,"name":"VEMO","slug":"vemo"}],"_links":{"self":[{"href":"https:\/\/www.autonvaraosahaku.fi\/index.php?rest_route=\/wp\/v2\/product\/26863","targetHints":{"allow":["GET"]}}],"collection":[{"href":"https:\/\/www.autonvaraosahaku.fi\/index.php?rest_route=\/wp\/v2\/product"}],"about":[{"href":"https:\/\/www.autonvaraosahaku.fi\/index.php?rest_route=\/wp\/v2\/types\/product"}],"wp:attachment":[{"href":"https:\/\/www.autonvaraosahaku.fi\/index.php?rest_route=%2Fwp%2Fv2%2Fmedia&parent=26863"}],"wp:term":[{"taxonomy":"pwb-brand","embeddable":true,"href":"https:\/\/www.autonvaraosahaku.fi\/index.php?rest_route=%2Fwp%2Fv2%2Fpwb-brand&post=26863"},{"taxonomy":"product_cat","embeddable":true,"href":"https:\/\/www.autonvaraosahaku.fi\/index.php?rest_route=%2Fwp%2Fv2%2Fproduct_cat&post=26863"},{"taxonomy":"product_tag","embeddable":true,"href":"https:\/\/www.autonvaraosahaku.fi\/index.php?rest_route=%2Fwp%2Fv2%2Fproduct_tag&post=26863"}],"curies":[{"name":"wp","href":"https:\/\/api.w.org\/{rel}","templated":true}]}}