{"id":26868,"date":"2021-02-21T15:03:05","date_gmt":"2021-02-21T15:03:05","guid":{"rendered":"https:\/\/www.autonvaraosahaku.fi\/?product=denso-dg-113-hehkutulppa"},"modified":"2021-02-21T15:03:06","modified_gmt":"2021-02-21T15:03:06","slug":"denso-dg-113-hehkutulppa","status":"publish","type":"product","link":"https:\/\/www.autonvaraosahaku.fi\/?product=denso-dg-113-hehkutulppa","title":{"rendered":"DENSO DG-113 Hehkutulppa"},"content":{"rendered":"<p>J\u00e4nnite (V): 11; Kierremitta: M8x1.0; Vastus [Ohm]: 0,8; Kokonaispituus (mm): 118,5; Avainv\u00e4li: 8; Paino [g]: 34,3; Kiristysmomentti > [Nm]: 1; Kiristysmomentti enint\u00e4\u00e4n [Nm]: 1,5; Tarvittava kappalem\u00e4\u00e4r\u00e4: 4; FORD: FIESTA V JH_, JD_,FOCUS II Kombi DA_,FOCUS II DA_,FOCUS C-MAX,FUSION JU_,FOCUS II Stufenheck DA_,FIESTA V Van; PEUGEOT: 206 Schr\u00e4gheck 2A\/C,206 CC 2D,207 WA_, WC_,307 SW 3H,407 SW 6E_,307 3A\/C,107,206 SW 2E\/K,206+ T3E,307 Break 3E,407 6D_,1007 KM_,PARTNER Combispace 5F,PARTNER Kasten 5,206 Stufenheck,206 Van,207 Van; CITRO\u00cbN: BERLINGO MF,XSARA PICASSO N68,C2 JM_,C3 I FC_,C4 I LC_,BERLINGO Kasten M_,C5 II Break RE_,XSARA N1,C4 Coupe LA_,C3 Pluriel HB_,C5 II RC_,XSARA Break N2,XSARA Coupe N0,C2 ENTERPRISE; MAZDA: 3 BK,2 DY,3 BL,3 Stufenheck BK,3 Stufenheck BL; VOLVO: V50 MW,V70 III BW,C30,S40 II MS,S80 II AS; SUZUKI: SX4 EY, GY,LIANA Schr\u00e4gheck,LIANA ER; 1148105, 1525910, 2S6Q6M090AA, Y40118601, Y40118601A, 1855073J00, SU00100671, 30711106<\/p>\n","protected":false},"excerpt":{"rendered":"<p>DENSO Hehkutulppa DG-113  FORD,PEUGEOT,CITRO\u00cbN,FIESTA V JH_, JD_,FOCUS II Kombi DA_,FOCUS II DA_,FOCUS C-MAX,FUSION JU_,FOCUS II Stufenheck DA_<\/p>\n","protected":false},"featured_media":0,"template":"","meta":{"site-sidebar-layout":"default","site-content-layout":"default","ast-global-header-display":"","ast-main-header-display":"","ast-hfb-above-header-display":"","ast-hfb-below-header-display":"","ast-hfb-mobile-header-display":"","site-post-title":"","ast-breadcrumbs-content":"","ast-featured-img":"","footer-sml-layout":"","theme-transparent-header-meta":"","adv-header-id-meta":"","stick-header-meta":"","header-above-stick-meta":"","header-main-stick-meta":"","header-below-stick-meta":""},"pwb-brand":[278],"product_cat":[52],"product_tag":[],"class_list":{"0":"post-26868","1":"product","2":"type-product","3":"status-publish","5":"pwb-brand-denso","6":"product_cat-hehkutulppa","7":"desktop-align-left","8":"tablet-align-left","9":"mobile-align-left","11":"first","12":"instock","13":"product-type-external"},"brands":[{"id":278,"name":"DENSO","slug":"denso"}],"_links":{"self":[{"href":"https:\/\/www.autonvaraosahaku.fi\/index.php?rest_route=\/wp\/v2\/product\/26868","targetHints":{"allow":["GET"]}}],"collection":[{"href":"https:\/\/www.autonvaraosahaku.fi\/index.php?rest_route=\/wp\/v2\/product"}],"about":[{"href":"https:\/\/www.autonvaraosahaku.fi\/index.php?rest_route=\/wp\/v2\/types\/product"}],"wp:attachment":[{"href":"https:\/\/www.autonvaraosahaku.fi\/index.php?rest_route=%2Fwp%2Fv2%2Fmedia&parent=26868"}],"wp:term":[{"taxonomy":"pwb-brand","embeddable":true,"href":"https:\/\/www.autonvaraosahaku.fi\/index.php?rest_route=%2Fwp%2Fv2%2Fpwb-brand&post=26868"},{"taxonomy":"product_cat","embeddable":true,"href":"https:\/\/www.autonvaraosahaku.fi\/index.php?rest_route=%2Fwp%2Fv2%2Fproduct_cat&post=26868"},{"taxonomy":"product_tag","embeddable":true,"href":"https:\/\/www.autonvaraosahaku.fi\/index.php?rest_route=%2Fwp%2Fv2%2Fproduct_tag&post=26868"}],"curies":[{"name":"wp","href":"https:\/\/api.w.org\/{rel}","templated":true}]}}