{"id":26873,"date":"2021-02-21T15:03:05","date_gmt":"2021-02-21T15:03:05","guid":{"rendered":"https:\/\/www.autonvaraosahaku.fi\/?product=metelli-04-0072-takajarrusylinteri"},"modified":"2021-02-21T15:03:07","modified_gmt":"2021-02-21T15:03:07","slug":"metelli-04-0072-takajarrusylinteri","status":"publish","type":"product","link":"https:\/\/www.autonvaraosahaku.fi\/?product=metelli-04-0072-takajarrusylinteri","title":{"rendered":"METELLI 04-0072 Takajarrusylinteri"},"content":{"rendered":"<p>Materiaali: Valurauta; Reik\u00e4-\u00d8 [mm]: 19,05; Akseliv\u00e4li (mm): 1,25; Asennuspuoli: Hinterachse; FIAT: 126,127,600,850 Spider,850,128 Coupe,128,850 Coupe,FIORINO 147,127 Panorama,128 Familiare,FIORINO 127,147,FIORINO Pick up 147,147 Panorama; SEAT: 127 127A,124,600 D,133,850,128,PANDA 141A; LADA: 1200-1600; AUTOBIANCHI: A 112; ZASTAVA: 750,101 1100,YUGO,YUGO FLORIDA; 4121616, 4347258, 4373614, 4394460, 7621101, 790215, 3980011, 4121616, 4347258, 4373614, 4394460, 71738329, 7621101, 790049, 790215, 4121616, 4347258, 4373614, 4394460, 7621101, 790215, 557201119, 21013502040, 3980011, 790049, EA7220001, EA72200100, 4121616, 4347258, 4373614, 4394460, 7621101, 790215; Py\u00f6r\u00e4n Jarrusylinteri,Jarrusylinteri<\/p>\n","protected":false},"excerpt":{"rendered":"<p>METELLI Takajarrusylinteri 04-0072 Py\u00f6r\u00e4n Jarrusylinteri,Jarrusylinteri FIAT,SEAT,LADA,126,127,600,850 Spider,850,128 Coupe,128,850 Coupe,FIORINO 147<\/p>\n","protected":false},"featured_media":0,"template":"","meta":{"site-sidebar-layout":"default","site-content-layout":"default","ast-global-header-display":"","ast-main-header-display":"","ast-hfb-above-header-display":"","ast-hfb-below-header-display":"","ast-hfb-mobile-header-display":"","site-post-title":"","ast-breadcrumbs-content":"","ast-featured-img":"","footer-sml-layout":"","theme-transparent-header-meta":"","adv-header-id-meta":"","stick-header-meta":"","header-above-stick-meta":"","header-main-stick-meta":"","header-below-stick-meta":""},"pwb-brand":[251],"product_cat":[158],"product_tag":[],"class_list":{"0":"post-26873","1":"product","2":"type-product","3":"status-publish","5":"pwb-brand-metelli","6":"product_cat-takajarrusylinteri","7":"desktop-align-left","8":"tablet-align-left","9":"mobile-align-left","11":"first","12":"instock","13":"product-type-external"},"brands":[{"id":251,"name":"METELLI","slug":"metelli"}],"_links":{"self":[{"href":"https:\/\/www.autonvaraosahaku.fi\/index.php?rest_route=\/wp\/v2\/product\/26873","targetHints":{"allow":["GET"]}}],"collection":[{"href":"https:\/\/www.autonvaraosahaku.fi\/index.php?rest_route=\/wp\/v2\/product"}],"about":[{"href":"https:\/\/www.autonvaraosahaku.fi\/index.php?rest_route=\/wp\/v2\/types\/product"}],"wp:attachment":[{"href":"https:\/\/www.autonvaraosahaku.fi\/index.php?rest_route=%2Fwp%2Fv2%2Fmedia&parent=26873"}],"wp:term":[{"taxonomy":"pwb-brand","embeddable":true,"href":"https:\/\/www.autonvaraosahaku.fi\/index.php?rest_route=%2Fwp%2Fv2%2Fpwb-brand&post=26873"},{"taxonomy":"product_cat","embeddable":true,"href":"https:\/\/www.autonvaraosahaku.fi\/index.php?rest_route=%2Fwp%2Fv2%2Fproduct_cat&post=26873"},{"taxonomy":"product_tag","embeddable":true,"href":"https:\/\/www.autonvaraosahaku.fi\/index.php?rest_route=%2Fwp%2Fv2%2Fproduct_tag&post=26873"}],"curies":[{"name":"wp","href":"https:\/\/api.w.org\/{rel}","templated":true}]}}