{"id":26877,"date":"2021-02-21T15:03:05","date_gmt":"2021-02-21T15:03:05","guid":{"rendered":"https:\/\/www.autonvaraosahaku.fi\/?product=sasic-1630210-kierretulppa"},"modified":"2021-02-21T15:03:07","modified_gmt":"2021-02-21T15:03:07","slug":"sasic-1630210-kierretulppa","status":"publish","type":"product","link":"https:\/\/www.autonvaraosahaku.fi\/?product=sasic-1630210-kierretulppa","title":{"rendered":"SASIC 1630210 Kierretulppa"},"content":{"rendered":"<p>Pituus (mm): 12; Kierremitta: M16x1,5; OE-numerolle: 016393; RENAULT: TWINGO I C06_,CLIO II BB0\/1\/2_, CB0\/1\/2_,KANGOO KC0\/1_,SC\u00c9NIC I JA0\/1_,ESPACE III JE0_,MEGANE Scenic JA0\/1_,MEGANE I BA0\/1_,MASTER II Kasten FD,KANGOO Express FC0\/1_,LAGUNA I B56_, 556_,CLIO I B\/C57_, 5\/357_,MASTER II Pritsche\/Fahrgestell ED\/HD\/UD,MASTER II Bus JD,CLIO II Kasten SB0\/1\/2_,19 II B\/C53_,SUPER 5 B\/C40_,RAPID Kasten F40_, G40_,19 I B\/C53_,SAFRANE II B54_,TRAFIC Kasten TXX,TRAFIC Bus TXW,SAFRANE I B54_,ESPACE I J11_,21 Stufenheck L48_,25 B29_,MASTER I Kasten T__,TRAFIC Kasten T1, T3, T4,TRAFIC Bus T5, T6, T7,21 B48_,19 II Kasten S53_,TRAFIC Pritsche\/Fahrgestell P6,TRAFIC Pritsche\/Fahrgestell PXX,EXPRESS Pick-up,SUPER 5 Kasten S40_; CITRO\u00cbN: BERLINGO MF,XSARA PICASSO N68,SAXO S0, S1,XSARA N1,XSARA Break N2,XM Y4,XSARA Coupe N0,AX ZA-_,ZX N2,BX XB-_,C25 Bus 280_, 290_,XM Y3,C25 Pritsche\/Fahrgestell 280_, 290_,XM Break Y4,BX Break XB-_,C25 Kasten 280_, 290_,C15 VD-_,XM Break Y3,C15 Kombi; PEUGEOT: 206 Schr\u00e4gheck 2A\/C,206 SW 2E\/K,106 II 1,306 Schr\u00e4gheck 7A, 7C, N3, N5,PARTNER Combispace 5F,106 I 1A, 1C,205 II 20A\/C,PARTNER Kasten 5,J5 Pritsche\/Fahrgestell 280L,406 8B,J5 Pritsche\/Fahrgestell 290L,306 7B, N3, N5,J5 Kasten 280L,206 Stufenheck,J5 Bus 290P,205 I 741A\/C,J5 Kasten 290L,J5 Bus 280P,405 I 15B,405 II 4B,504 A_, M_,404,504 Cabriolet,505 551A,504 Coupe,204,305 II 581M,505 Break 551D,604 561A_,204 Cabriolet,504 Break D_, F_,504 Pick-up E_,304 _04M_,J7 Kasten,404 Cabriolet,305 I 581A,J9 Kasten,204 Break,J9 Pritsche\/Fahrgestell,304 Break _04D_,204 Coupe; 016321, 016393, 016321, 016393, 7703075210, 7903075033; \u00d6ljytulppa,Kierretulppa, \u00d6ljypohja<\/p>\n","protected":false},"excerpt":{"rendered":"<p>SASIC Kierretulppa 1630210 \u00d6ljytulppa,Kierretulppa, \u00d6ljypohja RENAULT,CITRO\u00cbN,PEUGEOT,TWINGO I C06_,CLIO II BB0\/1\/2_, CB0\/1\/2_,KANGOO KC0\/1_<\/p>\n","protected":false},"featured_media":0,"template":"","meta":{"site-sidebar-layout":"default","site-content-layout":"default","ast-global-header-display":"","ast-main-header-display":"","ast-hfb-above-header-display":"","ast-hfb-below-header-display":"","ast-hfb-mobile-header-display":"","site-post-title":"","ast-breadcrumbs-content":"","ast-featured-img":"","footer-sml-layout":"","theme-transparent-header-meta":"","adv-header-id-meta":"","stick-header-meta":"","header-above-stick-meta":"","header-main-stick-meta":"","header-below-stick-meta":""},"pwb-brand":[110],"product_cat":[40],"product_tag":[],"class_list":{"0":"post-26877","1":"product","2":"type-product","3":"status-publish","5":"pwb-brand-sasic","6":"product_cat-kierretulppa","7":"desktop-align-left","8":"tablet-align-left","9":"mobile-align-left","11":"first","12":"instock","13":"product-type-external"},"brands":[{"id":110,"name":"SASIC","slug":"sasic"}],"_links":{"self":[{"href":"https:\/\/www.autonvaraosahaku.fi\/index.php?rest_route=\/wp\/v2\/product\/26877","targetHints":{"allow":["GET"]}}],"collection":[{"href":"https:\/\/www.autonvaraosahaku.fi\/index.php?rest_route=\/wp\/v2\/product"}],"about":[{"href":"https:\/\/www.autonvaraosahaku.fi\/index.php?rest_route=\/wp\/v2\/types\/product"}],"wp:attachment":[{"href":"https:\/\/www.autonvaraosahaku.fi\/index.php?rest_route=%2Fwp%2Fv2%2Fmedia&parent=26877"}],"wp:term":[{"taxonomy":"pwb-brand","embeddable":true,"href":"https:\/\/www.autonvaraosahaku.fi\/index.php?rest_route=%2Fwp%2Fv2%2Fpwb-brand&post=26877"},{"taxonomy":"product_cat","embeddable":true,"href":"https:\/\/www.autonvaraosahaku.fi\/index.php?rest_route=%2Fwp%2Fv2%2Fproduct_cat&post=26877"},{"taxonomy":"product_tag","embeddable":true,"href":"https:\/\/www.autonvaraosahaku.fi\/index.php?rest_route=%2Fwp%2Fv2%2Fproduct_tag&post=26877"}],"curies":[{"name":"wp","href":"https:\/\/api.w.org\/{rel}","templated":true}]}}