{"id":26898,"date":"2021-02-21T15:03:08","date_gmt":"2021-02-21T15:03:08","guid":{"rendered":"https:\/\/www.autonvaraosahaku.fi\/?product=magneti-marelli-062900010304-hehkutulppa"},"modified":"2021-02-21T15:03:11","modified_gmt":"2021-02-21T15:03:11","slug":"magneti-marelli-062900010304-hehkutulppa","status":"publish","type":"product","link":"https:\/\/www.autonvaraosahaku.fi\/?product=magneti-marelli-062900010304-hehkutulppa","title":{"rendered":"MAGNETI MARELLI 062900010304 Hehkutulppa"},"content":{"rendered":"<p>Kiristysmomentti: 3; Liittimet: M5; Kiristysmomentti enint\u00e4\u00e4n [Nm]: 22; Virta (A): 10; Kiristysmomentti > [Nm]: 15; Hehkutulppatyyppi: Metallihehkutulppa; Asennuskulma: 63; J\u00e4nnite (V): 11; Pituus 1 (mm): 32; Pituus 2 (mm): 25; Kokonaispituus (mm): 72,4; Kierremitta: M12X1,25; Avainv\u00e4li: 12; L\u00e4mmitysaika [min]: 7; Valmistusvuoteen: 04\/1996; NISSAN: PATROL Hardtop K160,PATROL Hardtop K260; JEEP: CHEROKEE XJ; LADA: NIVA 2121; SUZUKI: VITARA ET, TA,VITARA Cabrio ET, TA; SEAT: IBIZA I 021A,MALAGA 023A,RONDA 022A; MERCEDES-BENZ: 190 W201,Stufenheck W124,Stufenheck W123,KOMBI Kombi S124,E-CLASS W124,E-CLASS Kombi S124,COUPE C123,SPRINTER 3-t Kasten 903,SPRINTER 2-t Bus 901, 902,SPRINTER 2-t Kasten 901, 902,SPRINTER 3-t Bus 903,KOMBI Kombi S123,SPRINTER 3-t Pritsche\/Fahrgestell 903,100 Bus 631,100 Kasten 631,SPRINTER 4-t Pritsche\/Fahrgestell 904,T2\/LN1 Kasten\/Kombi,SPRINTER 2-t Pritsche\/Fahrgestell 901, 902,100 Pritsche\/Fahrgestell 631,SPRINTER 4-t Kasten 904,T1\/TN Pritsche\/Fahrgestell,T2\/LN1 Pritsche\/Fahrgestell,T1\/TN Kasten\/Kombi,T2\/LN1 Kipper; LAND ROVER: DEFENDER Station Wagon LD,DEFENDER Cabrio LD,90\/110 DHMC; LANCIA: DELTA I 831AB0,THEMA 834,DELTA II 836,ZETA 220,DEDRA 835,DEDRA SW 835,THEMA SW 834,PRISMA 831AB0; OPEL: ASTRA G CC F48_, F08_,OMEGA A 16_, 17_, 19_,ASTRA G Caravan F35_,ASTRA F CC 53_, 54_, 58_, 59_,OMEGA B 25_, 26_, 27_,ASTRA F Caravan 51_, 52_,ASTRA G Stufenheck F69_,VECTRA A 86_, 87_,ASTRA F 56_, 57_,KADETT E CC 33_, 34_, 43_, 44_,ASCONA C 81_, 86_, 87_, 88_,REKORD E 17_-19_, 11_, 14_, 16_,SENATOR A 29_,OMEGA A Caravan 66_, 67_,KADETT D 31_-34_, 41_-44_,KADETT E 39_, 49_,ASCONA C CC 84_, 89_,ASTRA G Kasten F70,KADETT E Caravan 35_, 36_, 45_, 46_,ASTRA F Van 55_,REKORD E Caravan 61_, 66_, 67_,KADETT D 32_,37_,39, _42,KADETT D Caravan 35_, 36_, 45_, 46_,KADETT E Kasten 37_, 47_; IVECO: DAILY I Pritsche\/Fahrgestell,DAILY I Kasten\/Kombi; 46072001, 4729595, 4849406, 60596245, 71719015, 7702960, 77359200, 9633214380, 12121286059, 12121288161, 12231288245, 12232240255, 12232241387, 12232241388, 12232241389, 12239061353, 12239061354, 12232241389, T0701130, 12239061353, 12239061354, 596032, 5960G7, 596139, 596140, 596153, 596154, 596157, 596158, 5962008, 59621R, 59621T, 59621V, 59621Y, 59623H, 59623J, 596258, 596274, 5962J2, 5962J3, 5962J4, 5962J5, 5962J6, 5962K5, 5962R8, 5962S8, 5962T1, 5962T3, 5962W8, 5962X1, 598110, 598113, 598115, 7920076593, 7932564528, 7932567717, 7932567718, 91507718, 9150771880, 91508610, 9150861080, 91515869, 91521849, 91521918, 9152191880, 91536646, 9153664680, 9250883280, 9250888280, 92515867, 9251586780, 92515869, 9549299580, 95493205, 95493206, 95534787, 95534788, 96009783, 96104689, 96141678, 96165724, 96332143, 9633214380, MKD00066, MKP00065, MKP00067, MKP00069, 90210824, 105977, 1353958, 192618, 07029585, 4393814, 4474413, 46072001, 46072001F, 4714294, 4729585, 4738576, 4752281, 4754011, 4&#8230;<\/p>\n","protected":false},"excerpt":{"rendered":"<p>MAGNETI MARELLI Hehkutulppa 062900010304  NISSAN,JEEP,LADA,PATROL Hardtop K160,PATROL Hardtop K260,CHEROKEE XJ,NIVA 2121,VITARA ET, TA<\/p>\n","protected":false},"featured_media":0,"template":"","meta":{"site-sidebar-layout":"default","site-content-layout":"default","ast-global-header-display":"","ast-main-header-display":"","ast-hfb-above-header-display":"","ast-hfb-below-header-display":"","ast-hfb-mobile-header-display":"","site-post-title":"","ast-breadcrumbs-content":"","ast-featured-img":"","footer-sml-layout":"","theme-transparent-header-meta":"","adv-header-id-meta":"","stick-header-meta":"","header-above-stick-meta":"","header-main-stick-meta":"","header-below-stick-meta":""},"pwb-brand":[34],"product_cat":[52],"product_tag":[],"class_list":{"0":"post-26898","1":"product","2":"type-product","3":"status-publish","5":"pwb-brand-magneti-marelli","6":"product_cat-hehkutulppa","7":"desktop-align-left","8":"tablet-align-left","9":"mobile-align-left","11":"first","12":"instock","13":"product-type-external"},"brands":[{"id":34,"name":"MAGNETI MARELLI","slug":"magneti-marelli"}],"_links":{"self":[{"href":"https:\/\/www.autonvaraosahaku.fi\/index.php?rest_route=\/wp\/v2\/product\/26898","targetHints":{"allow":["GET"]}}],"collection":[{"href":"https:\/\/www.autonvaraosahaku.fi\/index.php?rest_route=\/wp\/v2\/product"}],"about":[{"href":"https:\/\/www.autonvaraosahaku.fi\/index.php?rest_route=\/wp\/v2\/types\/product"}],"wp:attachment":[{"href":"https:\/\/www.autonvaraosahaku.fi\/index.php?rest_route=%2Fwp%2Fv2%2Fmedia&parent=26898"}],"wp:term":[{"taxonomy":"pwb-brand","embeddable":true,"href":"https:\/\/www.autonvaraosahaku.fi\/index.php?rest_route=%2Fwp%2Fv2%2Fpwb-brand&post=26898"},{"taxonomy":"product_cat","embeddable":true,"href":"https:\/\/www.autonvaraosahaku.fi\/index.php?rest_route=%2Fwp%2Fv2%2Fproduct_cat&post=26898"},{"taxonomy":"product_tag","embeddable":true,"href":"https:\/\/www.autonvaraosahaku.fi\/index.php?rest_route=%2Fwp%2Fv2%2Fproduct_tag&post=26898"}],"curies":[{"name":"wp","href":"https:\/\/api.w.org\/{rel}","templated":true}]}}