{"id":26997,"date":"2021-02-21T15:03:28","date_gmt":"2021-02-21T15:03:28","guid":{"rendered":"https:\/\/www.autonvaraosahaku.fi\/?product=fa1-875-760-100-tiivisteet"},"modified":"2021-02-21T15:03:31","modified_gmt":"2021-02-21T15:03:31","slug":"fa1-875-760-100-tiivisteet","status":"publish","type":"product","link":"https:\/\/www.autonvaraosahaku.fi\/?product=fa1-875-760-100-tiivisteet","title":{"rendered":"FA1 875.760.100 Tiivisteet"},"content":{"rendered":"<p>Sis\u00e4l\u00e4pimitta [mm]: 12; Ulkol\u00e4pimitta [mm]: 15,5; Paksuus [mm]: 1,5; Muoto: A-muoto; Materiaali: Kupari; AUDI: R8 42,R8 Spyder; N0138122, N0138128, 07119963129, 0003008072, 0003008075, 0855335000, 0193959, 0326316, 1574769, E854103S, 06561900701, 6561900701, 007603012111, 11066422, 817565, 9008979, 90012304320, 90112304320, 0003008072, 0003008075, 0855335000, LYF10071, STC1060, 11066422, 8124133, N0138122, N0138128, N0138122, N0138128, 9472820, N0138122, N0138128<\/p>\n","protected":false},"excerpt":{"rendered":"<p>FA1 Rengastiiviste 875.760.100  AUDI,R8 42,R8 Spyder<\/p>\n","protected":false},"featured_media":0,"template":"","meta":{"site-sidebar-layout":"default","site-content-layout":"default","ast-global-header-display":"","ast-main-header-display":"","ast-hfb-above-header-display":"","ast-hfb-below-header-display":"","ast-hfb-mobile-header-display":"","site-post-title":"","ast-breadcrumbs-content":"","ast-featured-img":"","footer-sml-layout":"","theme-transparent-header-meta":"","adv-header-id-meta":"","stick-header-meta":"","header-above-stick-meta":"","header-main-stick-meta":"","header-below-stick-meta":""},"pwb-brand":[39],"product_cat":[27],"product_tag":[],"class_list":{"0":"post-26997","1":"product","2":"type-product","3":"status-publish","5":"pwb-brand-fa1","6":"product_cat-tiivisteet","7":"desktop-align-left","8":"tablet-align-left","9":"mobile-align-left","11":"first","12":"instock","13":"product-type-external"},"brands":[{"id":39,"name":"FA1","slug":"fa1"}],"_links":{"self":[{"href":"https:\/\/www.autonvaraosahaku.fi\/index.php?rest_route=\/wp\/v2\/product\/26997","targetHints":{"allow":["GET"]}}],"collection":[{"href":"https:\/\/www.autonvaraosahaku.fi\/index.php?rest_route=\/wp\/v2\/product"}],"about":[{"href":"https:\/\/www.autonvaraosahaku.fi\/index.php?rest_route=\/wp\/v2\/types\/product"}],"wp:attachment":[{"href":"https:\/\/www.autonvaraosahaku.fi\/index.php?rest_route=%2Fwp%2Fv2%2Fmedia&parent=26997"}],"wp:term":[{"taxonomy":"pwb-brand","embeddable":true,"href":"https:\/\/www.autonvaraosahaku.fi\/index.php?rest_route=%2Fwp%2Fv2%2Fpwb-brand&post=26997"},{"taxonomy":"product_cat","embeddable":true,"href":"https:\/\/www.autonvaraosahaku.fi\/index.php?rest_route=%2Fwp%2Fv2%2Fproduct_cat&post=26997"},{"taxonomy":"product_tag","embeddable":true,"href":"https:\/\/www.autonvaraosahaku.fi\/index.php?rest_route=%2Fwp%2Fv2%2Fproduct_tag&post=26997"}],"curies":[{"name":"wp","href":"https:\/\/api.w.org\/{rel}","templated":true}]}}