{"id":27014,"date":"2021-02-21T15:03:32","date_gmt":"2021-02-21T15:03:32","guid":{"rendered":"https:\/\/www.autonvaraosahaku.fi\/?product=febi-bilstein-04899-pyoranpultit"},"modified":"2021-02-21T15:03:34","modified_gmt":"2021-02-21T15:03:34","slug":"febi-bilstein-04899-pyoranpultit","status":"publish","type":"product","link":"https:\/\/www.autonvaraosahaku.fi\/?product=febi-bilstein-04899-pyoranpultit","title":{"rendered":"FEBI BILSTEIN 04899 Py\u00f6r\u00e4npultit"},"content":{"rendered":"<p>Paksuus [mm]: 25,0; Ulkol\u00e4pimitta [mm]: 40,0; Sis\u00e4kierre (mm): M18 x 1,5; Laatu \/ luokka: 10; Avainv\u00e4li: 27; Ruuvikanta\/mutteriprofiili: Kuusioruuvi \/-mutteri; Py\u00f6r\u00e4n kiinnitys: Sile\u00e4 istukka; DIN \/ ISO: 74361; Materiaali: Ter\u00e4s; Pinta: Fosfatoitu; Asennuspuoli: Etuakseli, Taka-akseli; Paino [kg]: 0,099; Huomioi huolto-ohjeet: , ; Moottorinumero: CP; VW: LT 28-35 I Kasten 281-363,LT 28-35 I Bus 281-363,LT 28-35 I Pritsche\/Fahrgestell 281-363,LT 40-55 I Pritsche\/Fahrgestell 293-909,LT 40-55 I Kasten 291-512; IVECO: DAILY IV Pritsche\/Fahrgestell,EUROCARGO I-III,MK; VOLVO: FLC; 0004459602, 0016605424, 0042041327, 004459602, 04459602, 40101723, 4459602, 504071277, 504356518, 81455030029, 81455030031, 947970, N0201161; Py\u00f6r\u00e4n Mutteri<\/p>\n","protected":false},"excerpt":{"rendered":"<p>FEBI BILSTEIN Py\u00f6r\u00e4nmutterit 04899 Py\u00f6r\u00e4n Mutteri VW,IVECO,VOLVO,LT 28-35 I Kasten 281-363,LT 28-35 I Bus 281-363<\/p>\n","protected":false},"featured_media":0,"template":"","meta":{"site-sidebar-layout":"default","site-content-layout":"default","ast-global-header-display":"","ast-main-header-display":"","ast-hfb-above-header-display":"","ast-hfb-below-header-display":"","ast-hfb-mobile-header-display":"","site-post-title":"","ast-breadcrumbs-content":"","ast-featured-img":"","footer-sml-layout":"","theme-transparent-header-meta":"","adv-header-id-meta":"","stick-header-meta":"","header-above-stick-meta":"","header-main-stick-meta":"","header-below-stick-meta":""},"pwb-brand":[50],"product_cat":[51],"product_tag":[],"class_list":{"0":"post-27014","1":"product","2":"type-product","3":"status-publish","5":"pwb-brand-febi-bilstein","6":"product_cat-pyoranpultit","7":"desktop-align-left","8":"tablet-align-left","9":"mobile-align-left","11":"first","12":"instock","13":"product-type-external"},"brands":[{"id":50,"name":"FEBI BILSTEIN","slug":"febi-bilstein"}],"_links":{"self":[{"href":"https:\/\/www.autonvaraosahaku.fi\/index.php?rest_route=\/wp\/v2\/product\/27014","targetHints":{"allow":["GET"]}}],"collection":[{"href":"https:\/\/www.autonvaraosahaku.fi\/index.php?rest_route=\/wp\/v2\/product"}],"about":[{"href":"https:\/\/www.autonvaraosahaku.fi\/index.php?rest_route=\/wp\/v2\/types\/product"}],"wp:attachment":[{"href":"https:\/\/www.autonvaraosahaku.fi\/index.php?rest_route=%2Fwp%2Fv2%2Fmedia&parent=27014"}],"wp:term":[{"taxonomy":"pwb-brand","embeddable":true,"href":"https:\/\/www.autonvaraosahaku.fi\/index.php?rest_route=%2Fwp%2Fv2%2Fpwb-brand&post=27014"},{"taxonomy":"product_cat","embeddable":true,"href":"https:\/\/www.autonvaraosahaku.fi\/index.php?rest_route=%2Fwp%2Fv2%2Fproduct_cat&post=27014"},{"taxonomy":"product_tag","embeddable":true,"href":"https:\/\/www.autonvaraosahaku.fi\/index.php?rest_route=%2Fwp%2Fv2%2Fproduct_tag&post=27014"}],"curies":[{"name":"wp","href":"https:\/\/api.w.org\/{rel}","templated":true}]}}