{"id":27065,"date":"2021-02-21T15:03:44","date_gmt":"2021-02-21T15:03:44","guid":{"rendered":"https:\/\/www.autonvaraosahaku.fi\/?product=beru-ge112-hehkutulppa"},"modified":"2021-02-21T15:03:45","modified_gmt":"2021-02-21T15:03:45","slug":"beru-ge112-hehkutulppa","status":"publish","type":"product","link":"https:\/\/www.autonvaraosahaku.fi\/?product=beru-ge112-hehkutulppa","title":{"rendered":"BERU GE112 Hehkutulppa"},"content":{"rendered":"<p>Hehkutulppatyyppi: j\u00e4lkihehkutuksenkest\u00e4v\u00e4, Hehkutulppa, puikko; J\u00e4nnite (V): 4; Liittimet: 4 mm PIN; Kokonaispituus (mm): 120; Asennussyvyys (mm): 28; Kierremitta: M9x1,0; Avainv\u00e4li: 9 mm; Virta (A): 25; Kartionousu: 93; Kiristysmomentti > [Nm]: 8; Kiristysmomentti enint\u00e4\u00e4n [Nm]: 10; Katkeamismomentti [Nm]: 22; Tuotelinja: ISS; Tarvittava kappalem\u00e4\u00e4r\u00e4: 2; CHEVROLET: AVEO Schr\u00e4gheck T300,AVEO Stufenheck T300; OPEL: CORSA D,MERIVA B,CORSA D Van,COMBO Kasten\/Kombi X12,COMBO Tour X12; LANCIA: YPSILON 843,MUSA 350,YPSILON 312, 846; FORD: KA RU8; FIAT: GRANDE PUNTO 199,PANDA 169,500 312,PUNTO EVO 199,DOBLO Kasten\/Kombi 263,PANDA Van 169,PUNTO 199,IDEA,PANDA 312,QUBO 225,500L,DOBLO Gro\u00dfraumlimousine 152, 263,FIORINO Kasten\/Kombi 225,LINEA 323,PUNTO Van 199,DOBLO Pritsche\/Fahrgestell 263,PANDA VAN 312,GRANDE PUNTO Van 199_,PUNTO EVO Van 199_; CITRO\u00cbN: NEMO Kasten AA_,NEMO Kombi; ALFA ROMEO: MITO 955; PEUGEOT: BIPPER AA_,BIPPER Tepee; VAUXHALL: CORSA Mk III D L_8,CORSAVAN Mk III D,MERIVA Mk II B,COMBO Mk III D Kasten\/Kombi; 55210051, 55664219, 0000071772815, 55210051, 71772815, 1724842, BS516M090AA, 55210051, 1214090, 1826357<\/p>\n","protected":false},"excerpt":{"rendered":"<p>BERU Hehkutulppa GE112  CHEVROLET,OPEL,LANCIA,AVEO Schr\u00e4gheck T300,AVEO Stufenheck T300,CORSA D,MERIVA B,CORSA D Van,COMBO Kasten\/Kombi X12<\/p>\n","protected":false},"featured_media":0,"template":"","meta":{"site-sidebar-layout":"default","site-content-layout":"default","ast-global-header-display":"","ast-main-header-display":"","ast-hfb-above-header-display":"","ast-hfb-below-header-display":"","ast-hfb-mobile-header-display":"","site-post-title":"","ast-breadcrumbs-content":"","ast-featured-img":"","footer-sml-layout":"","theme-transparent-header-meta":"","adv-header-id-meta":"","stick-header-meta":"","header-above-stick-meta":"","header-main-stick-meta":"","header-below-stick-meta":""},"pwb-brand":[327],"product_cat":[52],"product_tag":[],"class_list":{"0":"post-27065","1":"product","2":"type-product","3":"status-publish","5":"pwb-brand-beru","6":"product_cat-hehkutulppa","7":"desktop-align-left","8":"tablet-align-left","9":"mobile-align-left","11":"first","12":"instock","13":"product-type-external"},"brands":[{"id":327,"name":"BERU","slug":"beru"}],"_links":{"self":[{"href":"https:\/\/www.autonvaraosahaku.fi\/index.php?rest_route=\/wp\/v2\/product\/27065","targetHints":{"allow":["GET"]}}],"collection":[{"href":"https:\/\/www.autonvaraosahaku.fi\/index.php?rest_route=\/wp\/v2\/product"}],"about":[{"href":"https:\/\/www.autonvaraosahaku.fi\/index.php?rest_route=\/wp\/v2\/types\/product"}],"wp:attachment":[{"href":"https:\/\/www.autonvaraosahaku.fi\/index.php?rest_route=%2Fwp%2Fv2%2Fmedia&parent=27065"}],"wp:term":[{"taxonomy":"pwb-brand","embeddable":true,"href":"https:\/\/www.autonvaraosahaku.fi\/index.php?rest_route=%2Fwp%2Fv2%2Fpwb-brand&post=27065"},{"taxonomy":"product_cat","embeddable":true,"href":"https:\/\/www.autonvaraosahaku.fi\/index.php?rest_route=%2Fwp%2Fv2%2Fproduct_cat&post=27065"},{"taxonomy":"product_tag","embeddable":true,"href":"https:\/\/www.autonvaraosahaku.fi\/index.php?rest_route=%2Fwp%2Fv2%2Fproduct_tag&post=27065"}],"curies":[{"name":"wp","href":"https:\/\/api.w.org\/{rel}","templated":true}]}}