{"id":27090,"date":"2021-02-21T15:03:48","date_gmt":"2021-02-21T15:03:48","guid":{"rendered":"https:\/\/www.autonvaraosahaku.fi\/?product=kyb-sm1553-jousijalan-tukilaakeri"},"modified":"2021-02-21T15:03:49","modified_gmt":"2021-02-21T15:03:49","slug":"kyb-sm1553-jousijalan-tukilaakeri","status":"publish","type":"product","link":"https:\/\/www.autonvaraosahaku.fi\/?product=kyb-sm1553-jousijalan-tukilaakeri","title":{"rendered":"KYB SM1553 Jousijalan tukilaakeri"},"content":{"rendered":"<p>Asennuspuoli: Etuakseli; lis\u00e4tieto: Suspension Mounting Kit; Alustarakenne: f\u00fcr Fahrzeuge ohne erh\u00f6hte Bodenfreiheit; RENAULT: LAGUNA III BT0\/1; CITRO\u00cbN: DS3,C3 Picasso,C3 II,DS3 Cabriolet,C-ELYSEE,C4 CACTUS; PEUGEOT: 208,301,208 Kasten; DS: DS 3,DS 3 Cabriolet; 5031F2, 503369, 503375, 503527, 5038G6, 5038H4, 5031F2, 503369, 503375, 503527, 5038G6, 5038H4<\/p>\n","protected":false},"excerpt":{"rendered":"<p>KYB Korjaussarja, Jousijalan Tukilaakeri SM1553  RENAULT,CITRO\u00cbN,PEUGEOT,LAGUNA III BT0\/1,DS3,C3 Picasso,C3 II,DS3 Cabriolet,C-ELYSEE,C4 CACTUS,208<\/p>\n","protected":false},"featured_media":0,"template":"","meta":{"site-sidebar-layout":"default","site-content-layout":"default","ast-global-header-display":"","ast-main-header-display":"","ast-hfb-above-header-display":"","ast-hfb-below-header-display":"","ast-hfb-mobile-header-display":"","site-post-title":"","ast-breadcrumbs-content":"","ast-featured-img":"","footer-sml-layout":"","theme-transparent-header-meta":"","adv-header-id-meta":"","stick-header-meta":"","header-above-stick-meta":"","header-main-stick-meta":"","header-below-stick-meta":""},"pwb-brand":[226],"product_cat":[45],"product_tag":[],"class_list":{"0":"post-27090","1":"product","2":"type-product","3":"status-publish","5":"pwb-brand-kyb","6":"product_cat-jousijalan-tukilaakeri","7":"desktop-align-left","8":"tablet-align-left","9":"mobile-align-left","11":"first","12":"instock","13":"product-type-external"},"brands":[{"id":226,"name":"KYB","slug":"kyb"}],"_links":{"self":[{"href":"https:\/\/www.autonvaraosahaku.fi\/index.php?rest_route=\/wp\/v2\/product\/27090","targetHints":{"allow":["GET"]}}],"collection":[{"href":"https:\/\/www.autonvaraosahaku.fi\/index.php?rest_route=\/wp\/v2\/product"}],"about":[{"href":"https:\/\/www.autonvaraosahaku.fi\/index.php?rest_route=\/wp\/v2\/types\/product"}],"wp:attachment":[{"href":"https:\/\/www.autonvaraosahaku.fi\/index.php?rest_route=%2Fwp%2Fv2%2Fmedia&parent=27090"}],"wp:term":[{"taxonomy":"pwb-brand","embeddable":true,"href":"https:\/\/www.autonvaraosahaku.fi\/index.php?rest_route=%2Fwp%2Fv2%2Fpwb-brand&post=27090"},{"taxonomy":"product_cat","embeddable":true,"href":"https:\/\/www.autonvaraosahaku.fi\/index.php?rest_route=%2Fwp%2Fv2%2Fproduct_cat&post=27090"},{"taxonomy":"product_tag","embeddable":true,"href":"https:\/\/www.autonvaraosahaku.fi\/index.php?rest_route=%2Fwp%2Fv2%2Fproduct_tag&post=27090"}],"curies":[{"name":"wp","href":"https:\/\/api.w.org\/{rel}","templated":true}]}}