{"id":27117,"date":"2021-02-21T15:03:52","date_gmt":"2021-02-21T15:03:52","guid":{"rendered":"https:\/\/www.autonvaraosahaku.fi\/?product=elring-110-507-kierretulppa"},"modified":"2021-02-21T15:03:54","modified_gmt":"2021-02-21T15:03:54","slug":"elring-110-507-kierretulppa","status":"publish","type":"product","link":"https:\/\/www.autonvaraosahaku.fi\/?product=elring-110-507-kierretulppa","title":{"rendered":"ELRING 110.507 Kierretulppa"},"content":{"rendered":"<p>Sis\u00e4l\u00e4pimitta [mm]: 12; Ulkol\u00e4pimitta [mm]: 16; Paksuus [mm]: 1; Materiaali: Kupari; Muoto: A-muoto; Vaihtoehtoinen korjaussarja: 017.655; TECDOC-moottorinumero: 30401; BMW: 5 Touring F11,5 F10, F18,1 F20,X3 F25,3 Touring F31,3 F30, F35, F80,1 F21,3 Gran Turismo F34,4 Coupe F32, F82,X5 F15, F85,2 Coupe F22,4 Cabriolet F33, F83,2 Active Tourer F45,4 Gran Coupe F36,2 Gran Tourer F46,X1 F48,X4 F26,5 G30,2 Cabriolet F23,7 G11, G12,5 Touring G31,X2 F39,X3 G01,6 Gran Turismo G32,i8 I12,i8 Roadster I15; MINI: MINI F56,MINI F55,MINI CLUBMAN F54,MINI Cabriolet F57,MINI COUNTRYMAN F60; 07119963132, 037989, 5089540, W715323S300, 90428PFD000, 07119963132, 02891262, 830826, 037989, 0024462288, 90118WA019; Tiiviste, \u00d6ljynlaskutulppa<\/p>\n","protected":false},"excerpt":{"rendered":"<p>ELRING \u00d6ljytulpan Tiiviste 110.507 Tiiviste, \u00d6ljynlaskutulppa BMW,MINI,5 Touring F11,5 F10, F18,1 F20,X3 F25,3 Touring F31,3 F30, F35, F80,1 F21<\/p>\n","protected":false},"featured_media":0,"template":"","meta":{"site-sidebar-layout":"default","site-content-layout":"default","ast-global-header-display":"","ast-main-header-display":"","ast-hfb-above-header-display":"","ast-hfb-below-header-display":"","ast-hfb-mobile-header-display":"","site-post-title":"","ast-breadcrumbs-content":"","ast-featured-img":"","footer-sml-layout":"","theme-transparent-header-meta":"","adv-header-id-meta":"","stick-header-meta":"","header-above-stick-meta":"","header-main-stick-meta":"","header-below-stick-meta":""},"pwb-brand":[26],"product_cat":[40],"product_tag":[],"class_list":{"0":"post-27117","1":"product","2":"type-product","3":"status-publish","5":"pwb-brand-elring","6":"product_cat-kierretulppa","7":"desktop-align-left","8":"tablet-align-left","9":"mobile-align-left","11":"first","12":"instock","13":"product-type-external"},"brands":[{"id":26,"name":"ELRING","slug":"elring"}],"_links":{"self":[{"href":"https:\/\/www.autonvaraosahaku.fi\/index.php?rest_route=\/wp\/v2\/product\/27117","targetHints":{"allow":["GET"]}}],"collection":[{"href":"https:\/\/www.autonvaraosahaku.fi\/index.php?rest_route=\/wp\/v2\/product"}],"about":[{"href":"https:\/\/www.autonvaraosahaku.fi\/index.php?rest_route=\/wp\/v2\/types\/product"}],"wp:attachment":[{"href":"https:\/\/www.autonvaraosahaku.fi\/index.php?rest_route=%2Fwp%2Fv2%2Fmedia&parent=27117"}],"wp:term":[{"taxonomy":"pwb-brand","embeddable":true,"href":"https:\/\/www.autonvaraosahaku.fi\/index.php?rest_route=%2Fwp%2Fv2%2Fpwb-brand&post=27117"},{"taxonomy":"product_cat","embeddable":true,"href":"https:\/\/www.autonvaraosahaku.fi\/index.php?rest_route=%2Fwp%2Fv2%2Fproduct_cat&post=27117"},{"taxonomy":"product_tag","embeddable":true,"href":"https:\/\/www.autonvaraosahaku.fi\/index.php?rest_route=%2Fwp%2Fv2%2Fproduct_tag&post=27117"}],"curies":[{"name":"wp","href":"https:\/\/api.w.org\/{rel}","templated":true}]}}