{"id":27134,"date":"2021-02-21T15:03:56","date_gmt":"2021-02-21T15:03:56","guid":{"rendered":"https:\/\/www.autonvaraosahaku.fi\/?product=topran-720-337-raitisilmasuodatin"},"modified":"2021-02-21T15:03:58","modified_gmt":"2021-02-21T15:03:58","slug":"topran-720-337-raitisilmasuodatin","status":"publish","type":"product","link":"https:\/\/www.autonvaraosahaku.fi\/?product=topran-720-337-raitisilmasuodatin","title":{"rendered":"TOPRAN 720 337 Raitisilmasuodatin"},"content":{"rendered":"<p>Suodatintyyppi: Siitep\u00f6lysuodin, Suodatinpanos; M\u00e4\u00e4r\u00e4: 2; Muoto: suorakulmainen (rectangular); Pituus 1 (mm): 205; Leveys 1 (mm): 158; Korkeus 1 (mm): 31; Pituus 2 (mm): 155; Leveys 2 (mm): 158; Korkeus 2 (mm): 31; Runkomateriaali: Huopa; T\u00e4yssarja: ; Varusteet: f\u00fcr Fahrzeuge ohne Klimaautomatik; CITRO\u00cbN: DS3,C3 II,C4 CACTUS; PEUGEOT: 207 WA_, WC_,207 CC WD_,207 SW WK_,208,2008; DS: DS 3,DS 3 Cabriolet; 1609428080, 6447VY, 1609428080, 6447VY, 1609428080, 6447VY; Sis\u00e4ilmansuodatin,Suodatin, Sis\u00e4ilma<\/p>\n","protected":false},"excerpt":{"rendered":"<p>TOPRAN Raitisilmasuodatin 720 337 Sis\u00e4ilmansuodatin,Suodatin, Sis\u00e4ilma CITRO\u00cbN,PEUGEOT,DS,DS3,C3 II,C4 CACTUS,207 WA_, WC_,207 CC WD_,207 SW WK_,208<\/p>\n","protected":false},"featured_media":0,"template":"","meta":{"site-sidebar-layout":"default","site-content-layout":"default","ast-global-header-display":"","ast-main-header-display":"","ast-hfb-above-header-display":"","ast-hfb-below-header-display":"","ast-hfb-mobile-header-display":"","site-post-title":"","ast-breadcrumbs-content":"","ast-featured-img":"","footer-sml-layout":"","theme-transparent-header-meta":"","adv-header-id-meta":"","stick-header-meta":"","header-above-stick-meta":"","header-main-stick-meta":"","header-below-stick-meta":""},"pwb-brand":[18],"product_cat":[19],"product_tag":[],"class_list":{"0":"post-27134","1":"product","2":"type-product","3":"status-publish","5":"pwb-brand-topran","6":"product_cat-raitisilmasuodatin","7":"desktop-align-left","8":"tablet-align-left","9":"mobile-align-left","11":"first","12":"instock","13":"product-type-external"},"brands":[{"id":18,"name":"TOPRAN","slug":"topran"}],"_links":{"self":[{"href":"https:\/\/www.autonvaraosahaku.fi\/index.php?rest_route=\/wp\/v2\/product\/27134","targetHints":{"allow":["GET"]}}],"collection":[{"href":"https:\/\/www.autonvaraosahaku.fi\/index.php?rest_route=\/wp\/v2\/product"}],"about":[{"href":"https:\/\/www.autonvaraosahaku.fi\/index.php?rest_route=\/wp\/v2\/types\/product"}],"wp:attachment":[{"href":"https:\/\/www.autonvaraosahaku.fi\/index.php?rest_route=%2Fwp%2Fv2%2Fmedia&parent=27134"}],"wp:term":[{"taxonomy":"pwb-brand","embeddable":true,"href":"https:\/\/www.autonvaraosahaku.fi\/index.php?rest_route=%2Fwp%2Fv2%2Fpwb-brand&post=27134"},{"taxonomy":"product_cat","embeddable":true,"href":"https:\/\/www.autonvaraosahaku.fi\/index.php?rest_route=%2Fwp%2Fv2%2Fproduct_cat&post=27134"},{"taxonomy":"product_tag","embeddable":true,"href":"https:\/\/www.autonvaraosahaku.fi\/index.php?rest_route=%2Fwp%2Fv2%2Fproduct_tag&post=27134"}],"curies":[{"name":"wp","href":"https:\/\/api.w.org\/{rel}","templated":true}]}}