{"id":27139,"date":"2021-02-21T15:03:59","date_gmt":"2021-02-21T15:03:59","guid":{"rendered":"https:\/\/www.autonvaraosahaku.fi\/?product=trw-jgs1007t-iskunvaimennin"},"modified":"2021-02-21T15:04:00","modified_gmt":"2021-02-21T15:04:00","slug":"trw-jgs1007t-iskunvaimennin","status":"publish","type":"product","link":"https:\/\/www.autonvaraosahaku.fi\/?product=trw-jgs1007t-iskunvaimennin","title":{"rendered":"TRW JGS1007T Iskunvaimennin"},"content":{"rendered":"<p>Lukum\u00e4\u00e4r\u00e4 akselille: 1; Asennuspuoli: Taka-akseli; Iskunvaimennin tyyppi: Kaasupaine; Iskunvaimennin malli: Vaimennin, jousituella; Iskunvaimennusj\u00e4rjestelm\u00e4: Kaksiputki, normale D\u00e4mpfung; Iskunvaimennin asennustapa: Tappi ylh\u00e4\u00e4ll\u00e4, Silmukka alhaalla; Pituus 1 (mm): 416; Pituus 2 (mm): 294; L\u00e4pimitta [mm]: 45; Jousijalan l\u00e4pimitta [mm]: 12; Huomioi tekniset tiedot: ; Tuotelinja: TWIN; MINI: MINI R56,MINI CLUBMAN R55,MINI Cabriolet R57,MINI Coupe R58,MINI Roadster R59,MINI CLUBVAN R55; 33526781909, 33526781910, 33526782213, 33526782214, 33526782215, 33526782216, 33526784519, 33526784520, 6781909, 6781910, 6782213, 6782214, 6782215, 6782216, 6784519, 6784520, 33526773876, 33526778565, 33526778566, 33526778567, 33526778568, 33526778569, 33526778570, 33526778575, 33526778576, 33526778577, 33526778578, 33526778579, 33526778580, 33526781909, 33526781910, 33526781911, 33526781912, 33526781913, 33526781914, 33526782213, 33526782214, 33526782215, 33526782216, 33526782217, 33526782218, 33526784519, 33526784520, 33526784521, 33526784522, 33526789557, 33526789558, 33526789559, 33526789560, 33526853963, 33526853964, 33526853965, 33526853966, 33526853967, 33526853968, 33526853969, 33526853970, 6773876, 6778565, 6778566, 6778567, 6778568, 6778569, 6778570, 6778575, 6778576, 6778577, 6778578, 6778579, 6778580, 6781909, 6781910, 6781911, 6781912, 6781913, 6781914, 6782213, 6782214, 6782215, 6782216, 6782217, 6782218, 6784519, 6784520, 6784521, 6784522, 6789557, 6789558, 6789559, 6&#8230;; Iskarit,Iskunvaimennin<\/p>\n","protected":false},"excerpt":{"rendered":"<p>TRW Iskunvaimentimet JGS1007T Iskarit,Iskunvaimennin MINI,MINI R56,MINI CLUBMAN R55,MINI Cabriolet R57,MINI Coupe R58,MINI Roadster R59<\/p>\n","protected":false},"featured_media":0,"template":"","meta":{"site-sidebar-layout":"default","site-content-layout":"default","ast-global-header-display":"","ast-main-header-display":"","ast-hfb-above-header-display":"","ast-hfb-below-header-display":"","ast-hfb-mobile-header-display":"","site-post-title":"","ast-breadcrumbs-content":"","ast-featured-img":"","footer-sml-layout":"","theme-transparent-header-meta":"","adv-header-id-meta":"","stick-header-meta":"","header-above-stick-meta":"","header-main-stick-meta":"","header-below-stick-meta":""},"pwb-brand":[332],"product_cat":[80],"product_tag":[],"class_list":{"0":"post-27139","1":"product","2":"type-product","3":"status-publish","5":"pwb-brand-trw","6":"product_cat-iskunvaimennin","7":"desktop-align-left","8":"tablet-align-left","9":"mobile-align-left","11":"first","12":"instock","13":"product-type-external"},"brands":[{"id":332,"name":"TRW","slug":"trw"}],"_links":{"self":[{"href":"https:\/\/www.autonvaraosahaku.fi\/index.php?rest_route=\/wp\/v2\/product\/27139","targetHints":{"allow":["GET"]}}],"collection":[{"href":"https:\/\/www.autonvaraosahaku.fi\/index.php?rest_route=\/wp\/v2\/product"}],"about":[{"href":"https:\/\/www.autonvaraosahaku.fi\/index.php?rest_route=\/wp\/v2\/types\/product"}],"wp:attachment":[{"href":"https:\/\/www.autonvaraosahaku.fi\/index.php?rest_route=%2Fwp%2Fv2%2Fmedia&parent=27139"}],"wp:term":[{"taxonomy":"pwb-brand","embeddable":true,"href":"https:\/\/www.autonvaraosahaku.fi\/index.php?rest_route=%2Fwp%2Fv2%2Fpwb-brand&post=27139"},{"taxonomy":"product_cat","embeddable":true,"href":"https:\/\/www.autonvaraosahaku.fi\/index.php?rest_route=%2Fwp%2Fv2%2Fproduct_cat&post=27139"},{"taxonomy":"product_tag","embeddable":true,"href":"https:\/\/www.autonvaraosahaku.fi\/index.php?rest_route=%2Fwp%2Fv2%2Fproduct_tag&post=27139"}],"curies":[{"name":"wp","href":"https:\/\/api.w.org\/{rel}","templated":true}]}}