{"id":27143,"date":"2021-02-21T15:03:59","date_gmt":"2021-02-21T15:03:59","guid":{"rendered":"https:\/\/www.autonvaraosahaku.fi\/?product=trw-gdb1984-jarrupalat"},"modified":"2021-02-21T15:04:00","modified_gmt":"2021-02-21T15:04:00","slug":"trw-gdb1984-jarrupalat","status":"publish","type":"product","link":"https:\/\/www.autonvaraosahaku.fi\/?product=trw-gdb1984-jarrupalat","title":{"rendered":"TRW GDB1984 Jarrupalat"},"content":{"rendered":"<p>Valmistaja rajaus: ATE; Pituus (mm): 146; Korkeus (mm): 54,7; Paksuus [mm]: 19,5; Kulumisenilmaisimen liitos: Ei kulumisenilmaisimelle; Tarkistuskilpi: E9 90R &#8211; 01107\/2852; M\u00e4\u00e4r\u00e4yksikk\u00f6: Akselisarja; Tuotelinja: COTEC; Asennuspuoli: Vorderachse; VW: GOLF IV 1J1,POLO 9N_,POLO 6R, 6C,GOLF IV Variant 1J5,POLO 6N2,FOX 5Z1, 5Z3,UP,BORA 1J2,NEW BEETLE 9C1, 1C1,BORA Kombi 1J6,BEETLE 5C1,JETTA IV 162, 163,POLO Stufenheck,POLO Stufenheck 9A4,BEETLE Cabriolet 5C7,POLO Van 6R,LOAD UP; AUDI: A3 8L1,A1 8X1, 8XF,A1 Sportback 8XA, 8XK; SKODA: FABIA Combi 6Y5,FABIA,FABIA 6Y2,OCTAVIA Combi 1U5,FABIA Combi,ROOMSTER 5J,OCTAVIA 1U2,CITIGO,RAPID Spaceback NH1,FABIA Stufenheck 6Y3,ROOMSTER Praktik 5J,RAPID NH3,FABIA Praktik,FABIA NJ3,FABIA Kombi NJ5; SEAT: IBIZA IV 6L1,IBIZA V 6J5, 6P5,LEON 1M1,IBIZA V ST 6J8, 6P8,Mii KF1_,TOLEDO II 1M2,IBIZA V SPORTCOUPE 6J1, 6P1,CORDOBA 6L2,TOLEDO IV KG3; 176698151, 1J0698151, 1J0698151A, 1J0698151B, 1J0698151J, 1JE698151B, 1S0698151, 1S0698151A, 321698151J, 5C0698151, 6C0698151, 6Q0698151, 6R0698151A, 176698151, 1J0698151, 1J0698151A, 1J0698151B, 1J0698151H, 1J0698151J, 1JE698151B, 1S0698151, 1S0698151A, 321698151J, 5C0698151, 6C0698151, 6Q0698151, 6R0698151A, JZW698151A, 176698151, 1J0698151, 1J0698151A, 1J0698151B, 1J0698151H, 1J0698151J, 1JE698151B, 1S0698151, 1S0698151A, 321698151J, 5C0698151, 6C0698151, 6Q0698151, 6R0698151A, JZW698151A, 176698151, 190698151, 1J0698151, 1J0698151A, 1J0698151B, 1J0698151C, 1J0698151H, 1J0698151J, 1JE698151B, 1S0698151, 1S0698151A, 321698151J, 5C0698151, 5C0698151A, 6C0698151, 6C0698151A, 6Q0698151, 6R0698151A, JZW698151A; Jarrupalasarja,Jarrupala, Levyjarru<\/p>\n","protected":false},"excerpt":{"rendered":"<p>TRW Jarrupalat GDB1984 Jarrupalasarja,Jarrupala, Levyjarru VW,AUDI,SKODA,GOLF IV 1J1,POLO 9N_,POLO 6R, 6C,GOLF IV Variant 1J5,POLO 6N2,FOX 5Z1, 5Z3,UP<\/p>\n","protected":false},"featured_media":0,"template":"","meta":{"site-sidebar-layout":"default","site-content-layout":"default","ast-global-header-display":"","ast-main-header-display":"","ast-hfb-above-header-display":"","ast-hfb-below-header-display":"","ast-hfb-mobile-header-display":"","site-post-title":"","ast-breadcrumbs-content":"","ast-featured-img":"","footer-sml-layout":"","theme-transparent-header-meta":"","adv-header-id-meta":"","stick-header-meta":"","header-above-stick-meta":"","header-main-stick-meta":"","header-below-stick-meta":""},"pwb-brand":[332],"product_cat":[100],"product_tag":[],"class_list":{"0":"post-27143","1":"product","2":"type-product","3":"status-publish","5":"pwb-brand-trw","6":"product_cat-jarrupalat","7":"desktop-align-left","8":"tablet-align-left","9":"mobile-align-left","11":"first","12":"instock","13":"product-type-external"},"brands":[{"id":332,"name":"TRW","slug":"trw"}],"_links":{"self":[{"href":"https:\/\/www.autonvaraosahaku.fi\/index.php?rest_route=\/wp\/v2\/product\/27143","targetHints":{"allow":["GET"]}}],"collection":[{"href":"https:\/\/www.autonvaraosahaku.fi\/index.php?rest_route=\/wp\/v2\/product"}],"about":[{"href":"https:\/\/www.autonvaraosahaku.fi\/index.php?rest_route=\/wp\/v2\/types\/product"}],"wp:attachment":[{"href":"https:\/\/www.autonvaraosahaku.fi\/index.php?rest_route=%2Fwp%2Fv2%2Fmedia&parent=27143"}],"wp:term":[{"taxonomy":"pwb-brand","embeddable":true,"href":"https:\/\/www.autonvaraosahaku.fi\/index.php?rest_route=%2Fwp%2Fv2%2Fpwb-brand&post=27143"},{"taxonomy":"product_cat","embeddable":true,"href":"https:\/\/www.autonvaraosahaku.fi\/index.php?rest_route=%2Fwp%2Fv2%2Fproduct_cat&post=27143"},{"taxonomy":"product_tag","embeddable":true,"href":"https:\/\/www.autonvaraosahaku.fi\/index.php?rest_route=%2Fwp%2Fv2%2Fproduct_tag&post=27143"}],"curies":[{"name":"wp","href":"https:\/\/api.w.org\/{rel}","templated":true}]}}