{"id":27162,"date":"2021-02-21T15:04:04","date_gmt":"2021-02-21T15:04:04","guid":{"rendered":"https:\/\/www.autonvaraosahaku.fi\/?product=ate-11-8116-0206-1-jarrusatula-korjaussarja"},"modified":"2021-02-21T15:04:04","modified_gmt":"2021-02-21T15:04:04","slug":"ate-11-8116-0206-1-jarrusatula-korjaussarja","status":"publish","type":"product","link":"https:\/\/www.autonvaraosahaku.fi\/?product=ate-11-8116-0206-1-jarrusatula-korjaussarja","title":{"rendered":"ATE 11.8116-0206.1 Jarrusatula korjaussarja"},"content":{"rendered":"<p>Jarruj\u00e4rjestelm\u00e4: ATE; Pituus (mm): 177; Tarvittava kappalem\u00e4\u00e4r\u00e4: 2; BMW: 3 E46,3 E90,1 E87,3 Touring E46,3 Compact E46,3 Coupe E46,1 E81,3 Compact E36,3 E36,3 Cabriolet E46,3 Coupe E36,Z3 E36,Z4 E85,3 Cabriolet E36,3 Touring E36,Z3 Coupe E36; LAND ROVER: FREELANDER 2 FA_,RANGE ROVER EVOQUE LV; VOLVO: V70 III BW,V60,XC70 II,S80 II AS,S60 II; JAGUAR: XJ X350, X358; FORD: MONDEO IV Turnier BA7,S-MAX WA6,GALAXY WA6,MONDEO IV BA7,MONDEO IV Stufenheck BA7; 34111163801, 4778606, 5W932B486AB, LR002526, 30671546<\/p>\n","protected":false},"excerpt":{"rendered":"<p>ATE Jousi, Jarrusatula 11.8116-0206.1  BMW,LAND ROVER,VOLVO,3 E46,3 E90,1 E87,3 Touring E46,3 Compact E46,3 Coupe E46,1 E81,3 Compact E36,3 E36<\/p>\n","protected":false},"featured_media":0,"template":"","meta":{"site-sidebar-layout":"default","site-content-layout":"default","ast-global-header-display":"","ast-main-header-display":"","ast-hfb-above-header-display":"","ast-hfb-below-header-display":"","ast-hfb-mobile-header-display":"","site-post-title":"","ast-breadcrumbs-content":"","ast-featured-img":"","footer-sml-layout":"","theme-transparent-header-meta":"","adv-header-id-meta":"","stick-header-meta":"","header-above-stick-meta":"","header-main-stick-meta":"","header-below-stick-meta":""},"pwb-brand":[108],"product_cat":[57],"product_tag":[],"class_list":{"0":"post-27162","1":"product","2":"type-product","3":"status-publish","5":"pwb-brand-ate","6":"product_cat-jarrusatula-korjaussarja","7":"desktop-align-left","8":"tablet-align-left","9":"mobile-align-left","11":"first","12":"instock","13":"product-type-external"},"brands":[{"id":108,"name":"ATE","slug":"ate"}],"_links":{"self":[{"href":"https:\/\/www.autonvaraosahaku.fi\/index.php?rest_route=\/wp\/v2\/product\/27162","targetHints":{"allow":["GET"]}}],"collection":[{"href":"https:\/\/www.autonvaraosahaku.fi\/index.php?rest_route=\/wp\/v2\/product"}],"about":[{"href":"https:\/\/www.autonvaraosahaku.fi\/index.php?rest_route=\/wp\/v2\/types\/product"}],"wp:attachment":[{"href":"https:\/\/www.autonvaraosahaku.fi\/index.php?rest_route=%2Fwp%2Fv2%2Fmedia&parent=27162"}],"wp:term":[{"taxonomy":"pwb-brand","embeddable":true,"href":"https:\/\/www.autonvaraosahaku.fi\/index.php?rest_route=%2Fwp%2Fv2%2Fpwb-brand&post=27162"},{"taxonomy":"product_cat","embeddable":true,"href":"https:\/\/www.autonvaraosahaku.fi\/index.php?rest_route=%2Fwp%2Fv2%2Fproduct_cat&post=27162"},{"taxonomy":"product_tag","embeddable":true,"href":"https:\/\/www.autonvaraosahaku.fi\/index.php?rest_route=%2Fwp%2Fv2%2Fproduct_tag&post=27162"}],"curies":[{"name":"wp","href":"https:\/\/api.w.org\/{rel}","templated":true}]}}