{"id":27169,"date":"2021-02-21T15:04:04","date_gmt":"2021-02-21T15:04:04","guid":{"rendered":"https:\/\/www.autonvaraosahaku.fi\/?product=swag-60-93-0253-tiivisteet"},"modified":"2021-02-21T15:04:05","modified_gmt":"2021-02-21T15:04:05","slug":"swag-60-93-0253-tiivisteet","status":"publish","type":"product","link":"https:\/\/www.autonvaraosahaku.fi\/?product=swag-60-93-0253-tiivisteet","title":{"rendered":"SWAG 60 93 0253 Tiivisteet"},"content":{"rendered":"<p>Paksuus [mm]: 3,0; Sis\u00e4l\u00e4pimitta [mm]: 7,0; Ulkol\u00e4pimitta [mm]: 15,0; Materiaali: Kupari; Paino [kg]: 0,003, 0,003; Moottorinumero: K9K; NISSAN: QASHQAI \/ QASHQAI +2 J10, JJ10,MICRA III K12,NOTE E11,NAVARA D40,PATHFINDER R51,X-TRAIL T31,PRIMERA Kombi WP12,PRIMERA P12,NV200 EVALIA,NAVARA Pritsche\/Fahrgestell D40,PRIMERA Hatchback P12,TIIDA Schr\u00e4gheck,NV200 Kasten,PRIMASTAR Bus X83,PRIMASTAR Kasten X83,INTERSTAR Kasten X70,TIIDA Stufenheck SC11X,QASHQAI J11, J11_,KUBISTAR Kasten X80,INTERSTAR Bus X70,X-TRAIL T32,PRIMASTAR Pritsche\/Fahrgestell,MICRA V K14; VOLVO: V40 Kombi VW,S40 I VS; INFINITI: FX,EX,M Y51,Q70 Y51,Q30,QX70,QX50; SUZUKI: JIMNY FJ,GRAND VITARA II JT; MERCEDES-BENZ: B-CLASS W246, W242,A-CLASS W176,CLA Coupe C117,CITAN Kasten 415,CITAN Kombi 415,CITAN Mixto 415,C-CLASS T-Model S205,C-CLASS W205,GLA-CLASS X156,VITO Tourer W447,CLA Shooting Brake X117,VITO Kasten W447; OPEL: VIVARO Kasten F7,VIVARO Combi J7,MOVANO Kasten F9,MOVANO B Kasten,MOVANO B Bus,MOVANO Combi J9,VIVARO Pritsche\/Fahrgestell E7,MOVANO Pritsche\/Fahrgestell U9, E9,MOVANO B Pritsche\/Fahrgestell; DACIA: DUSTER,SANDERO,LOGAN MCV KS_,SANDERO II,LODGY,LOGAN MCV II,DOKKER,LOGAN LS_,DOKKER Express,LOGAN EXPRESS FS_,LOGAN Pick-up US_,LOGAN II; RENAULT: CLIO II BB0\/1\/2_, CB0\/1\/2_,CLIO III BR0\/1, CR0\/1,SC\u00c9NIC II JM0\/1_,KANGOO KC0\/1_,TWINGO II CN0_,MEGANE III Grandtour KZ0\/1,ESPACE IV JK0\/1_,MODUS \/ GRAND MODUS F\/JP0_,LAGUNA II Grandtour KG0\/1_,MEGANE II Kombi KM0\/1_,SC\u00c9NIC I JA0\/1_,MEGANE II Coup\u00e9-Cabriolet EM0\/1_,SC\u00c9NIC III JZ0\/1_,ESPACE III JE0_,LAGUNA III Grandtour KT0\/1,MEGANE Scenic JA0\/1_,CLIO IV,MEGANE III Schr\u00e4gheck BZ0_,LAGUNA II BG0\/1_,MEGANE II BM0\/1_, CM0\/1_,TRAFIC II Bus JL,GRAND SC\u00c9NIC III JZ0\/1_,MEGANE I BA0\/1_,MASTER II Kasten FD,TRAFIC II Kasten FL,MEGANE III Coupe DZ0\/1_,KANGOO \/ GRAND KANGOO KW0\/1_,KOLEOS HY_,KANGOO Express FC0\/1_,CLIO Grandtour KR0\/1_,GRAND SC\u00c9NIC II JM0\/1_,MEGANE I Grandtour KA0\/1_,LAGUNA I B56_, 556_,CAPTUR,LAGUNA I Grandtour K56_,LAGUNA III BT0\/1,MASTER III Kasten FV,KANGOO Express FW0\/1_,MEGANE II Stufenheck LM0\/1_,CLIO Grandtour IV,MEGANE I Classic LA0\/1_,MEGANE I Coach DA0\/1_,KANGOO BE BOP KW0\/1_,MEGANE CC EZ0\/1_,VEL SATIS BJ0_,MASTER II Bus JD,CLIO II Kasten SB0\/1; MITSUBISHI: SPACE STAR DG_A,CARISMA DA_,CARISMA Stufenheck DA_; VAUXHALL: VIVARO Kasten F7,MOVANO Mk I A Van FD,MOVANO Mk II B VAN,VIVARO Pritsche\/Fahrgestell E7,MOVANO Mk I A Combi JD,VIVARO Combi J7,MOVANO Mk II B Chassis\/Cab; 7703062072, 1661400QAA, 6079970845, A6079970845, M889414, 1661400QAA, 1661400QAB, 16626BN700, 8200014894, 009201691, 04402702, 09201691, 4402702, 9201691, 7703062072, 1531384A00, 1531384A00000, 009110702, 09110702, 9110702, 30889414<\/p>\n","protected":false},"excerpt":{"rendered":"<p>SWAG Tiivisterengas, Ruiskutusventtiili 60 93 0253  NISSAN,VOLVO,INFINITI,QASHQAI \/ QASHQAI +2 J10, JJ10,MICRA III K12,NOTE E11,NAVARA D40<\/p>\n","protected":false},"featured_media":0,"template":"","meta":{"site-sidebar-layout":"default","site-content-layout":"default","ast-global-header-display":"","ast-main-header-display":"","ast-hfb-above-header-display":"","ast-hfb-below-header-display":"","ast-hfb-mobile-header-display":"","site-post-title":"","ast-breadcrumbs-content":"","ast-featured-img":"","footer-sml-layout":"","theme-transparent-header-meta":"","adv-header-id-meta":"","stick-header-meta":"","header-above-stick-meta":"","header-main-stick-meta":"","header-below-stick-meta":""},"pwb-brand":[103],"product_cat":[27],"product_tag":[],"class_list":{"0":"post-27169","1":"product","2":"type-product","3":"status-publish","5":"pwb-brand-swag","6":"product_cat-tiivisteet","7":"desktop-align-left","8":"tablet-align-left","9":"mobile-align-left","11":"first","12":"instock","13":"product-type-external"},"brands":[{"id":103,"name":"SWAG","slug":"swag"}],"_links":{"self":[{"href":"https:\/\/www.autonvaraosahaku.fi\/index.php?rest_route=\/wp\/v2\/product\/27169","targetHints":{"allow":["GET"]}}],"collection":[{"href":"https:\/\/www.autonvaraosahaku.fi\/index.php?rest_route=\/wp\/v2\/product"}],"about":[{"href":"https:\/\/www.autonvaraosahaku.fi\/index.php?rest_route=\/wp\/v2\/types\/product"}],"wp:attachment":[{"href":"https:\/\/www.autonvaraosahaku.fi\/index.php?rest_route=%2Fwp%2Fv2%2Fmedia&parent=27169"}],"wp:term":[{"taxonomy":"pwb-brand","embeddable":true,"href":"https:\/\/www.autonvaraosahaku.fi\/index.php?rest_route=%2Fwp%2Fv2%2Fpwb-brand&post=27169"},{"taxonomy":"product_cat","embeddable":true,"href":"https:\/\/www.autonvaraosahaku.fi\/index.php?rest_route=%2Fwp%2Fv2%2Fproduct_cat&post=27169"},{"taxonomy":"product_tag","embeddable":true,"href":"https:\/\/www.autonvaraosahaku.fi\/index.php?rest_route=%2Fwp%2Fv2%2Fproduct_tag&post=27169"}],"curies":[{"name":"wp","href":"https:\/\/api.w.org\/{rel}","templated":true}]}}