{"id":27175,"date":"2021-02-21T15:04:04","date_gmt":"2021-02-21T15:04:04","guid":{"rendered":"https:\/\/www.autonvaraosahaku.fi\/?product=febi-bilstein-05084-kardaanin-kuminivel"},"modified":"2021-02-21T15:04:06","modified_gmt":"2021-02-21T15:04:06","slug":"febi-bilstein-05084-kardaanin-kuminivel","status":"publish","type":"product","link":"https:\/\/www.autonvaraosahaku.fi\/?product=febi-bilstein-05084-kardaanin-kuminivel","title":{"rendered":"FEBI BILSTEIN 05084 Kardaanin kuminivel"},"content":{"rendered":"<p>Paksuus [mm]: 32,0; Sis\u00e4l\u00e4pimitta [mm]: 38,0; Ulkol\u00e4pimitta [mm]: 110,0; Reik\u00e4ympyr\u00e4-\u00d8 [mm]: 78; Materiaali: Kumi-metalli; Reikien m\u00e4\u00e4r\u00e4: 6; Asennuspuoli: Edess\u00e4 ja takana; Paino [kg]: 0,441; Huomioi huolto-ohjeet: , ; Valmistusvuosi alkaen: 09\/1992; BMW: 3 E46,3 Touring E91,5 E39,3 Touring E46,5 Touring E39,3 Compact E46,3 Coupe E46,1 F20,3 Compact E36,3 E36,3 Touring F31,3 Cabriolet E46,3 F30, F35, F80,3 Coupe E36,Z3 E36,Z4 E85,5 E34,3 Cabriolet E36,3 Touring E36,1 F21,5 Touring E34,3 Gran Turismo F34,Z3 Coupe E36,4 Coupe F32, F82,2 Coupe F22,4 Cabriolet F33, F83,2 Cabriolet F23,X2 F39; 26111227410, 26111227869; R\u00e4ttinivel,Nivel, Pitkitt\u00e4isakseli<\/p>\n","protected":false},"excerpt":{"rendered":"<p>FEBI BILSTEIN Kardaanin Kuminivel 05084 R\u00e4ttinivel,Nivel, Pitkitt\u00e4isakseli BMW,3 E46,3 Touring E91,5 E39,3 Touring E46,5 Touring E39,3 Compact E46<\/p>\n","protected":false},"featured_media":0,"template":"","meta":{"site-sidebar-layout":"default","site-content-layout":"default","ast-global-header-display":"","ast-main-header-display":"","ast-hfb-above-header-display":"","ast-hfb-below-header-display":"","ast-hfb-mobile-header-display":"","site-post-title":"","ast-breadcrumbs-content":"","ast-featured-img":"","footer-sml-layout":"","theme-transparent-header-meta":"","adv-header-id-meta":"","stick-header-meta":"","header-above-stick-meta":"","header-main-stick-meta":"","header-below-stick-meta":""},"pwb-brand":[50],"product_cat":[56],"product_tag":[],"class_list":{"0":"post-27175","1":"product","2":"type-product","3":"status-publish","5":"pwb-brand-febi-bilstein","6":"product_cat-kardaanin-kuminivel","7":"desktop-align-left","8":"tablet-align-left","9":"mobile-align-left","11":"first","12":"instock","13":"product-type-external"},"brands":[{"id":50,"name":"FEBI BILSTEIN","slug":"febi-bilstein"}],"_links":{"self":[{"href":"https:\/\/www.autonvaraosahaku.fi\/index.php?rest_route=\/wp\/v2\/product\/27175","targetHints":{"allow":["GET"]}}],"collection":[{"href":"https:\/\/www.autonvaraosahaku.fi\/index.php?rest_route=\/wp\/v2\/product"}],"about":[{"href":"https:\/\/www.autonvaraosahaku.fi\/index.php?rest_route=\/wp\/v2\/types\/product"}],"wp:attachment":[{"href":"https:\/\/www.autonvaraosahaku.fi\/index.php?rest_route=%2Fwp%2Fv2%2Fmedia&parent=27175"}],"wp:term":[{"taxonomy":"pwb-brand","embeddable":true,"href":"https:\/\/www.autonvaraosahaku.fi\/index.php?rest_route=%2Fwp%2Fv2%2Fpwb-brand&post=27175"},{"taxonomy":"product_cat","embeddable":true,"href":"https:\/\/www.autonvaraosahaku.fi\/index.php?rest_route=%2Fwp%2Fv2%2Fproduct_cat&post=27175"},{"taxonomy":"product_tag","embeddable":true,"href":"https:\/\/www.autonvaraosahaku.fi\/index.php?rest_route=%2Fwp%2Fv2%2Fproduct_tag&post=27175"}],"curies":[{"name":"wp","href":"https:\/\/api.w.org\/{rel}","templated":true}]}}