{"id":27182,"date":"2021-02-21T15:04:08","date_gmt":"2021-02-21T15:04:08","guid":{"rendered":"https:\/\/www.autonvaraosahaku.fi\/?product=febi-bilstein-24633-pissapojan-pumppu"},"modified":"2021-02-21T15:04:08","modified_gmt":"2021-02-21T15:04:08","slug":"febi-bilstein-24633-pissapojan-pumppu","status":"publish","type":"product","link":"https:\/\/www.autonvaraosahaku.fi\/?product=febi-bilstein-24633-pissapojan-pumppu","title":{"rendered":"FEBI BILSTEIN 24633 Pissapojan pumppu"},"content":{"rendered":"<p>Pumpputyyppi: Kaksoispumppu; J\u00e4nnite (V): 12; Liittimi\u00e4: 2, 2; Paino [kg]: 0,108, 0,108; Varusteet: f\u00fcr Fahrzeuge mit Fl\u00fcgelt\u00fcren; MERCEDES-BENZ: CITAN Kasten 415,CITAN Kombi 415,CITAN Mixto 415; OPEL: VIVARO Kasten F7,VIVARO Combi J7; LANCIA: PHEDRA 179; DACIA: DUSTER,SANDERO,LOGAN MCV KS_,LOGAN EXPRESS FS_; FIAT: SCUDO 270_,ULYSSE 179AX,SCUDO Kasten 270_; CITRO\u00cbN: BERLINGO MF,XSARA PICASSO N68,C2 JM_,C3 I FC_,BERLINGO B9,C5 III Break TD_,C4 Picasso I UD_,C4 Grand Picasso I UA_,C8 EA_, EB_,C4 I LC_,SAXO S0, S1,DS3,BERLINGO Kasten M_,C5 II Break RE_,C3 Picasso,C5 I DC_,C5 I Break DE_,C5 III RD_,C3 II,XSARA N1,C4 Coupe LA_,C4 II B7,C5 II RC_,XSARA Break N2,JUMPY,JUMPY Kasten,DS4,XSARA Coupe N0,DS5,C4 Stufenheck L,DS3 Cabriolet,C2 ENTERPRISE,C4 CACTUS,C4 Stufenheck N,SAXO Hatchback van S3_,XSARA Kasten\/Schr\u00e4gheck,JUMPY Pritsche\/Fahrgestell; PEUGEOT: 207 WA_, WC_,307 SW 3H,407 SW 6E_,307 3A\/C,207 SW WK_,308 SW,208,807 E,106 II 1,308 4A_, 4C_,5008,307 Break 3E,3008,PARTNER Tepee,1007 KM_,PARTNER Combispace 5F,2008,PARTNER Kasten 5,EXPERT Tepee VF3V_,EXPERT Kasten VF3A_, VF3U_, VF3X_,307 Stufenheck,PARTNER Kasten,207 Stufenheck,106 Van 1_,207 Van,3008 SUV,208 Kasten; RENAULT: CLIO II BB0\/1\/2_, CB0\/1\/2_,CLIO III BR0\/1, CR0\/1,SC\u00c9NIC II JM0\/1_,TWINGO II CN0_,MEGANE III Grandtour KZ0\/1,ESPACE IV JK0\/1_,MODUS \/ GRAND MODUS F\/JP0_,LAGUNA II Grandtour KG0\/1_,MEGANE II Kombi KM0\/1_,LAGUNA III Grandtour KT0\/1,CLIO IV,MEGANE III Schr\u00e4gheck BZ0_,LAGUNA II BG0\/1_,MEGANE II BM0\/1_, CM0\/1_,TRAFIC II Bus JL,TRAFIC II Kasten FL,MEGANE III Coupe DZ0\/1_,KANGOO \/ GRAND KANGOO KW0\/1_,KANGOO Express FC0\/1_,CLIO Grandtour KR0\/1_,GRAND SC\u00c9NIC II JM0\/1_,CAPTUR,LAGUNA I Grandtour K56_,LAGUNA III BT0\/1,KANGOO Express FW0\/1_,MEGANE II Stufenheck LM0\/1_,CLIO Grandtour IV,KANGOO BE BOP KW0\/1_,VEL SATIS BJ0_,LAGUNA Coupe DT0\/1,ZOE,CLIO III Kasten SB_, SR_,SANDERO\/STEPWAY I,DUSTER,LOGAN I Kombi KS_,LOGAN I LS_,ESPACE V,LOGAN EXPRESS,CLIO IV Kasten,MEGANE II Kasten\/Kombi KM_,MEGANE II Hatchback Van KM0\/2_; VAUXHALL: VIVARO Kasten F7,VIVARO Combi J7; 1609930380, 643470, 643475, 643492, 643498, 9643447980, 9680693280, 289200004R, 6001549444, 7700430078, 8200194414, 643475, 9641553980, 9641553980, 4158690121, A4158690121, 2749000QAC, 6001549444, 7700428386, 04408575, 04410722, 4408575, 4410722, 1609930380, 643470, 643475, 643492, 643498, 9634558980, 9643447980, 289200004R, 6001549444, 7700428386, 7700430078, 8200030639, 8200194414, 8200316568, 091160063, 093160293, 91160063, 93160293; Pesurin Pumppu,Lasinpesurin Pumppu,Pesunestepumppu, Lasinpesu<\/p>\n","protected":false},"excerpt":{"rendered":"<p>FEBI BILSTEIN Pissapojan Pumppu 24633 Pesurin Pumppu,Lasinpesurin Pumppu MERCEDES-BENZ,OPEL,LANCIA,CITAN Kasten 415,CITAN Kombi 415,CITAN Mixto 415<\/p>\n","protected":false},"featured_media":0,"template":"","meta":{"site-sidebar-layout":"default","site-content-layout":"default","ast-global-header-display":"","ast-main-header-display":"","ast-hfb-above-header-display":"","ast-hfb-below-header-display":"","ast-hfb-mobile-header-display":"","site-post-title":"","ast-breadcrumbs-content":"","ast-featured-img":"","footer-sml-layout":"","theme-transparent-header-meta":"","adv-header-id-meta":"","stick-header-meta":"","header-above-stick-meta":"","header-main-stick-meta":"","header-below-stick-meta":""},"pwb-brand":[50],"product_cat":[182],"product_tag":[],"class_list":{"0":"post-27182","1":"product","2":"type-product","3":"status-publish","5":"pwb-brand-febi-bilstein","6":"product_cat-pissapojan-pumppu","7":"desktop-align-left","8":"tablet-align-left","9":"mobile-align-left","11":"first","12":"instock","13":"product-type-external"},"brands":[{"id":50,"name":"FEBI BILSTEIN","slug":"febi-bilstein"}],"_links":{"self":[{"href":"https:\/\/www.autonvaraosahaku.fi\/index.php?rest_route=\/wp\/v2\/product\/27182","targetHints":{"allow":["GET"]}}],"collection":[{"href":"https:\/\/www.autonvaraosahaku.fi\/index.php?rest_route=\/wp\/v2\/product"}],"about":[{"href":"https:\/\/www.autonvaraosahaku.fi\/index.php?rest_route=\/wp\/v2\/types\/product"}],"wp:attachment":[{"href":"https:\/\/www.autonvaraosahaku.fi\/index.php?rest_route=%2Fwp%2Fv2%2Fmedia&parent=27182"}],"wp:term":[{"taxonomy":"pwb-brand","embeddable":true,"href":"https:\/\/www.autonvaraosahaku.fi\/index.php?rest_route=%2Fwp%2Fv2%2Fpwb-brand&post=27182"},{"taxonomy":"product_cat","embeddable":true,"href":"https:\/\/www.autonvaraosahaku.fi\/index.php?rest_route=%2Fwp%2Fv2%2Fproduct_cat&post=27182"},{"taxonomy":"product_tag","embeddable":true,"href":"https:\/\/www.autonvaraosahaku.fi\/index.php?rest_route=%2Fwp%2Fv2%2Fproduct_tag&post=27182"}],"curies":[{"name":"wp","href":"https:\/\/api.w.org\/{rel}","templated":true}]}}