{"id":27193,"date":"2021-02-21T15:04:08","date_gmt":"2021-02-21T15:04:08","guid":{"rendered":"https:\/\/www.autonvaraosahaku.fi\/?product=skf-vkjp-01018-vetonivelen-suojakumi"},"modified":"2021-02-21T15:04:10","modified_gmt":"2021-02-21T15:04:10","slug":"skf-vkjp-01018-vetonivelen-suojakumi","status":"publish","type":"product","link":"https:\/\/www.autonvaraosahaku.fi\/?product=skf-vkjp-01018-vetonivelen-suojakumi","title":{"rendered":"SKF VKJP 01018 Vetonivelen suojakumi"},"content":{"rendered":"<p>Korkeus (mm): 116; Materiaali: Kumi; Sis\u00e4l\u00e4pimitta 1 [mm]: 20; Sis\u00e4l\u00e4pimitta 2 [mm]: 78; Sis\u00e4l\u00e4pimitta 1 alkaen [mm]: 20; Sis\u00e4l\u00e4pimitta 1 enint\u00e4\u00e4n [mm]: 27; Sis\u00e4l\u00e4pimitta 2 alkaen [mm]: 78; Sis\u00e4l\u00e4pimitta 2 enint\u00e4\u00e4n [mm]: 90; Asennuspuoli: radseitig; VW: GOLF IV 1J1,GOLF V 1K1,POLO 9N_,GOLF VI 5K1,GOLF PLUS 5M1, 521,LUPO 6X1, 6E1,POLO 6R, 6C,GOLF IV Variant 1J5,POLO 6N2,POLO 6N1,FOX 5Z1, 5Z3,GOLF VI Variant AJ5,GOLF V Variant 1K5,BORA 1J2,GOLF III Cabriolet 1E7,NEW BEETLE 9C1, 1C1,BORA Kombi 1J6,POLO 86C, 80,NEW BEETLE Cabriolet 1Y7,POLO Stufenheck,POLO Stufenheck 9A4; AUDI: A3 8P1,A3 8L1,A2 8Z0,TT 8N3,A1 8X1, 8XF,TT Roadster 8N9,A1 Sportback 8XA, 8XK; MERCEDES-BENZ: A-CLASS W168,VANEO 414; FORD: COUGAR EC_; RENAULT: TWINGO I C06_,CLIO II BB0\/1\/2_, CB0\/1\/2_,CLIO III BR0\/1, CR0\/1,SC\u00c9NIC II JM0\/1_,KANGOO KC0\/1_,MEGANE III Grandtour KZ0\/1,MODUS \/ GRAND MODUS F\/JP0_,LAGUNA II Grandtour KG0\/1_,MEGANE II Kombi KM0\/1_,SC\u00c9NIC I JA0\/1_,MEGANE II Coup\u00e9-Cabriolet EM0\/1_,SC\u00c9NIC III JZ0\/1_,LAGUNA III Grandtour KT0\/1,CLIO IV,MEGANE III Schr\u00e4gheck BZ0_,LAGUNA II BG0\/1_,MEGANE II BM0\/1_, CM0\/1_,GRAND SC\u00c9NIC III JZ0\/1_,MEGANE I BA0\/1_,MEGANE III Coupe DZ0\/1_,KANGOO \/ GRAND KANGOO KW0\/1_,KANGOO Express FC0\/1_,CLIO Grandtour KR0\/1_,GRAND SC\u00c9NIC II JM0\/1_,CLIO I B\/C57_, 5\/357_,CAPTUR,LAGUNA III BT0\/1,KANGOO Express FW0\/1_,MEGANE II Stufenheck LM0\/1_,TWINGO I Kasten S06_,CLIO Grandtour IV,KANGOO BE BOP KW0\/1_,MEGANE CC EZ0\/1_,CLIO II Kasten SB0\/1\/2_,LAGUNA Coupe DT0\/1,19 II B\/C53_,19 II Cabriolet D53_, 853_,ZOE,SUPER 5 B\/C40_,5 122_,RAPID Kasten F40_, G40_,19 I B\/C53_,FLUENCE L30_,9 L42_,19 II Chamade L53_,12,11 B\/C37_,21 Stufenheck L48_,19 I Chamade L53_,THALIA I LB0\/1\/2_,CLIO III Kast; FIAT: GRANDE PUNTO 199,SEDICI; SKODA: OCTAVIA Combi 1Z5,FABIA Combi 6Y5,FABIA,FABIA 6Y2,OCTAVIA Combi 1U5,FABIA Combi,ROOMSTER 5J,OCTAVIA 1Z3,OCTAVIA 1U2,RAPID Spaceback NH1,FABIA Stufenheck 6Y3,ROOMSTER Praktik 5J,RAPID NH3,FABIA Praktik,FABIA NJ3,FABIA Kombi NJ5; PEUGEOT: 1007 KM_,205 II 20A\/C,205 I Cabriolet 741B, 20D,309 II 3C, 3A,205 I 741A\/C,304 Cabriolet _04B_,309 I 10C, 10A,204,104,305 II 581M,204 Cabriolet,304 _04M_,104 Coupe,305 II Break 581E,305 I 581A,205 Kasten,204 Break,304 Coupe _04C_,304 Break _04D_,204 Coupe,305 I Break 581D; SEAT: IBIZA IV 6L1,LEON 1P1,IBIZA V 6J5, 6P5,LEON 1M1,ALTEA 5P1,AROSA 6H,ALTEA XL 5P5, 5P8,IBIZA V ST 6J8, 6P8,IBIZA II 6K1,TOLEDO II 1M2,IBIZA V SPORTCOUPE 6J1, 6P1,CORDOBA 6L2,TOLEDO III 5P2,TOLEDO IV KG3; TOYOTA: YARIS SCP9_, NSP9_, KSP9_, NCP9_, ZSP9_,YARIS SCP1_, NLP1_, NCP1_,AVENSIS Kombi T25,COROLLA Verso ZER_, ZZE12_, R1_,COROLLA ZZE12_, NDE12_, ZDE12_,AVENSIS T25_,YARIS VERSO _NLP2_, _NCP2_,COROLLA Kombi _E12J_, _E12T_,AVENSIS Stufenheck T25,AVENSIS _T22_,COROLLA Liftback _E11_,COROLLA Compact _E11_,AVENSIS Station Wagon _T22_,COROLLA Stufenheck _E12J_, _E12T_,AVENSIS Liftback _T22_,AVENSIS VERSO _CLM2_, _ACM2_,COROLLA _E11_,COROLLA Wagon __E11_<\/p>\n","protected":false},"excerpt":{"rendered":"<p>SKF Paljekumisarja, Vetoakseli VKJP 01018  VW,AUDI,MERCEDES-BENZ,GOLF IV 1J1,GOLF V 1K1,POLO 9N_,GOLF VI 5K1,GOLF PLUS 5M1, 521,LUPO 6X1, 6E1<\/p>\n","protected":false},"featured_media":0,"template":"","meta":{"site-sidebar-layout":"default","site-content-layout":"default","ast-global-header-display":"","ast-main-header-display":"","ast-hfb-above-header-display":"","ast-hfb-below-header-display":"","ast-hfb-mobile-header-display":"","site-post-title":"","ast-breadcrumbs-content":"","ast-featured-img":"","footer-sml-layout":"","theme-transparent-header-meta":"","adv-header-id-meta":"","stick-header-meta":"","header-above-stick-meta":"","header-main-stick-meta":"","header-below-stick-meta":""},"pwb-brand":[237],"product_cat":[42],"product_tag":[],"class_list":{"0":"post-27193","1":"product","2":"type-product","3":"status-publish","5":"pwb-brand-skf","6":"product_cat-vetonivelen-suojakumi","7":"desktop-align-left","8":"tablet-align-left","9":"mobile-align-left","11":"first","12":"instock","13":"product-type-external"},"brands":[{"id":237,"name":"SKF","slug":"skf"}],"_links":{"self":[{"href":"https:\/\/www.autonvaraosahaku.fi\/index.php?rest_route=\/wp\/v2\/product\/27193","targetHints":{"allow":["GET"]}}],"collection":[{"href":"https:\/\/www.autonvaraosahaku.fi\/index.php?rest_route=\/wp\/v2\/product"}],"about":[{"href":"https:\/\/www.autonvaraosahaku.fi\/index.php?rest_route=\/wp\/v2\/types\/product"}],"wp:attachment":[{"href":"https:\/\/www.autonvaraosahaku.fi\/index.php?rest_route=%2Fwp%2Fv2%2Fmedia&parent=27193"}],"wp:term":[{"taxonomy":"pwb-brand","embeddable":true,"href":"https:\/\/www.autonvaraosahaku.fi\/index.php?rest_route=%2Fwp%2Fv2%2Fpwb-brand&post=27193"},{"taxonomy":"product_cat","embeddable":true,"href":"https:\/\/www.autonvaraosahaku.fi\/index.php?rest_route=%2Fwp%2Fv2%2Fproduct_cat&post=27193"},{"taxonomy":"product_tag","embeddable":true,"href":"https:\/\/www.autonvaraosahaku.fi\/index.php?rest_route=%2Fwp%2Fv2%2Fproduct_tag&post=27193"}],"curies":[{"name":"wp","href":"https:\/\/api.w.org\/{rel}","templated":true}]}}