{"id":27224,"date":"2021-02-21T15:04:15","date_gmt":"2021-02-21T15:04:15","guid":{"rendered":"https:\/\/www.autonvaraosahaku.fi\/?product=mahle-original-ox-371d-oljynsuodatin"},"modified":"2021-02-21T15:04:16","modified_gmt":"2021-02-21T15:04:16","slug":"mahle-original-ox-371d-oljynsuodatin","status":"publish","type":"product","link":"https:\/\/www.autonvaraosahaku.fi\/?product=mahle-original-ox-371d-oljynsuodatin","title":{"rendered":"MAHLE ORIGINAL OX 371D \u00d6ljynsuodatin"},"content":{"rendered":"<p>Suodatintyyppi: Suodatinpanos; Korkeus (mm): 81,5; Korkeus 1 (mm): 75,0; L\u00e4pimitta [mm]: 65,0; Sis\u00e4l\u00e4pimitta 1 [mm]: 24,5; L\u00e4pimitta 3 [mm]: 24,5; Tiivisteen l\u00e4pimitta [mm]: 24,5; Korkeus (tuumaa): 3,35; Leveys (tuumaa): 2,76; Pituus (tuumaa): 2,76; Valmistaja rajaus: 6303; JEEP: RENEGADE Gel\u00e4ndewagen geschlossen BU,COMPASS; ABARTH: 500 \/ 595 312_,500C \/ 595C 312_,PUNTO 199_,PUNTO EVO 199_,124 Spider 348_; SUZUKI: SWIFT III MZ, EZ,WAGON R+ MM,SPLASH,IGNIS II; OPEL: CORSA D,CORSA C F08, F68,ASTRA H Caravan L35,MERIVA,ASTRA H L48,ASTRA H GTC L08,AGILA A H00,TIGRA TwinTop,COMBO Kasten\/Kombi,COMBO Tour,CORSA D Van,CORSA C Kasten F08, W5L,ASTRA H Stufenheck L69,COMBO Kasten\/Kombi X12,ASTRA H Kasten L70,COMBO Tour X12,CORSA E,CORSA E Van,ASTRA CLASSIC L48; LANCIA: YPSILON 843,DELTA III 844,MUSA 350; FIAT: GRANDE PUNTO 199,PUNTO 188,PANDA 169,500 312,BRAVO II 198,PUNTO EVO 199,DOBLO Cargo 223,500 C 312,DOBLO 119,DOBLO Kasten\/Kombi 263,PANDA Van 169,PUNTO 199,IDEA,PANDA 312,STRADA Pick-up 178E,QUBO 225,500L,DOBLO Gro\u00dfraumlimousine 152, 263,PUNTO Van 188AX,FIORINO Kasten\/Kombi 225,LINEA 323,PUNTO Van 199,DOBLO Pritsche\/Fahrgestell 263,PALIO 178BX,500X,SIENA 178_,TIPO Schr\u00e4gheck 356_,PANDA VAN 312,TIPO Kombi 356_,TIPO Stufenheck 356_,GRANDE PUNTO Van 199_,PUNTO EVO Van 199_,124 Spider 348_; CITRO\u00cbN: NEMO Kasten AA_,NEMO Kombi; ALFA ROMEO: GIULIETTA 940,MITO 955,GT 937; PEUGEOT: BIPPER AA_,BIPPER Tepee; VAUXHALL: CORSA Mk III D L_8,ASTRA Mk V H CC,CORSA Mk II C W5L, F08,ASTRA Mk V H Estate,MERIVA Mk I A,CORSAVAN Mk II C,CORSAVAN Mk III D,TIGRA Convertible,ASTRAVAN Mk V H,COMBO Mk III D Kasten\/Kombi,CORSA Mk IV E,COMBO TOUR Mk II C F25,COMBO Mk II C Kasten\/Kombi F25; 0000071773176, 0006001073250, 0073500049, 55232421, 6001073250, 71773176, 73500049, 55232421, 55245952, 6000626333, 6001073250, 73500049, 0000071765460, 0071765460, 0073500049, 00K68094002AA, 68102241AA, 71765460, 71769641, 73500049, K68094002AA, K68102241AA, 1616315680, 1630730680, 1631226580, 0000055245952, 0000071765460, 0000071769641, 0000071773176, 0006000626333, 0006001073250, 0071765460, 0073500049, 00K68102241AA, 2504300, 55232421, 55245952, 6000626333, 6001073250, 68102241AA, 71765460, 71769641, 71773176, 73500049, K68102241AA, 1539600, 1565248, 9S516731C1A, 9S516766A1A, 55245952, 55599959, 93177787, 95516104, 73500049, K68094002AA, K68102241AA, 55232421, 55245952, 6000626333, 71773176, 73500049, 0000055245952, 1630730680, 55245952, 55599959, 5650342, 650190, 650206, 93177787, 95516104, 95525300, 1616315680, 1630730680, 1631226580, 1651185E00, 1651185C00, 1651185E00, 1651185E00000, 55245952, 55599959, 93177787, 95516104, 95525300<\/p>\n","protected":false},"excerpt":{"rendered":"<p>MAHLE ORIGINAL \u00d6ljynsuodatin OX 371D  JEEP,ABARTH,SUZUKI,RENEGADE Gel\u00e4ndewagen geschlossen BU,COMPASS,500 \/ 595 312_,500C \/ 595C 312_,PUNTO 199_<\/p>\n","protected":false},"featured_media":0,"template":"","meta":{"site-sidebar-layout":"default","site-content-layout":"default","ast-global-header-display":"","ast-main-header-display":"","ast-hfb-above-header-display":"","ast-hfb-below-header-display":"","ast-hfb-mobile-header-display":"","site-post-title":"","ast-breadcrumbs-content":"","ast-featured-img":"","footer-sml-layout":"","theme-transparent-header-meta":"","adv-header-id-meta":"","stick-header-meta":"","header-above-stick-meta":"","header-main-stick-meta":"","header-below-stick-meta":""},"pwb-brand":[153],"product_cat":[30],"product_tag":[],"class_list":{"0":"post-27224","1":"product","2":"type-product","3":"status-publish","5":"pwb-brand-mahle-original","6":"product_cat-oljynsuodatin","7":"desktop-align-left","8":"tablet-align-left","9":"mobile-align-left","11":"first","12":"instock","13":"product-type-external"},"brands":[{"id":153,"name":"MAHLE ORIGINAL","slug":"mahle-original"}],"_links":{"self":[{"href":"https:\/\/www.autonvaraosahaku.fi\/index.php?rest_route=\/wp\/v2\/product\/27224","targetHints":{"allow":["GET"]}}],"collection":[{"href":"https:\/\/www.autonvaraosahaku.fi\/index.php?rest_route=\/wp\/v2\/product"}],"about":[{"href":"https:\/\/www.autonvaraosahaku.fi\/index.php?rest_route=\/wp\/v2\/types\/product"}],"wp:attachment":[{"href":"https:\/\/www.autonvaraosahaku.fi\/index.php?rest_route=%2Fwp%2Fv2%2Fmedia&parent=27224"}],"wp:term":[{"taxonomy":"pwb-brand","embeddable":true,"href":"https:\/\/www.autonvaraosahaku.fi\/index.php?rest_route=%2Fwp%2Fv2%2Fpwb-brand&post=27224"},{"taxonomy":"product_cat","embeddable":true,"href":"https:\/\/www.autonvaraosahaku.fi\/index.php?rest_route=%2Fwp%2Fv2%2Fproduct_cat&post=27224"},{"taxonomy":"product_tag","embeddable":true,"href":"https:\/\/www.autonvaraosahaku.fi\/index.php?rest_route=%2Fwp%2Fv2%2Fproduct_tag&post=27224"}],"curies":[{"name":"wp","href":"https:\/\/api.w.org\/{rel}","templated":true}]}}