{"id":27262,"date":"2021-02-21T15:04:23","date_gmt":"2021-02-21T15:04:23","guid":{"rendered":"https:\/\/www.autonvaraosahaku.fi\/?product=ridex-1216r0039-hydraulinen-venttiilinnostin"},"modified":"2021-02-21T15:04:24","modified_gmt":"2021-02-21T15:04:24","slug":"ridex-1216r0039-hydraulinen-venttiilinnostin","status":"publish","type":"product","link":"https:\/\/www.autonvaraosahaku.fi\/?product=ridex-1216r0039-hydraulinen-venttiilinnostin","title":{"rendered":"RIDEX 1216R0039 Hydraulinen venttiilinnostin"},"content":{"rendered":"<p>K\u00e4ytt\u00f6: Hydraulinen; Pituus (mm): 68; Ulkol\u00e4pimitta [mm]: 21,4; M\u00e4\u00e4r\u00e4: 1; Tarvittava kappalem\u00e4\u00e4r\u00e4: 8; OPEL: CORSA C F08, F68,MERIVA,ASTRA G CC F48_, F08_,OMEGA A 16_, 17_, 19_,ASTRA G Caravan F35_,CORSA B 73_, 78_, 79_,VECTRA B 36_,ASTRA F CC 53_, 54_, 58_, 59_,OMEGA B Caravan 21_, 22_, 23_,OMEGA B 25_, 26_, 27_,VECTRA B Caravan 31_,ASTRA F Caravan 51_, 52_,COMBO Kasten\/Kombi,ASTRA G Stufenheck F69_,CALIBRA A 85_,VECTRA B CC 38_,COMBO Tour,VECTRA A 86_, 87_,CORSA CLASSIC Stufenheck,ASTRA F Cabriolet 53_B,ASTRA F 56_, 57_,KADETT E CC 33_, 34_, 43_, 44_,FRONTERA A Sport 5_SUD2,CORSA A CC 93_, 94_, 98_, 99_,FRONTERA A 5_MWL4,MANTA B 58_, 59_,VECTRA A CC 88_, 89_,COMBO 71_,KADETT E Cabriolet 43B_,ASCONA B 81_, 86_, 87_, 88_,ASCONA C 81_, 86_, 87_, 88_,REKORD E 17_-19_, 11_, 14_, 16_,OMEGA A Caravan 66_, 67_,ASTRA F CLASSIC CC,CORSA A TR 91_, 92_, 96_, 97_,KADETT D 31_-34_, 41_-44_,ASTRA F CLASSIC Stufenheck,ASTRA F CLASSIC Caravan,KADETT E 39_, 49_,CORSA B Kasten 73_,ASCONA C CC 84_, 89_,ASTRA G Kasten F70,KADETT E Caravan 35_, 36_, 45_, 46_,MANTA B CC 53_, 55_,ASTRA F Van 55; FIAT: STILO 192,DOBLO Cargo 223,DOBLO 119,IDEA,STRADA Pick-up 178E,PALIO Weekend 178DX,PALIO 178BX,SIENA 178_; CHEVROLET: AVEO Stufenheck T250, T255,BLAZER S10,S10 Pick-up; DAEWOO: LANOS KLAT; VAUXHALL: CALIBRA,ASTRA Mk IV G CC,ASTRA Mk III F CC,CORSA Mk I B,MERIVA Mk I A,ASTRA Mk IV G Sedan,OMEGA B,ASTRA Mk II CC,FRONTERA Mk I A,VECTRA B CC,CAVALIER Mk III 87,VECTRA B,FRONTERA Mk I A Sport,ASTRA Mk III F Estate,ASTRAVAN Mk IV G,CARLTON Mk II Estate,CAVALIER Mk III CC,COMBO Mk I B,OMEGA B Estate,COMBO TOUR Mk II C F25,COMBO Mk II C Kasten\/Kombi F25,ASTRAVAN Mk III F,ASTRA Mk IV G Estate,CAVALIER Mk II CC,NOVA,NOVA CC,CARLTON Mk III; 7083255, 640051, 640059, 90295215, 90421795; Venttiilinnostin<\/p>\n","protected":false},"excerpt":{"rendered":"<p>RIDEX Hydraulinen Venttiilinnostin 1216R0039 Venttiilinnostin OPEL,FIAT,CHEVROLET,CORSA C F08, F68,MERIVA,ASTRA G CC F48_, F08_,OMEGA A 16_, 17_, 19_<\/p>\n","protected":false},"featured_media":0,"template":"","meta":{"site-sidebar-layout":"default","site-content-layout":"default","ast-global-header-display":"","ast-main-header-display":"","ast-hfb-above-header-display":"","ast-hfb-below-header-display":"","ast-hfb-mobile-header-display":"","site-post-title":"","ast-breadcrumbs-content":"","ast-featured-img":"","footer-sml-layout":"","theme-transparent-header-meta":"","adv-header-id-meta":"","stick-header-meta":"","header-above-stick-meta":"","header-main-stick-meta":"","header-below-stick-meta":""},"pwb-brand":[157],"product_cat":[126],"product_tag":[],"class_list":{"0":"post-27262","1":"product","2":"type-product","3":"status-publish","5":"pwb-brand-ridex","6":"product_cat-hydraulinen-venttiilinnostin","7":"desktop-align-left","8":"tablet-align-left","9":"mobile-align-left","11":"first","12":"instock","13":"product-type-external"},"brands":[{"id":157,"name":"RIDEX","slug":"ridex"}],"_links":{"self":[{"href":"https:\/\/www.autonvaraosahaku.fi\/index.php?rest_route=\/wp\/v2\/product\/27262","targetHints":{"allow":["GET"]}}],"collection":[{"href":"https:\/\/www.autonvaraosahaku.fi\/index.php?rest_route=\/wp\/v2\/product"}],"about":[{"href":"https:\/\/www.autonvaraosahaku.fi\/index.php?rest_route=\/wp\/v2\/types\/product"}],"wp:attachment":[{"href":"https:\/\/www.autonvaraosahaku.fi\/index.php?rest_route=%2Fwp%2Fv2%2Fmedia&parent=27262"}],"wp:term":[{"taxonomy":"pwb-brand","embeddable":true,"href":"https:\/\/www.autonvaraosahaku.fi\/index.php?rest_route=%2Fwp%2Fv2%2Fpwb-brand&post=27262"},{"taxonomy":"product_cat","embeddable":true,"href":"https:\/\/www.autonvaraosahaku.fi\/index.php?rest_route=%2Fwp%2Fv2%2Fproduct_cat&post=27262"},{"taxonomy":"product_tag","embeddable":true,"href":"https:\/\/www.autonvaraosahaku.fi\/index.php?rest_route=%2Fwp%2Fv2%2Fproduct_tag&post=27262"}],"curies":[{"name":"wp","href":"https:\/\/api.w.org\/{rel}","templated":true}]}}