{"id":27326,"date":"2021-02-21T15:04:36","date_gmt":"2021-02-21T15:04:36","guid":{"rendered":"https:\/\/www.autonvaraosahaku.fi\/?product=bilstein-22-112811-iskunvaimennin"},"modified":"2021-02-21T15:04:37","modified_gmt":"2021-02-21T15:04:37","slug":"bilstein-22-112811-iskunvaimennin","status":"publish","type":"product","link":"https:\/\/www.autonvaraosahaku.fi\/?product=bilstein-22-112811-iskunvaimennin","title":{"rendered":"BILSTEIN 22-112811 Iskunvaimennin"},"content":{"rendered":"<p>Asennuspuoli: Etuakseli, vasen; Iskunvaimennin tyyppi: Kaasupaine; Iskunvaimennin malli: Joustintuki; parilliset tuotenumerot: 22-112880; Iskunvaimennusj\u00e4rjestelm\u00e4: Kaksiputki; Tuotelinja: &#8211; B4 OE Replacement; Alustarakenne: f\u00fcr Fahrzeuge mit Standard Fahrwerk; MAZDA: 5 CR19,3 BK,3 BL,5 CW,3 Stufenheck BK,3 Stufenheck BL; VOLVO: V50 MW,C30,S40 II MS,C70 II Cabriolet; FORD: FOCUS II Kombi DA_,FOCUS II DA_,FOCUS C-MAX,C-MAX DM2,FOCUS II Stufenheck DA_,FOCUS II Cabriolet; BP4K34900B, BP4S34900, B32T34900D, BBM234900A, BBM234900C, BBM334900C, BP4K34900E, BP4K34900F, BP4L34900, BP4T34900, BR5S34900A, BR5S34900B, BR5V34900A, BR5V34900B, BRY034900, C51334900A, CC3034900C, CC3034900D, CD8534900, CD8534900A, CD8534900B, CDY034900, CG3634900, 30748361, 30748847, 30748851, 31200270, 31212945, 31277016, 31277022, 31277024, 31277026, 31277028, 31277029, 31277032, 31277588, 31277590, 31277594, 31277596, 31277598, 31277600, 31277602, 31277604, 31277606, 31290270, 31290272, 31290274, 9181632; Iskarit,Iskunvaimennin<\/p>\n","protected":false},"excerpt":{"rendered":"<p>BILSTEIN Iskunvaimentimet 22-112811 Iskarit,Iskunvaimennin MAZDA,VOLVO,FORD,5 CR19,3 BK,3 BL,5 CW,3 Stufenheck BK,3 Stufenheck BL,V50 MW,C30,S40 II MS<\/p>\n","protected":false},"featured_media":0,"template":"","meta":{"site-sidebar-layout":"default","site-content-layout":"default","ast-global-header-display":"","ast-main-header-display":"","ast-hfb-above-header-display":"","ast-hfb-below-header-display":"","ast-hfb-mobile-header-display":"","site-post-title":"","ast-breadcrumbs-content":"","ast-featured-img":"","footer-sml-layout":"","theme-transparent-header-meta":"","adv-header-id-meta":"","stick-header-meta":"","header-above-stick-meta":"","header-main-stick-meta":"","header-below-stick-meta":""},"pwb-brand":[114],"product_cat":[80],"product_tag":[],"class_list":{"0":"post-27326","1":"product","2":"type-product","3":"status-publish","5":"pwb-brand-bilstein","6":"product_cat-iskunvaimennin","7":"desktop-align-left","8":"tablet-align-left","9":"mobile-align-left","11":"first","12":"instock","13":"product-type-external"},"brands":[{"id":114,"name":"BILSTEIN","slug":"bilstein"}],"_links":{"self":[{"href":"https:\/\/www.autonvaraosahaku.fi\/index.php?rest_route=\/wp\/v2\/product\/27326","targetHints":{"allow":["GET"]}}],"collection":[{"href":"https:\/\/www.autonvaraosahaku.fi\/index.php?rest_route=\/wp\/v2\/product"}],"about":[{"href":"https:\/\/www.autonvaraosahaku.fi\/index.php?rest_route=\/wp\/v2\/types\/product"}],"wp:attachment":[{"href":"https:\/\/www.autonvaraosahaku.fi\/index.php?rest_route=%2Fwp%2Fv2%2Fmedia&parent=27326"}],"wp:term":[{"taxonomy":"pwb-brand","embeddable":true,"href":"https:\/\/www.autonvaraosahaku.fi\/index.php?rest_route=%2Fwp%2Fv2%2Fpwb-brand&post=27326"},{"taxonomy":"product_cat","embeddable":true,"href":"https:\/\/www.autonvaraosahaku.fi\/index.php?rest_route=%2Fwp%2Fv2%2Fproduct_cat&post=27326"},{"taxonomy":"product_tag","embeddable":true,"href":"https:\/\/www.autonvaraosahaku.fi\/index.php?rest_route=%2Fwp%2Fv2%2Fproduct_tag&post=27326"}],"curies":[{"name":"wp","href":"https:\/\/api.w.org\/{rel}","templated":true}]}}