{"id":27345,"date":"2021-02-21T15:04:40","date_gmt":"2021-02-21T15:04:40","guid":{"rendered":"https:\/\/www.autonvaraosahaku.fi\/?product=hengst-filter-e26h-hydrauliikkasuodatin"},"modified":"2021-02-21T15:04:41","modified_gmt":"2021-02-21T15:04:41","slug":"hengst-filter-e26h-hydrauliikkasuodatin","status":"publish","type":"product","link":"https:\/\/www.autonvaraosahaku.fi\/?product=hengst-filter-e26h-hydrauliikkasuodatin","title":{"rendered":"HENGST FILTER E26H Hydrauliikkasuodatin"},"content":{"rendered":"<p>Ulkol\u00e4pimitta [mm]: 80,5; Sis\u00e4l\u00e4pimitta 1 [mm]: 35,0; Sis\u00e4l\u00e4pimitta 2 [mm]: 35,0; Korkeus (mm): 26,0; MERCEDES-BENZ: C-CLASS W202,190 W201,Stufenheck W124,CLK C208,C-CLASS Kombi S202,Stufenheck W123,S-CLASS W126,KOMBI Kombi S124,E-CLASS W124,G-CLASS W463,CLK Cabriolet A208,COUPE C124,G-CLASS W460,E-CLASS Kombi S124,COUPE C123,S-CLASS Coupe C126,G-CLASS W461,KOMBI Kombi S123,T1 Bus 601,E-CLASS Cabriolet A124,E-CLASS Coupe C124,T1 Pritsche\/Fahrgestell 602,T2\/L Kasten\/Kombi,T1 Kasten 602,T1 Pritsche\/Fahrgestell 601,T1 Kasten 601,CABRIOLET A124,T2\/L Pritsche\/Fahrgestell,T1 Bus 602,T1\/TN Pritsche\/Fahrgestell,G-CLASS Cabrio W463,T1\/TN Kasten\/Kombi,T2\/L Kipper; PUCH: G-MODELL W 460,G-MODELL W 461,G-MODELL W 463; 0004661304, 0004661604, 0004662104, A0004661304, A0004661604, A0004662104<\/p>\n","protected":false},"excerpt":{"rendered":"<p>HENGST FILTER Hydrauliikkasuodatin, Ohjaus E26H  MERCEDES-BENZ,PUCH,C-CLASS W202,190 W201,Stufenheck W124,CLK C208,C-CLASS Kombi S202,Stufenheck W123<\/p>\n","protected":false},"featured_media":0,"template":"","meta":{"site-sidebar-layout":"default","site-content-layout":"default","ast-global-header-display":"","ast-main-header-display":"","ast-hfb-above-header-display":"","ast-hfb-below-header-display":"","ast-hfb-mobile-header-display":"","site-post-title":"","ast-breadcrumbs-content":"","ast-featured-img":"","footer-sml-layout":"","theme-transparent-header-meta":"","adv-header-id-meta":"","stick-header-meta":"","header-above-stick-meta":"","header-main-stick-meta":"","header-below-stick-meta":""},"pwb-brand":[336],"product_cat":[104],"product_tag":[],"class_list":{"0":"post-27345","1":"product","2":"type-product","3":"status-publish","5":"pwb-brand-hengst-filter","6":"product_cat-hydrauliikkasuodatin","7":"desktop-align-left","8":"tablet-align-left","9":"mobile-align-left","11":"first","12":"instock","13":"product-type-external"},"brands":[{"id":336,"name":"HENGST FILTER","slug":"hengst-filter"}],"_links":{"self":[{"href":"https:\/\/www.autonvaraosahaku.fi\/index.php?rest_route=\/wp\/v2\/product\/27345","targetHints":{"allow":["GET"]}}],"collection":[{"href":"https:\/\/www.autonvaraosahaku.fi\/index.php?rest_route=\/wp\/v2\/product"}],"about":[{"href":"https:\/\/www.autonvaraosahaku.fi\/index.php?rest_route=\/wp\/v2\/types\/product"}],"wp:attachment":[{"href":"https:\/\/www.autonvaraosahaku.fi\/index.php?rest_route=%2Fwp%2Fv2%2Fmedia&parent=27345"}],"wp:term":[{"taxonomy":"pwb-brand","embeddable":true,"href":"https:\/\/www.autonvaraosahaku.fi\/index.php?rest_route=%2Fwp%2Fv2%2Fpwb-brand&post=27345"},{"taxonomy":"product_cat","embeddable":true,"href":"https:\/\/www.autonvaraosahaku.fi\/index.php?rest_route=%2Fwp%2Fv2%2Fproduct_cat&post=27345"},{"taxonomy":"product_tag","embeddable":true,"href":"https:\/\/www.autonvaraosahaku.fi\/index.php?rest_route=%2Fwp%2Fv2%2Fproduct_tag&post=27345"}],"curies":[{"name":"wp","href":"https:\/\/api.w.org\/{rel}","templated":true}]}}