{"id":27385,"date":"2021-02-21T15:04:47","date_gmt":"2021-02-21T15:04:47","guid":{"rendered":"https:\/\/www.autonvaraosahaku.fi\/?product=japanparts-fc-295s-polttoainesuodatin"},"modified":"2021-02-21T15:04:48","modified_gmt":"2021-02-21T15:04:48","slug":"japanparts-fc-295s-polttoainesuodatin","status":"publish","type":"product","link":"https:\/\/www.autonvaraosahaku.fi\/?product=japanparts-fc-295s-polttoainesuodatin","title":{"rendered":"JAPANPARTS FC-295S Polttoainesuodatin"},"content":{"rendered":"<p>Suodatintyyppi: Ruuvattava suodatin; Pituus (mm): 124; Ulkol\u00e4pimitta [mm]: 72; Asennusl\u00e4pimitta [mm]: 65; Sis\u00e4kierre (mm): IN:3\/4 x 16      OUT; Valmistusvuosi alkaen: 06\/1997; MAZDA: 3 BK,6 Station Wagon GY,6 Kombi GH,323 F VI BJ,PREMACY CP,6 Hatchback GG,6 GG,6 Schr\u00e4gheck GH,626 V Hatchback GF,3 Stufenheck BK,MPV II LW,626 V GF,626 V Station Wagon GW,FAMILIA VI BJ; SUBARU: TREZIA; TOYOTA: YARIS SCP9_, NSP9_, KSP9_, NCP9_, ZSP9_,YARIS SCP1_, NLP1_, NCP1_,AVENSIS Kombi T25,COROLLA Verso ZER_, ZZE12_, R1_,RAV 4 III ACA3_, ACE_, ALA3_, GSA3_, ZSA3_,RAV 4 II CLA2_, XA2_, ZCA2_, ACA2_,COROLLA ZZE12_, NDE12_, ZDE12_,AVENSIS Station Wagon ZRT27, ADT27,VERSO _AUR2_, _ZGR2_,AVENSIS T25_,YARIS VERSO _NLP2_, _NCP2_,COROLLA Kombi _E12J_, _E12T_,AVENSIS Stufenheck T25,AVENSIS _T22_,COROLLA Liftback _E11_,IQ KPJ1_, NGJ1_, KGJ1_, NUJ1_,COROLLA Compact _E11_,AVENSIS Station Wagon _T22_,COROLLA Verso ZDE12_, CDE12_,AVENSIS Stufenheck ZRT27, ADT27,RAV 4 IV ZSA4_, ALA4_,PREVIA MCR3_, ACR3_, CLR3_,COROLLA Stufenheck _E12J_, _E12T_,AVENSIS Liftback _T22_,PICNIC _XM10,AVENSIS VERSO _CLM2_, _ACM2_,CARINA E _T19_,LAND CRUISER 100 UZJ100,COROLLA _E11_,CARINA E Stufenheck _T19_,URBAN CRUISER NSP1_, NLP1_, ZSP1_, NCP11_,COROLLA Wagon __E11_,CARINA E Sportswagon _T19_,HILUX VI Pick-up _N1_,HILUX V Pick-up LN_, KZN1_, VZN1_; R2L113ZA5, R2L113ZA5A, R2L113ZA5A9A, R2L113ZA5B9A, 2339033060, 2339033010, 2339033020, 2339033030, 2339033060, 2339064450, 23390YZZAA, 23390YZZHA<\/p>\n","protected":false},"excerpt":{"rendered":"<p>JAPANPARTS Polttoainesuodatin FC-295S  MAZDA,SUBARU,TOYOTA,3 BK,6 Station Wagon GY,6 Kombi GH,323 F VI BJ,PREMACY CP,6 Hatchback GG,6 GG<\/p>\n","protected":false},"featured_media":0,"template":"","meta":{"site-sidebar-layout":"default","site-content-layout":"default","ast-global-header-display":"","ast-main-header-display":"","ast-hfb-above-header-display":"","ast-hfb-below-header-display":"","ast-hfb-mobile-header-display":"","site-post-title":"","ast-breadcrumbs-content":"","ast-featured-img":"","footer-sml-layout":"","theme-transparent-header-meta":"","adv-header-id-meta":"","stick-header-meta":"","header-above-stick-meta":"","header-main-stick-meta":"","header-below-stick-meta":""},"pwb-brand":[334],"product_cat":[29],"product_tag":[],"class_list":{"0":"post-27385","1":"product","2":"type-product","3":"status-publish","5":"pwb-brand-japanparts","6":"product_cat-polttoainesuodatin","7":"desktop-align-left","8":"tablet-align-left","9":"mobile-align-left","11":"first","12":"instock","13":"product-type-external"},"brands":[{"id":334,"name":"JAPANPARTS","slug":"japanparts"}],"_links":{"self":[{"href":"https:\/\/www.autonvaraosahaku.fi\/index.php?rest_route=\/wp\/v2\/product\/27385","targetHints":{"allow":["GET"]}}],"collection":[{"href":"https:\/\/www.autonvaraosahaku.fi\/index.php?rest_route=\/wp\/v2\/product"}],"about":[{"href":"https:\/\/www.autonvaraosahaku.fi\/index.php?rest_route=\/wp\/v2\/types\/product"}],"wp:attachment":[{"href":"https:\/\/www.autonvaraosahaku.fi\/index.php?rest_route=%2Fwp%2Fv2%2Fmedia&parent=27385"}],"wp:term":[{"taxonomy":"pwb-brand","embeddable":true,"href":"https:\/\/www.autonvaraosahaku.fi\/index.php?rest_route=%2Fwp%2Fv2%2Fpwb-brand&post=27385"},{"taxonomy":"product_cat","embeddable":true,"href":"https:\/\/www.autonvaraosahaku.fi\/index.php?rest_route=%2Fwp%2Fv2%2Fproduct_cat&post=27385"},{"taxonomy":"product_tag","embeddable":true,"href":"https:\/\/www.autonvaraosahaku.fi\/index.php?rest_route=%2Fwp%2Fv2%2Fproduct_tag&post=27385"}],"curies":[{"name":"wp","href":"https:\/\/api.w.org\/{rel}","templated":true}]}}