{"id":27409,"date":"2021-02-21T15:04:51","date_gmt":"2021-02-21T15:04:51","guid":{"rendered":"https:\/\/www.autonvaraosahaku.fi\/?product=topran-114-547-kierretulppa"},"modified":"2021-02-21T15:04:53","modified_gmt":"2021-02-21T15:04:53","slug":"topran-114-547-kierretulppa","status":"publish","type":"product","link":"https:\/\/www.autonvaraosahaku.fi\/?product=topran-114-547-kierretulppa","title":{"rendered":"TOPRAN 114 547 Kierretulppa"},"content":{"rendered":"<p>Materiaali: Alumiini; Ulkol\u00e4pimitta [mm]: 24; Sis\u00e4l\u00e4pimitta [mm]: 18; Paksuus [mm]: 1,5; DIN \/ ISO: 7603; Muoto: A-muoto; Moottorinumero: B 4194 T; VOLVO: V40 Kombi VW,V70 II SW,V50 MW,XC60,XC90 I,V70 I LV,S60 I,V70 III BW,C30,S80 I TS, XY,V60,S40 II MS,S40 I VS,V40 Schr\u00e4gheck,XC70 II,S80 II AS,S60 II,XC90 II,S90 II; PORSCHE: CAYENNE 955,CAYENNE; LAND ROVER: FREELANDER 2 FA_; N0138161, N0138165, 1371869, 1386502, 6M5G6734AA, W712097S300, LR000506, MD003312, MN003312, 90012310630, N0138161, N0138165, N0138161, N0138165, N0138161, N0138165, 977751, 9777517, N0138161, N0138165; Tiiviste, \u00d6ljynlaskutulppa<\/p>\n","protected":false},"excerpt":{"rendered":"<p>TOPRAN \u00d6ljytulpan Tiiviste 114 547 Tiiviste, \u00d6ljynlaskutulppa VOLVO,PORSCHE,LAND ROVER,V40 Kombi VW,V70 II SW,V50 MW,XC60,XC90 I,V70 I LV,S60 I<\/p>\n","protected":false},"featured_media":0,"template":"","meta":{"site-sidebar-layout":"default","site-content-layout":"default","ast-global-header-display":"","ast-main-header-display":"","ast-hfb-above-header-display":"","ast-hfb-below-header-display":"","ast-hfb-mobile-header-display":"","site-post-title":"","ast-breadcrumbs-content":"","ast-featured-img":"","footer-sml-layout":"","theme-transparent-header-meta":"","adv-header-id-meta":"","stick-header-meta":"","header-above-stick-meta":"","header-main-stick-meta":"","header-below-stick-meta":""},"pwb-brand":[18],"product_cat":[40],"product_tag":[],"class_list":{"0":"post-27409","1":"product","2":"type-product","3":"status-publish","5":"pwb-brand-topran","6":"product_cat-kierretulppa","7":"desktop-align-left","8":"tablet-align-left","9":"mobile-align-left","11":"first","12":"instock","13":"product-type-external"},"brands":[{"id":18,"name":"TOPRAN","slug":"topran"}],"_links":{"self":[{"href":"https:\/\/www.autonvaraosahaku.fi\/index.php?rest_route=\/wp\/v2\/product\/27409","targetHints":{"allow":["GET"]}}],"collection":[{"href":"https:\/\/www.autonvaraosahaku.fi\/index.php?rest_route=\/wp\/v2\/product"}],"about":[{"href":"https:\/\/www.autonvaraosahaku.fi\/index.php?rest_route=\/wp\/v2\/types\/product"}],"wp:attachment":[{"href":"https:\/\/www.autonvaraosahaku.fi\/index.php?rest_route=%2Fwp%2Fv2%2Fmedia&parent=27409"}],"wp:term":[{"taxonomy":"pwb-brand","embeddable":true,"href":"https:\/\/www.autonvaraosahaku.fi\/index.php?rest_route=%2Fwp%2Fv2%2Fpwb-brand&post=27409"},{"taxonomy":"product_cat","embeddable":true,"href":"https:\/\/www.autonvaraosahaku.fi\/index.php?rest_route=%2Fwp%2Fv2%2Fproduct_cat&post=27409"},{"taxonomy":"product_tag","embeddable":true,"href":"https:\/\/www.autonvaraosahaku.fi\/index.php?rest_route=%2Fwp%2Fv2%2Fproduct_tag&post=27409"}],"curies":[{"name":"wp","href":"https:\/\/api.w.org\/{rel}","templated":true}]}}