{"id":27428,"date":"2021-02-21T15:04:56","date_gmt":"2021-02-21T15:04:56","guid":{"rendered":"https:\/\/www.autonvaraosahaku.fi\/?product=hella-4ra-007-793-031-muut-luokat"},"modified":"2021-02-21T15:04:57","modified_gmt":"2021-02-21T15:04:57","slug":"hella-4ra-007-793-031-muut-luokat","status":"publish","type":"product","link":"https:\/\/www.autonvaraosahaku.fi\/?product=hella-4ra-007-793-031-muut-luokat","title":{"rendered":"HELLA 4RA 007 793-031 Muut luokat"},"content":{"rendered":"<p>Reletoiminto: Ty\u00f6katkaisin; Korvaava tuote\/korvaava tiedote 2: Vastuksella; Lis\u00e4tarvike\/lis\u00e4tieto: Ilman pidikett\u00e4; Suojausmalli (IP-koodi): 54; Nimellisj\u00e4nnite (V): 12; Kuormitusraja 12V: 50A; V\u00e4ri vastaa alkuper\u00e4isosaa: Keltainen; V\u00e4ri: Musta; OE-numerolle: 90226846; Induktiivinen kuorma [A]: 46; Kapasitiivinen kuorma: 44; Ohmikuorma [A]: 50; Napojen m\u00e4\u00e4r\u00e4: 4; Kytkent\u00e4kaavio: S2; Yhdistelm\u00e4kytkintoiminto: Korkeateho-suljin; Pistokemallin tunnus: B3; L\u00e4mp\u00f6alue (\u00b0C): 80; MERCEDES-BENZ: C-CLASS W203,E-CLASS W211,C-CLASS W204,A-CLASS W169,B-CLASS W245,C-CLASS T-Model S204,C-CLASS T-Model S203,E-CLASS T-Model S211,E-CLASS W212,B-CLASS W246, W242,M-CLASS W164,C-CLASS Coupe CL203,M-CLASS W163,E-CLASS T-Model S212,GLK-CLASS X204,SLK R171,A-CLASS W176,CLK C209,S-CLASS W221,CLS C219,R-CLASS W251, V251,M-CLASS W166,G-CLASS W463,VITO Bus 638,E-CLASS Coupe C207,CLK Cabriolet A209,C-CLASS Coupe C204,E-CLASS Cabriolet A207,CLC-CLASS CL203,GL-CLASS X164,CLS C218,VITO Kasten 638,S-CLASS Coupe C216,CLS Shooting Brake X218,GL-CLASS X166,SL R231; OPEL: CORSA B 73_, 78_, 79_,VECTRA B 36_,ASTRA F CC 53_, 54_, 58_, 59_,OMEGA B Caravan 21_, 22_, 23_,OMEGA B 25_, 26_, 27_,VECTRA B Caravan 31_,ASTRA F Caravan 51_, 52_,VECTRA B CC 38_,VECTRA A 86_, 87_,ASTRA F 56_, 57_,KADETT E CC 33_, 34_, 43_, 44_,CORSA A CC 93_, 94_, 98_, 99_,VECTRA A CC 88_, 89_,COMBO 71_,CORSA A TR 91_, 92_, 96_, 97_,KADETT E 39_, 49_,CORSA B Kasten 73_,KADETT E Caravan 35_, 36_, 45_, 46_,CORSA B Kombi F35,ASTRA F Van 55_,CORSA A Kasten; 0025420219, 0025421519, 0025422619, 002542261928, 002542261964, 0025428719, 0025428819, A0025420219, A0025421519, A0025422619, A002542261928, A002542261964, A0025428719, A0025428819, 0025420219, 0025421519, 0025422619, 002542261928, 002542261964, 0025428719, 0025428819, A0025420219, A0025421519, A0025422619, A002542261928, A002542261964, A0025428719, A0025428819, 1238309, 1238612, 13500120, 5246350, 90226846, 9522061<\/p>\n","protected":false},"excerpt":{"rendered":"<p>HELLA Rele, Ty\u00f6virta 4RA 007 793-031  MERCEDES-BENZ,OPEL,C-CLASS W203,E-CLASS W211,C-CLASS W204,A-CLASS W169,B-CLASS W245,C-CLASS T-Model S204<\/p>\n","protected":false},"featured_media":0,"template":"","meta":{"site-sidebar-layout":"default","site-content-layout":"default","ast-global-header-display":"","ast-main-header-display":"","ast-hfb-above-header-display":"","ast-hfb-below-header-display":"","ast-hfb-mobile-header-display":"","site-post-title":"","ast-breadcrumbs-content":"","ast-featured-img":"","footer-sml-layout":"","theme-transparent-header-meta":"","adv-header-id-meta":"","stick-header-meta":"","header-above-stick-meta":"","header-main-stick-meta":"","header-below-stick-meta":""},"pwb-brand":[24],"product_cat":[37],"product_tag":[],"class_list":{"0":"post-27428","1":"product","2":"type-product","3":"status-publish","5":"pwb-brand-hella","6":"product_cat-muut-luokat","7":"desktop-align-left","8":"tablet-align-left","9":"mobile-align-left","11":"first","12":"instock","13":"product-type-external"},"brands":[{"id":24,"name":"HELLA","slug":"hella"}],"_links":{"self":[{"href":"https:\/\/www.autonvaraosahaku.fi\/index.php?rest_route=\/wp\/v2\/product\/27428","targetHints":{"allow":["GET"]}}],"collection":[{"href":"https:\/\/www.autonvaraosahaku.fi\/index.php?rest_route=\/wp\/v2\/product"}],"about":[{"href":"https:\/\/www.autonvaraosahaku.fi\/index.php?rest_route=\/wp\/v2\/types\/product"}],"wp:attachment":[{"href":"https:\/\/www.autonvaraosahaku.fi\/index.php?rest_route=%2Fwp%2Fv2%2Fmedia&parent=27428"}],"wp:term":[{"taxonomy":"pwb-brand","embeddable":true,"href":"https:\/\/www.autonvaraosahaku.fi\/index.php?rest_route=%2Fwp%2Fv2%2Fpwb-brand&post=27428"},{"taxonomy":"product_cat","embeddable":true,"href":"https:\/\/www.autonvaraosahaku.fi\/index.php?rest_route=%2Fwp%2Fv2%2Fproduct_cat&post=27428"},{"taxonomy":"product_tag","embeddable":true,"href":"https:\/\/www.autonvaraosahaku.fi\/index.php?rest_route=%2Fwp%2Fv2%2Fproduct_tag&post=27428"}],"curies":[{"name":"wp","href":"https:\/\/api.w.org\/{rel}","templated":true}]}}