{"id":27483,"date":"2021-02-21T15:05:08","date_gmt":"2021-02-21T15:05:08","guid":{"rendered":"https:\/\/www.autonvaraosahaku.fi\/?product=ridex-2412p0017-peruutustutka-anturit"},"modified":"2021-02-21T15:05:08","modified_gmt":"2021-02-21T15:05:08","slug":"ridex-2412p0017-peruutustutka-anturit","status":"publish","type":"product","link":"https:\/\/www.autonvaraosahaku.fi\/?product=ridex-2412p0017-peruutustutka-anturit","title":{"rendered":"RIDEX 2412P0017 Peruutustutka anturit"},"content":{"rendered":"<p>Asennuspuoli: Takana, Edess\u00e4, hinten; Pituus (mm): 33,5; Leveys (mm): 45; Korkeus (mm): 47; V\u00e4ri: Musta; Muoto: Kulmikas; Tunnistinmalli: Ultra\u00e4\u00e4nitunnistin; Lis\u00e4tarvike\/lis\u00e4tieto: Tiivisteill\u00e4; Liittimi\u00e4: 3; Kemialliset ominaisuudet: Maalattava; Kopan v\u00e4ri: Musta; Paino [kg]: 0,04; Pakkaussyvyys [cm]: 6,8, 3,35; VW: GOLF IV 1J1,GOLF V 1K1,TOURAN 1T1, 1T2,GOLF PLUS 5M1, 521,GOLF IV Variant 1J5,TOUAREG 7LA, 7L6, 7L7,GOLF V Variant 1K5,BORA 1J2,EOS 1F7, 1F8,NEW BEETLE 9C1, 1C1,PHAETON 3D_,BORA Kombi 1J6,TOUAREG 7P5,NEW BEETLE Cabriolet 1Y7,JETTA III 1K2; AUDI: Q7 4L; SKODA: OCTAVIA Combi 1Z5,FABIA Combi 6Y5,FABIA 6Y2,OCTAVIA Combi 1U5,OCTAVIA 1Z3,OCTAVIA 1U2,FABIA Stufenheck 6Y3,FABIA Praktik; SEAT: LEON 1P1,ALTEA 5P1,ALTEA XL 5P5, 5P8,TOLEDO III 5P2; 1J0919275, 1J0998275B, 1K0919275, 1U0919275, 1U0998275, 3D0998275A, 3D0919275D, 95560627500, 95560627501, 95560627505, 1J0919275, 1J0998275B, 1K0919275, 1U0919275, 1U0998275, 1U0998275A, 1U0998275B, 3D0998275A, 1J0919275, 1J0998275B, 1K0919275, 1U0919275, 1U0998275, 1U0998275A, 1U0998275B, 3D0998275A, 1J0919275, 1J0998275B, 1K0919275, 1U0919275, 1U0998275, 1U0998275A, 1U0998275B, 3D0919275D, 3D0998275A; Tunnistin, Et\u00e4isyystunnistin<\/p>\n","protected":false},"excerpt":{"rendered":"<p>RIDEX Peruutustutka Anturit 2412P0017 Tunnistin, Et\u00e4isyystunnistin VW,AUDI,SKODA,GOLF IV 1J1,GOLF V 1K1,TOURAN 1T1, 1T2,GOLF PLUS 5M1, 521<\/p>\n","protected":false},"featured_media":0,"template":"","meta":{"site-sidebar-layout":"default","site-content-layout":"default","ast-global-header-display":"","ast-main-header-display":"","ast-hfb-above-header-display":"","ast-hfb-below-header-display":"","ast-hfb-mobile-header-display":"","site-post-title":"","ast-breadcrumbs-content":"","ast-featured-img":"","footer-sml-layout":"","theme-transparent-header-meta":"","adv-header-id-meta":"","stick-header-meta":"","header-above-stick-meta":"","header-main-stick-meta":"","header-below-stick-meta":""},"pwb-brand":[157],"product_cat":[217],"product_tag":[],"class_list":{"0":"post-27483","1":"product","2":"type-product","3":"status-publish","5":"pwb-brand-ridex","6":"product_cat-peruutustutka-anturit","7":"desktop-align-left","8":"tablet-align-left","9":"mobile-align-left","11":"first","12":"instock","13":"product-type-external"},"brands":[{"id":157,"name":"RIDEX","slug":"ridex"}],"_links":{"self":[{"href":"https:\/\/www.autonvaraosahaku.fi\/index.php?rest_route=\/wp\/v2\/product\/27483","targetHints":{"allow":["GET"]}}],"collection":[{"href":"https:\/\/www.autonvaraosahaku.fi\/index.php?rest_route=\/wp\/v2\/product"}],"about":[{"href":"https:\/\/www.autonvaraosahaku.fi\/index.php?rest_route=\/wp\/v2\/types\/product"}],"wp:attachment":[{"href":"https:\/\/www.autonvaraosahaku.fi\/index.php?rest_route=%2Fwp%2Fv2%2Fmedia&parent=27483"}],"wp:term":[{"taxonomy":"pwb-brand","embeddable":true,"href":"https:\/\/www.autonvaraosahaku.fi\/index.php?rest_route=%2Fwp%2Fv2%2Fpwb-brand&post=27483"},{"taxonomy":"product_cat","embeddable":true,"href":"https:\/\/www.autonvaraosahaku.fi\/index.php?rest_route=%2Fwp%2Fv2%2Fproduct_cat&post=27483"},{"taxonomy":"product_tag","embeddable":true,"href":"https:\/\/www.autonvaraosahaku.fi\/index.php?rest_route=%2Fwp%2Fv2%2Fproduct_tag&post=27483"}],"curies":[{"name":"wp","href":"https:\/\/api.w.org\/{rel}","templated":true}]}}