{"id":27494,"date":"2021-02-21T15:05:08","date_gmt":"2021-02-21T15:05:08","guid":{"rendered":"https:\/\/www.autonvaraosahaku.fi\/?product=denso-dcrs210120-muut-luokat"},"modified":"2021-02-21T15:05:10","modified_gmt":"2021-02-21T15:05:10","slug":"denso-dcrs210120-muut-luokat","status":"publish","type":"product","link":"https:\/\/www.autonvaraosahaku.fi\/?product=denso-dcrs210120-muut-luokat","title":{"rendered":"DENSO DCRS210120 Muut luokat"},"content":{"rendered":"<p>Valmistaja rajaus: Toyota; Paino [g]: 200; Valmistusmaa: Japan; OPEL: VECTRA C Caravan,SIGNUM,VECTRA C,VECTRA C GTS; RENAULT: ESPACE IV JK0\/1_,VEL SATIS BJ0_; TOYOTA: RAV 4 II CLA2_, XA2_, ZCA2_, ACA2_,COROLLA ZZE12_, NDE12_, ZDE12_,AVENSIS _T22_,COROLLA Liftback _E11_,COROLLA Compact _E11_,AVENSIS Station Wagon _T22_,PREVIA MCR3_, ACR3_, CLR3_,LAND CRUISER KDJ12_, GRJ12_,AVENSIS Liftback _T22_,LAND CRUISER 90 _J9_,AVENSIS VERSO _CLM2_, _ACM2_,COROLLA _E11_,COROLLA Wagon __E11_; NISSAN: X-TRAIL T30,ALMERA TINO V10,ALMERA II Hatchback N16,PRIMERA Kombi WP12,PRIMERA P12,PRIMERA Hatchback P12,ALMERA Mk II N16; SAAB: 9-5 Kombi YS3E,9-5 YS3E; VAUXHALL: VECTRA Mk II C CC,VECTRA Mk II C Estate,VECTRA Mk II C,SIGNUM; 0422127010, 0422127012, 2256027012, 2257027011, 2257027012; Paineens\u00e4\u00e4t\u00f6venttiili, Common-Rail-J\u00e4rjestelm\u00e4<\/p>\n","protected":false},"excerpt":{"rendered":"<p>DENSO Polttoaineen Paineens\u00e4\u00e4din DCRS210120 Paineens\u00e4\u00e4t\u00f6venttiili, Common-Rail-J\u00e4rjestelm\u00e4 OPEL,RENAULT,TOYOTA,VECTRA C Caravan,SIGNUM,VECTRA C<\/p>\n","protected":false},"featured_media":0,"template":"","meta":{"site-sidebar-layout":"default","site-content-layout":"default","ast-global-header-display":"","ast-main-header-display":"","ast-hfb-above-header-display":"","ast-hfb-below-header-display":"","ast-hfb-mobile-header-display":"","site-post-title":"","ast-breadcrumbs-content":"","ast-featured-img":"","footer-sml-layout":"","theme-transparent-header-meta":"","adv-header-id-meta":"","stick-header-meta":"","header-above-stick-meta":"","header-main-stick-meta":"","header-below-stick-meta":""},"pwb-brand":[278],"product_cat":[37],"product_tag":[],"class_list":{"0":"post-27494","1":"product","2":"type-product","3":"status-publish","5":"pwb-brand-denso","6":"product_cat-muut-luokat","7":"desktop-align-left","8":"tablet-align-left","9":"mobile-align-left","11":"first","12":"instock","13":"product-type-external"},"brands":[{"id":278,"name":"DENSO","slug":"denso"}],"_links":{"self":[{"href":"https:\/\/www.autonvaraosahaku.fi\/index.php?rest_route=\/wp\/v2\/product\/27494","targetHints":{"allow":["GET"]}}],"collection":[{"href":"https:\/\/www.autonvaraosahaku.fi\/index.php?rest_route=\/wp\/v2\/product"}],"about":[{"href":"https:\/\/www.autonvaraosahaku.fi\/index.php?rest_route=\/wp\/v2\/types\/product"}],"wp:attachment":[{"href":"https:\/\/www.autonvaraosahaku.fi\/index.php?rest_route=%2Fwp%2Fv2%2Fmedia&parent=27494"}],"wp:term":[{"taxonomy":"pwb-brand","embeddable":true,"href":"https:\/\/www.autonvaraosahaku.fi\/index.php?rest_route=%2Fwp%2Fv2%2Fpwb-brand&post=27494"},{"taxonomy":"product_cat","embeddable":true,"href":"https:\/\/www.autonvaraosahaku.fi\/index.php?rest_route=%2Fwp%2Fv2%2Fproduct_cat&post=27494"},{"taxonomy":"product_tag","embeddable":true,"href":"https:\/\/www.autonvaraosahaku.fi\/index.php?rest_route=%2Fwp%2Fv2%2Fproduct_tag&post=27494"}],"curies":[{"name":"wp","href":"https:\/\/api.w.org\/{rel}","templated":true}]}}