{"id":27549,"date":"2021-02-21T15:05:20","date_gmt":"2021-02-21T15:05:20","guid":{"rendered":"https:\/\/www.autonvaraosahaku.fi\/?product=ridex-305p0056-moniurahihna"},"modified":"2021-02-21T15:05:22","modified_gmt":"2021-02-21T15:05:22","slug":"ridex-305p0056-moniurahihna","status":"publish","type":"product","link":"https:\/\/www.autonvaraosahaku.fi\/?product=ridex-305p0056-moniurahihna","title":{"rendered":"RIDEX 305P0056 Moniurahihna"},"content":{"rendered":"<p>Kiiloja: 6; Pituus (mm): 1070; Apulaitteet: Ilmakompressori, Ohjaustehostimen pumppu, Laturi; Leveys (mm): 21,36; Tarvittava kappalem\u00e4\u00e4r\u00e4: 1; Materiaali: EPDM (eteenipropeeni-dieeni-kumi); Varusteet: f\u00fcr Fahrzeuge mit Klimaanlage; VW: GOLF VI 5K1,PASSAT Variant 3C5,GOLF PLUS 5M1, 521,TRANSPORTER IV Bus 70XB, 70XC, 7DB, 7DW,LUPO 6X1, 6E1,PASSAT 3C2,POLO 6R, 6C,GOLF III 1H1,TIGUAN 5N_,PASSAT Variant 365,POLO 6N2,POLO 6N1,CADDY III Kombi 2KB, 2KJ, 2CB, 2CJ,TOURAN 1T3,FOX 5Z1, 5Z3,GOLF VI Variant AJ5,GOLF V Variant 1K5,CADDY III Kasten 2KA, 2KH, 2CA, 2CH,TRANSPORTER IV Kasten 70XA,EOS 1F7, 1F8,SCIROCCO 137, 138,PASSAT CC 357,SHARAN 7N1, 7N2,GOLF III Variant 1H5,JETTA III 1K2,CADDY II Kasten 9K9A,TRANSPORTER IV Pritsche\/Fahrgestell 70XD,POLO Variant 6KV5,PASSAT 362,POLO CLASSIC 6KV2,VENTO 1H2,CC 358,GOLF VI Cabriolet 517,BEETLE 5C1,JETTA IV 162, 163,PASSAT ALLTRACK 365,POLO Kasten 6NF,POLO Stufenheck 9A4,BEETLE Cabriolet 5C7,CADDY II Kombi 9K9B,CADDY II Pick-up 9U7,CADDY IV Kombi SAB, SAJ,CADDY IV Kasten SAA, SAH; AUDI: A3 8P1,A3 Sportback 8PA,TT 8J3,Q3 8U,A1 8X1, 8XF,A1 Sportback 8XA, 8XK,TT Roadster 8J9,A3 Cabriolet 8P7; SKODA: OCTAVIA Combi 1Z5,FABIA,FABIA Combi,ROOMSTER 5J,YETI 5L,SUPERB Kombi 3T5,OCTAVIA 1Z3,SUPERB 3T4,RAPID Spaceback NH1,ROOMSTER Praktik 5J,RAPID NH3,FELICIA I 6U1,FELICIA II 6U1,FELICIA I Fun 797,FELICIA I Kombi 6U5,FELICIA II Kombi 6U5; SEAT: LEON 1P1,IBIZA V 6J5, 6P5,ALTEA 5P1,AROSA 6H,ALTEA XL 5P5, 5P8,IBIZA V ST 6J8, 6P8,ALHAMBRA 710, 711,IBIZA II 6K1,IBIZA V SPORTCOUPE 6J1, 6P1,CORDOBA 6K1, 6K2,CORDOBA Vario 6K1,TOLEDO III 5P2,INCA 6K9,TOLEDO IV KG3; MERCEDES-BENZ: SLK R172,C-CLASS T-Model S205,C-CLASS W205,E-CLASS W213,GLC X253,E-CLASS T-Model S213,C-CLASS Coupe C205,GLC Coupe C253,SLC R172,C-CLASS Cabriolet A205,E-CLASS Coupe C238,E-CLASS Cabriolet A238; LANCIA: KAPPA 838A,KAPPA SW 838B,ZETA 220; BMW: 3 E90,3 Coupe E92,3 Cabriolet E93; FIAT: ULYSSE 220; CITRO\u00cbN: C2 JM_,C3 I FC_,C5 III Break TD_,C4 I LC_,DS3,C5 III RD_,C3 II,XSARA N1,C4 Coupe LA_,XSARA Break N2,C4 Grand Picasso II,C4 Picasso II,DS4,XSARA Coupe N0,DS5,EVASION 22, U6,C4 Stufenheck L,ZX N2,DS3 Cabriolet,ZX Break N2,C-ELYSEE,C4 CACTUS,JUMPY Kasten,SPACETOURER,C3 III SX,C3 AIRCROSS II,JUMPY,JUMPY Pritsche\/Fahrgestell; PEUGEOT: 207 WA_, WC_,307 SW 3H,307 CC 3B,307 3A\/C,308 SW,208,308 4A_, 4C_,5008,307 Break 3E,508 SW,306 Schr\u00e4gheck 7A, 7C, N3, N5,306 Cabriolet 7D, N3, N5,3008,406 Break 8E\/F,1007 KM_,2008,306 Break 7E, N3, N5,406 8B,806 221,508,306 7B, N3, N5,EXPERT Kasten 222,308 II,EXPERT 224,405 II 4B,405 II Break 4E,301,308 SW II,3008 SUV,EXPERT Kasten,5008 II,TRAVELLER; 03L903137G, 03L903137T, 11287838200, 575098, 5750K8, 5750PQ, 5750TE, 96533197, 9675874480, 9805463680, 9615208280, 46414859, 9615208280, 0039935396, A0039935396, MD165995, MD187463, 575098, 5750PP, 5750TE, 5750WZ, 9675874480, 9805463680, 5010359915, 030145933R, 030145933T, 03L903137, 03L903137T, 030145933G, 030145933R, 030145933T, 03L903137, 03L903137T, 030145933E, 030145933L, 030145933R, 030145933T, 030145966L, 03L903137, 03L903137G, 03L903137T<\/p>\n","protected":false},"excerpt":{"rendered":"<p>RIDEX Moniurahihna 305P0056  VW,AUDI,SKODA,GOLF VI 5K1,PASSAT Variant 3C5,GOLF PLUS 5M1, 521,TRANSPORTER IV Bus 70XB, 70XC, 7DB, 7DW,LUPO 6X1, 6E1<\/p>\n","protected":false},"featured_media":0,"template":"","meta":{"site-sidebar-layout":"default","site-content-layout":"default","ast-global-header-display":"","ast-main-header-display":"","ast-hfb-above-header-display":"","ast-hfb-below-header-display":"","ast-hfb-mobile-header-display":"","site-post-title":"","ast-breadcrumbs-content":"","ast-featured-img":"","footer-sml-layout":"","theme-transparent-header-meta":"","adv-header-id-meta":"","stick-header-meta":"","header-above-stick-meta":"","header-main-stick-meta":"","header-below-stick-meta":""},"pwb-brand":[157],"product_cat":[23],"product_tag":[],"class_list":{"0":"post-27549","1":"product","2":"type-product","3":"status-publish","5":"pwb-brand-ridex","6":"product_cat-moniurahihna","7":"desktop-align-left","8":"tablet-align-left","9":"mobile-align-left","11":"first","12":"instock","13":"product-type-external"},"brands":[{"id":157,"name":"RIDEX","slug":"ridex"}],"_links":{"self":[{"href":"https:\/\/www.autonvaraosahaku.fi\/index.php?rest_route=\/wp\/v2\/product\/27549","targetHints":{"allow":["GET"]}}],"collection":[{"href":"https:\/\/www.autonvaraosahaku.fi\/index.php?rest_route=\/wp\/v2\/product"}],"about":[{"href":"https:\/\/www.autonvaraosahaku.fi\/index.php?rest_route=\/wp\/v2\/types\/product"}],"wp:attachment":[{"href":"https:\/\/www.autonvaraosahaku.fi\/index.php?rest_route=%2Fwp%2Fv2%2Fmedia&parent=27549"}],"wp:term":[{"taxonomy":"pwb-brand","embeddable":true,"href":"https:\/\/www.autonvaraosahaku.fi\/index.php?rest_route=%2Fwp%2Fv2%2Fpwb-brand&post=27549"},{"taxonomy":"product_cat","embeddable":true,"href":"https:\/\/www.autonvaraosahaku.fi\/index.php?rest_route=%2Fwp%2Fv2%2Fproduct_cat&post=27549"},{"taxonomy":"product_tag","embeddable":true,"href":"https:\/\/www.autonvaraosahaku.fi\/index.php?rest_route=%2Fwp%2Fv2%2Fproduct_tag&post=27549"}],"curies":[{"name":"wp","href":"https:\/\/api.w.org\/{rel}","templated":true}]}}