{"id":27600,"date":"2021-02-21T15:05:32","date_gmt":"2021-02-21T15:05:32","guid":{"rendered":"https:\/\/www.autonvaraosahaku.fi\/?product=alkar-6471597-sivupeilin-lasi"},"modified":"2021-02-21T15:05:33","modified_gmt":"2021-02-21T15:05:33","slug":"alkar-6471597-sivupeilin-lasi","status":"publish","type":"product","link":"https:\/\/www.autonvaraosahaku.fi\/?product=alkar-6471597-sivupeilin-lasi","title":{"rendered":"ALKAR 6471597 Sivupeilin lasi"},"content":{"rendered":"<p>Asennuspuoli: Vasen; Laatu: ALKAR; Vain jnk. yhteydess\u00e4: OEM; Vasen \/ oikea liikenne: Ohjaus vasemmalla; Ulko-\/sis\u00e4peili: L\u00e4mmitetty, Asf\u00e4\u00e4rinen; Valmistusvuoteen: 04\/2004; VOLVO: V70 II SW,S60 I,S80 I TS, XY; 30744790, 9203118; Peililasi, Ulkopeili<\/p>\n","protected":false},"excerpt":{"rendered":"<p>ALKAR Sivupeilin Lasi 6471597 Peililasi, Ulkopeili VOLVO,V70 II SW,S60 I,S80 I TS, XY<\/p>\n","protected":false},"featured_media":0,"template":"","meta":{"site-sidebar-layout":"default","site-content-layout":"default","ast-global-header-display":"","ast-main-header-display":"","ast-hfb-above-header-display":"","ast-hfb-below-header-display":"","ast-hfb-mobile-header-display":"","site-post-title":"","ast-breadcrumbs-content":"","ast-featured-img":"","footer-sml-layout":"","theme-transparent-header-meta":"","adv-header-id-meta":"","stick-header-meta":"","header-above-stick-meta":"","header-main-stick-meta":"","header-below-stick-meta":""},"pwb-brand":[320],"product_cat":[196],"product_tag":[],"class_list":{"0":"post-27600","1":"product","2":"type-product","3":"status-publish","5":"pwb-brand-alkar","6":"product_cat-sivupeilin-lasi","7":"desktop-align-left","8":"tablet-align-left","9":"mobile-align-left","11":"first","12":"instock","13":"product-type-external"},"brands":[{"id":320,"name":"ALKAR","slug":"alkar"}],"_links":{"self":[{"href":"https:\/\/www.autonvaraosahaku.fi\/index.php?rest_route=\/wp\/v2\/product\/27600","targetHints":{"allow":["GET"]}}],"collection":[{"href":"https:\/\/www.autonvaraosahaku.fi\/index.php?rest_route=\/wp\/v2\/product"}],"about":[{"href":"https:\/\/www.autonvaraosahaku.fi\/index.php?rest_route=\/wp\/v2\/types\/product"}],"wp:attachment":[{"href":"https:\/\/www.autonvaraosahaku.fi\/index.php?rest_route=%2Fwp%2Fv2%2Fmedia&parent=27600"}],"wp:term":[{"taxonomy":"pwb-brand","embeddable":true,"href":"https:\/\/www.autonvaraosahaku.fi\/index.php?rest_route=%2Fwp%2Fv2%2Fpwb-brand&post=27600"},{"taxonomy":"product_cat","embeddable":true,"href":"https:\/\/www.autonvaraosahaku.fi\/index.php?rest_route=%2Fwp%2Fv2%2Fproduct_cat&post=27600"},{"taxonomy":"product_tag","embeddable":true,"href":"https:\/\/www.autonvaraosahaku.fi\/index.php?rest_route=%2Fwp%2Fv2%2Fproduct_tag&post=27600"}],"curies":[{"name":"wp","href":"https:\/\/api.w.org\/{rel}","templated":true}]}}