{"id":27602,"date":"2021-02-21T15:05:32","date_gmt":"2021-02-21T15:05:32","guid":{"rendered":"https:\/\/www.autonvaraosahaku.fi\/?product=swag-85-93-2479-pyoranpultit"},"modified":"2021-02-21T15:05:33","modified_gmt":"2021-02-21T15:05:33","slug":"swag-85-93-2479-pyoranpultit","status":"publish","type":"product","link":"https:\/\/www.autonvaraosahaku.fi\/?product=swag-85-93-2479-pyoranpultit","title":{"rendered":"SWAG 85 93 2479 Py\u00f6r\u00e4npultit"},"content":{"rendered":"<p>Paksuus [mm]: 18,0; Ulkol\u00e4pimitta [mm]: 23,0; Sis\u00e4kierre (mm): M12 x 1,5; Laatu \/ luokka: 10; Avainv\u00e4li: 19; Ruuvikanta\/mutteriprofiili: Kuusioruuvi \/-mutteri; Py\u00f6r\u00e4n kiinnitys: Kuula istukka A\/G; DIN \/ ISO: 74361; Materiaali: Ter\u00e4s; Pinta: Sinkitetty; Asennuspuoli: Etuakseli, Taka-akseli; Paino [kg]: 0,03; Huomioi huolto-ohjeet: , ; TECDOC-moottorinumero: 18257; HONDA: CIVIC VIII Hatchback FN, FK,JAZZ II GD,CIVIC VII Hatchback EU, EP, EV,JAZZ III GE,CIVIC VI Hatchback EJ, EK,ACCORD VI CG, CK,CIVIC IX FK,CRX III EH, EG,CIVIC V Hatchback EG,PRELUDE V BB,CIVIC VII Coupe EM2,ACCORD VI Hatchback CH,CIVIC VIII Stufenheck FD, FA,ACCORD VI Coupe CG,JAZZ Stufenheck,INSIGHT ZE_,CIVIC VI Stufenheck EJ, EK,PRELUDE IV BB,CIVIC VI Coupe EJ, EM1,CIVIC V Coupe EJ,CIVIC VII Stufenheck ES,PRELUDE III BA,ACCORD IV CB,CIVIC V Stufenheck EG, EH,ACCORD V Aerodeck CE,ACCORD V CC, CD,LEGEND III KA9,ACCORD V Coupe CD,CONCERTO HW,LEGEND II Coupe KA8,ACCORD IV Aerodeck CB,CONCERTO Stufenheck HWW,LEGEND II KA7,INSIGHT ZE,ACCORD IV Coupe CB, CC,CIVIC IX Tourer FK,CIVIC II Shuttle EE,CITY Stufenheck GD8\/GD9,INTEGRA DA,CIVIC X Schr\u00e4gheck FC_, FK,JAZZ IV GK,CIVIC X Stufenheck FC_,CIVIC X Coupe,CITY Stufenheck GM6; 90304SC2000, 90304SC2003, 90304SE0901, 90304SE0902, 90304SK3E50, 90381SL5901, 90381SM4A00, 90381SV1901; Py\u00f6r\u00e4n Mutteri<\/p>\n","protected":false},"excerpt":{"rendered":"<p>SWAG Py\u00f6r\u00e4nmutterit 85 93 2479 Py\u00f6r\u00e4n Mutteri HONDA,CIVIC VIII Hatchback FN, FK,JAZZ II GD,CIVIC VII Hatchback EU, EP, EV,JAZZ III GE<\/p>\n","protected":false},"featured_media":0,"template":"","meta":{"site-sidebar-layout":"default","site-content-layout":"default","ast-global-header-display":"","ast-main-header-display":"","ast-hfb-above-header-display":"","ast-hfb-below-header-display":"","ast-hfb-mobile-header-display":"","site-post-title":"","ast-breadcrumbs-content":"","ast-featured-img":"","footer-sml-layout":"","theme-transparent-header-meta":"","adv-header-id-meta":"","stick-header-meta":"","header-above-stick-meta":"","header-main-stick-meta":"","header-below-stick-meta":""},"pwb-brand":[103],"product_cat":[51],"product_tag":[],"class_list":{"0":"post-27602","1":"product","2":"type-product","3":"status-publish","5":"pwb-brand-swag","6":"product_cat-pyoranpultit","7":"desktop-align-left","8":"tablet-align-left","9":"mobile-align-left","11":"first","12":"instock","13":"product-type-external"},"brands":[{"id":103,"name":"SWAG","slug":"swag"}],"_links":{"self":[{"href":"https:\/\/www.autonvaraosahaku.fi\/index.php?rest_route=\/wp\/v2\/product\/27602","targetHints":{"allow":["GET"]}}],"collection":[{"href":"https:\/\/www.autonvaraosahaku.fi\/index.php?rest_route=\/wp\/v2\/product"}],"about":[{"href":"https:\/\/www.autonvaraosahaku.fi\/index.php?rest_route=\/wp\/v2\/types\/product"}],"wp:attachment":[{"href":"https:\/\/www.autonvaraosahaku.fi\/index.php?rest_route=%2Fwp%2Fv2%2Fmedia&parent=27602"}],"wp:term":[{"taxonomy":"pwb-brand","embeddable":true,"href":"https:\/\/www.autonvaraosahaku.fi\/index.php?rest_route=%2Fwp%2Fv2%2Fpwb-brand&post=27602"},{"taxonomy":"product_cat","embeddable":true,"href":"https:\/\/www.autonvaraosahaku.fi\/index.php?rest_route=%2Fwp%2Fv2%2Fproduct_cat&post=27602"},{"taxonomy":"product_tag","embeddable":true,"href":"https:\/\/www.autonvaraosahaku.fi\/index.php?rest_route=%2Fwp%2Fv2%2Fproduct_tag&post=27602"}],"curies":[{"name":"wp","href":"https:\/\/api.w.org\/{rel}","templated":true}]}}