{"id":27637,"date":"2021-02-21T15:05:36","date_gmt":"2021-02-21T15:05:36","guid":{"rendered":"https:\/\/www.autonvaraosahaku.fi\/?product=japanparts-fo-279s-oljynsuodatin"},"modified":"2021-02-21T15:05:39","modified_gmt":"2021-02-21T15:05:39","slug":"japanparts-fo-279s-oljynsuodatin","status":"publish","type":"product","link":"https:\/\/www.autonvaraosahaku.fi\/?product=japanparts-fo-279s-oljynsuodatin","title":{"rendered":"JAPANPARTS FO-279S \u00d6ljynsuodatin"},"content":{"rendered":"<p>Suodatintyyppi: Ruuvattava suodatin; Pituus (mm): 87,2; Ulkol\u00e4pimitta [mm]: 76,5; Asennusl\u00e4pimitta [mm]: 71,4; Sis\u00e4kierre (mm): 3\/4 x 16; Valmistusvuosi alkaen: 06\/1989; MAZDA: 121 III JASM, JBSM; JEEP: CHEROKEE KJ,WRANGLER II TJ; SUZUKI: SAMURAI SJ,SWIFT II Schr\u00e4gheck EA, MA,VITARA ET, TA,VITARA Cabrio ET, TA,ALTO HA11,X-90 EL,SWIFT II Stufenheck AH, AJ; LEXUS: RX MHU3_, GSU3_, MCU3_,IS I JCE1_, GXE1_,GS GRS19_, UZS19_, GWS19_,RX GYL1_, GGL15, AGL10,GS UZS161, JZS160,IS SportCross,RX MCU15,SC UZZ40_,GS JZS147,ES F1, F2; MINI: MINI R50, R53; SUBARU: JUSTY II JMA, MS; CHRYSLER: PT CRUISER PT_,VOYAGER IV RG, RS,VOYAGER III GS,GRAND VOYAGER V RT,SEBRING Cabriolet JR,STRATUS Cabriolet JX,PT CRUISER Cabriolet,SEBRING JR,VOYAGER II ES,NEON II,LE BARON Cabriolet,STRATUS JA,NEON PL,LE BARON Stufenheck; TOYOTA: YARIS SCP9_, NSP9_, KSP9_, NCP9_, ZSP9_,YARIS SCP1_, NLP1_, NCP1_,AURIS NRE15_, ZZE15_, ADE15_, ZRE15_, NDE15_,COROLLA ZZE12_, NDE12_, ZDE12_,YARIS VERSO _NLP2_, _NCP2_,COROLLA Kombi _E12J_, _E12T_,HILUX III Pick-up TGN1_, GGN2_, GGN1_, KUN2_, KUN1_,COROLLA Stufenheck _E12J_, _E12T_,LAND CRUISER 90 _J9_,SUPRA JZA70_, GA70_, MA70,LAND CRUISER PZJ7_, KZJ7_, HZJ7_, BJ7_, LJ7_, RJ7_,SUPRA JZA80,PREVIA TCR2_, TCR1_,LAND CRUISER 150 KDJ15_, GRJ15_,HILUX VI Pick-up _N1_,CAMRY MCV3_, ACV3_, _XV3_,CAMRY _CV2_, _XV2_,HILUX V Pick-up LN_, KZN1_, VZN1_,4 RUNNER RN10_, VZN13_, VZN10_, RN13_,HIACE IV Bus LH1_,HIACE IV Kasten LXH1_, RZH1_, LH1_,HIACE III Wagon LH1_, RZH1_,HILUX IV Pick-up _N5_, _N6_,CAMRY _V2_,HIACE III Kasten YH7_, LH6_, LH7_, LH5_, YH5_, YH6_,4 RUNNER RN5_, LN5_, VZN6_, RN7_, RN6_,CAMRY Station Wagon _V2_,HILUX Pick-up GUN1_; DR: DR 1; CHERY: A1; 473H1012010, 4105409, 4105409AC, 710011009, 1E0314302, 1E0514302, 1651060B10, 1651060B11, 1651060B11000, 1651085C00, 16510A60B00, 16510A83000, 1560125010, 1560176009, 9091503002, 9091520001, 9091520003, 909153002, 9091540001, 90915TB001, 90915YZZD2, 90915YZZD4, 90915YZZJ3<\/p>\n","protected":false},"excerpt":{"rendered":"<p>JAPANPARTS \u00d6ljynsuodatin FO-279S  MAZDA,JEEP,SUZUKI,121 III JASM, JBSM,CHEROKEE KJ,WRANGLER II TJ,SAMURAI SJ,SWIFT II Schr\u00e4gheck EA, MA,VITARA ET, TA<\/p>\n","protected":false},"featured_media":0,"template":"","meta":{"site-sidebar-layout":"default","site-content-layout":"default","ast-global-header-display":"","ast-main-header-display":"","ast-hfb-above-header-display":"","ast-hfb-below-header-display":"","ast-hfb-mobile-header-display":"","site-post-title":"","ast-breadcrumbs-content":"","ast-featured-img":"","footer-sml-layout":"","theme-transparent-header-meta":"","adv-header-id-meta":"","stick-header-meta":"","header-above-stick-meta":"","header-main-stick-meta":"","header-below-stick-meta":""},"pwb-brand":[334],"product_cat":[30],"product_tag":[],"class_list":{"0":"post-27637","1":"product","2":"type-product","3":"status-publish","5":"pwb-brand-japanparts","6":"product_cat-oljynsuodatin","7":"desktop-align-left","8":"tablet-align-left","9":"mobile-align-left","11":"first","12":"instock","13":"product-type-external"},"brands":[{"id":334,"name":"JAPANPARTS","slug":"japanparts"}],"_links":{"self":[{"href":"https:\/\/www.autonvaraosahaku.fi\/index.php?rest_route=\/wp\/v2\/product\/27637","targetHints":{"allow":["GET"]}}],"collection":[{"href":"https:\/\/www.autonvaraosahaku.fi\/index.php?rest_route=\/wp\/v2\/product"}],"about":[{"href":"https:\/\/www.autonvaraosahaku.fi\/index.php?rest_route=\/wp\/v2\/types\/product"}],"wp:attachment":[{"href":"https:\/\/www.autonvaraosahaku.fi\/index.php?rest_route=%2Fwp%2Fv2%2Fmedia&parent=27637"}],"wp:term":[{"taxonomy":"pwb-brand","embeddable":true,"href":"https:\/\/www.autonvaraosahaku.fi\/index.php?rest_route=%2Fwp%2Fv2%2Fpwb-brand&post=27637"},{"taxonomy":"product_cat","embeddable":true,"href":"https:\/\/www.autonvaraosahaku.fi\/index.php?rest_route=%2Fwp%2Fv2%2Fproduct_cat&post=27637"},{"taxonomy":"product_tag","embeddable":true,"href":"https:\/\/www.autonvaraosahaku.fi\/index.php?rest_route=%2Fwp%2Fv2%2Fproduct_tag&post=27637"}],"curies":[{"name":"wp","href":"https:\/\/api.w.org\/{rel}","templated":true}]}}