{"id":27659,"date":"2021-02-21T15:05:44","date_gmt":"2021-02-21T15:05:44","guid":{"rendered":"https:\/\/www.autonvaraosahaku.fi\/?product=dolz-kd016-vesipumppu-jakohihnasarja"},"modified":"2021-02-21T15:05:44","modified_gmt":"2021-02-21T15:05:44","slug":"dolz-kd016-vesipumppu-jakohihnasarja","status":"publish","type":"product","link":"https:\/\/www.autonvaraosahaku.fi\/?product=dolz-kd016-vesipumppu-jakohihnasarja","title":{"rendered":"DOLZ KD016 Vesipumppu + jakohihnasarja"},"content":{"rendered":"<p>Hammasluku: 137; Leveys (mm): 25,0; Hihnojen m\u00e4\u00e4r\u00e4: 1; tuotenumerolle: C129; Valmistusvuoteen: 01\/2009; MAZDA: 3 BK,3 Stufenheck BK; VOLVO: V50 MW,S40 II MS; FORD: FIESTA V JH_, JD_,FOCUS II Kombi DA_,FOCUS II DA_,FOCUS C-MAX,FUSION JU_,FOCUS II Stufenheck DA_; FIAT: SCUDO 270_; CITRO\u00cbN: BERLINGO MF,XSARA PICASSO N68,C3 I FC_,BERLINGO B9,C5 III Break TD_,C4 Picasso I UD_,C4 Grand Picasso I UA_,C4 I LC_,BERLINGO Kasten M_,C5 II Break RE_,C5 III RD_,C4 Coupe LA_,C5 II RC_,BERLINGO Kasten B9; PEUGEOT: 206 Schr\u00e4gheck 2A\/C,206 CC 2D,207 WA_, WC_,207 CC WD_,407 SW 6E_,307 3A\/C,207 SW WK_,206 SW 2E\/K,307 Break 3E,407 6D_,PARTNER Tepee,1007 KM_,PARTNER Combispace 5F,PARTNER Kasten 5,PARTNER Kasten<\/p>\n","protected":false},"excerpt":{"rendered":"<p>DOLZ Vesipumppu + Jakohihnasarja KD016  MAZDA,VOLVO,FORD,3 BK,3 Stufenheck BK,V50 MW,S40 II MS,FIESTA V JH_, JD_,FOCUS II Kombi DA_,FOCUS II DA_<\/p>\n","protected":false},"featured_media":0,"template":"","meta":{"site-sidebar-layout":"default","site-content-layout":"default","ast-global-header-display":"","ast-main-header-display":"","ast-hfb-above-header-display":"","ast-hfb-below-header-display":"","ast-hfb-mobile-header-display":"","site-post-title":"","ast-breadcrumbs-content":"","ast-featured-img":"","footer-sml-layout":"","theme-transparent-header-meta":"","adv-header-id-meta":"","stick-header-meta":"","header-above-stick-meta":"","header-main-stick-meta":"","header-below-stick-meta":""},"pwb-brand":[265],"product_cat":[321],"product_tag":[],"class_list":{"0":"post-27659","1":"product","2":"type-product","3":"status-publish","5":"pwb-brand-dolz","6":"product_cat-vesipumppu-jakohihnasarja","7":"desktop-align-left","8":"tablet-align-left","9":"mobile-align-left","11":"first","12":"instock","13":"product-type-external"},"brands":[{"id":265,"name":"DOLZ","slug":"dolz"}],"_links":{"self":[{"href":"https:\/\/www.autonvaraosahaku.fi\/index.php?rest_route=\/wp\/v2\/product\/27659","targetHints":{"allow":["GET"]}}],"collection":[{"href":"https:\/\/www.autonvaraosahaku.fi\/index.php?rest_route=\/wp\/v2\/product"}],"about":[{"href":"https:\/\/www.autonvaraosahaku.fi\/index.php?rest_route=\/wp\/v2\/types\/product"}],"wp:attachment":[{"href":"https:\/\/www.autonvaraosahaku.fi\/index.php?rest_route=%2Fwp%2Fv2%2Fmedia&parent=27659"}],"wp:term":[{"taxonomy":"pwb-brand","embeddable":true,"href":"https:\/\/www.autonvaraosahaku.fi\/index.php?rest_route=%2Fwp%2Fv2%2Fpwb-brand&post=27659"},{"taxonomy":"product_cat","embeddable":true,"href":"https:\/\/www.autonvaraosahaku.fi\/index.php?rest_route=%2Fwp%2Fv2%2Fproduct_cat&post=27659"},{"taxonomy":"product_tag","embeddable":true,"href":"https:\/\/www.autonvaraosahaku.fi\/index.php?rest_route=%2Fwp%2Fv2%2Fproduct_tag&post=27659"}],"curies":[{"name":"wp","href":"https:\/\/api.w.org\/{rel}","templated":true}]}}