{"id":27678,"date":"2021-02-21T15:05:44","date_gmt":"2021-02-21T15:05:44","guid":{"rendered":"https:\/\/www.autonvaraosahaku.fi\/?product=hella-4ra-007-791-011-muut-luokat"},"modified":"2021-02-21T15:05:47","modified_gmt":"2021-02-21T15:05:47","slug":"hella-4ra-007-791-011-muut-luokat","status":"publish","type":"product","link":"https:\/\/www.autonvaraosahaku.fi\/?product=hella-4ra-007-791-011-muut-luokat","title":{"rendered":"HELLA 4RA 007 791-011 Muut luokat"},"content":{"rendered":"<p>Korvaava tuote\/korvaava tiedote 2: Vastuksella; Lis\u00e4tarvike\/lis\u00e4tieto: Ilman pidikett\u00e4; Suojausmalli (IP-koodi): 54; Nimellisj\u00e4nnite (V): 12; Kuormitusraja 12V: 40A; V\u00e4ri: Musta; OE-numerolle: 13171831; Induktiivinen kuorma [A]: 35; Kapasitiivinen kuorma: 30; Ohmikuorma [A]: 40; Napojen m\u00e4\u00e4r\u00e4: 4; Kytkent\u00e4kaavio: S2; Yhdistelm\u00e4kytkintoiminto: Sulkija; Pistokemallin tunnus: B; L\u00e4mp\u00f6alue (\u00b0C): 80; Reletoiminto: Mukavuusvarusteet, Pys\u00e4k\u00f6intitutka, ABS, L\u00e4hivalo, Kaukovalot, Takaikkuna l\u00e4mmitetty, ESP, Ikkunamekanismi, K\u00e4ynnistin, \u00c4\u00e4nitorvi, Ilmastointilaite, Valokatkaisija, Puhallin, l\u00e4mmitys-\/ilmastointilaite, Sis\u00e4ilmapuhallin, Napa 15, P\u00e4iv\u00e4ajovalo, Kattohydrauliikka, Keskuslukitus, ABS-palautuspumppu, Ulkopeilin s\u00e4\u00e4t\u00f6, L\u00e4mmitett\u00e4va ulkopeili, S\u00e4hk\u00f6-lis\u00e4l\u00e4mmitys, Sis\u00e4valaistus, Napa 15R, Napa 87, Polttoainepumppu, Lambdasondi, Puhallin, moottorij\u00e4\u00e4hdytys, Sumuvalonheitin, Lasinpyyhkij\u00e4, Pyyhkij\u00e4n lepoaseman l\u00e4mmitys, Kattoluukku, Toisioilmaj\u00e4rjestelm\u00e4, Istuinl\u00e4mmitys; MERCEDES-BENZ: C-CLASS W203,E-CLASS W211,C-CLASS W204,A-CLASS W169,A-CLASS W168,B-CLASS W245,C-CLASS T-Model S204,C-CLASS T-Model S203,C-CLASS W202,E-CLASS T-Model S211,SLK R170,E-CLASS W210,E-CLASS W212,B-CLASS W246, W242,M-CLASS W164,C-CLASS Coupe CL203,E-CLASS T-Model S212,GLK-CLASS X204,E-CLASS Kombi S210,SLK R171,CLK C208,A-CLASS W176,SL R129,CLK C209,C-CLASS Kombi S202,S-CLASS W220,S-CLASS W221,CLS C219,VANEO 414,SL R230,R-CLASS W251, V251,M-CLASS W166,G-CLASS W463,E-CLASS Coupe C207,CLK Cabriolet A208,CLK Cabriolet A209,C-CLASS Coupe C204,E-CLASS Cabriolet A207,CLC-CLASS CL203,GL-CLASS X164,CLS C218,S-CLASS Coupe C215,S-CLASS Coupe C216,CLS Shooting Brake X218,GL-CLASS X166,SL R231,G-CLASS Cabrio W463,SLR R199,SLR ROADSTER R199; OPEL: ZAFIRA A F75_,ASTRA G CC F48_, F08_,ASTRA G Caravan F35_,VECTRA C,VECTRA C GTS,ASTRA G Cabriolet F67,ASTRA G Coupe F07_,ASTRA G Stufenheck F69_,ASTRA G Kasten F70,ASTRA G CLASSIC Stufenheck T98; SMART: FORTWO Coupe 451,FORTWO Cabrio 451; 3781960, 1238279, 13171831, 13500118, 24438887, 6238626, 6238640, 02JLM21842, 02LHF6703AA, 02JLM21842, 0025421319, 0025427219, 0025428019, 0025451319, A0025421319, A0025427219, A0025428019, A0025451319, 1238279, 13171831, 13500118, 24438887, 6238626, 6238640, 0025421319, 0025427219, 0025428019, 0025451319, A0025421319, A0025427219, A0025428019, A0025451319, 11806280, VOE11806280<\/p>\n","protected":false},"excerpt":{"rendered":"<p>HELLA Rele, Ty\u00f6virta 4RA 007 791-011  MERCEDES-BENZ,OPEL,SMART,C-CLASS W203,E-CLASS W211,C-CLASS W204,A-CLASS W169,A-CLASS W168,B-CLASS W245<\/p>\n","protected":false},"featured_media":0,"template":"","meta":{"site-sidebar-layout":"default","site-content-layout":"default","ast-global-header-display":"","ast-main-header-display":"","ast-hfb-above-header-display":"","ast-hfb-below-header-display":"","ast-hfb-mobile-header-display":"","site-post-title":"","ast-breadcrumbs-content":"","ast-featured-img":"","footer-sml-layout":"","theme-transparent-header-meta":"","adv-header-id-meta":"","stick-header-meta":"","header-above-stick-meta":"","header-main-stick-meta":"","header-below-stick-meta":""},"pwb-brand":[24],"product_cat":[37],"product_tag":[],"class_list":{"0":"post-27678","1":"product","2":"type-product","3":"status-publish","5":"pwb-brand-hella","6":"product_cat-muut-luokat","7":"desktop-align-left","8":"tablet-align-left","9":"mobile-align-left","11":"first","12":"instock","13":"product-type-external"},"brands":[{"id":24,"name":"HELLA","slug":"hella"}],"_links":{"self":[{"href":"https:\/\/www.autonvaraosahaku.fi\/index.php?rest_route=\/wp\/v2\/product\/27678","targetHints":{"allow":["GET"]}}],"collection":[{"href":"https:\/\/www.autonvaraosahaku.fi\/index.php?rest_route=\/wp\/v2\/product"}],"about":[{"href":"https:\/\/www.autonvaraosahaku.fi\/index.php?rest_route=\/wp\/v2\/types\/product"}],"wp:attachment":[{"href":"https:\/\/www.autonvaraosahaku.fi\/index.php?rest_route=%2Fwp%2Fv2%2Fmedia&parent=27678"}],"wp:term":[{"taxonomy":"pwb-brand","embeddable":true,"href":"https:\/\/www.autonvaraosahaku.fi\/index.php?rest_route=%2Fwp%2Fv2%2Fpwb-brand&post=27678"},{"taxonomy":"product_cat","embeddable":true,"href":"https:\/\/www.autonvaraosahaku.fi\/index.php?rest_route=%2Fwp%2Fv2%2Fproduct_cat&post=27678"},{"taxonomy":"product_tag","embeddable":true,"href":"https:\/\/www.autonvaraosahaku.fi\/index.php?rest_route=%2Fwp%2Fv2%2Fproduct_tag&post=27678"}],"curies":[{"name":"wp","href":"https:\/\/api.w.org\/{rel}","templated":true}]}}